{"id":3493,"date":"2017-05-24T13:03:40","date_gmt":"2017-05-24T11:03:40","guid":{"rendered":"https:\/\/garciadeoteyza.srvcactus.com\/perdita-del-campo-visivo\/"},"modified":"2023-02-09T03:08:09","modified_gmt":"2023-02-09T02:08:09","slug":"perdita-del-campo-visivo","status":"publish","type":"page","link":"https:\/\/garciadeoteyza.srvcactus.com\/it\/perdita-del-campo-visivo\/","title":{"rendered":"PERDITA DEL CAMPO VISIVO"},"content":{"rendered":"<p><div class=\"et_d4_element et_pb_section et_pb_section_0 seccion1_general test  et_pb_css_mix_blend_mode et_section_regular et_block_section\" >\n\t\t\t\t\n\t\t\t\t\n\t\t\t\t\n\t\t\t\t\n\t\t\t\t\n\t\t\t\t\n\t\t\t\t<div class=\"et_d4_element et_pb_row et_pb_row_0  et_pb_css_mix_blend_mode et_block_row\">\n\t\t\t\t<div class=\"et_d4_element et_pb_column_4_4 et_pb_column et_pb_column_0  et_pb_css_mix_blend_mode et-last-child et_block_column\">\n\t\t\t\t\n\t\t\t\t\n\t\t\t\t\n\t\t\t\t\n\t\t\t\t<div class=\"et_pb_module et_d4_element et_pb_text et_pb_text_0  et_pb_text_align_left et_pb_bg_layout_light\">\n\t\t\t\t\n\t\t\t\t\n\t\t\t\t\n\t\t\t\t\n\t\t\t\t<div class=\"et_pb_text_inner\"><h1>PERDITA DEL CAMPO VISIVO<\/h1><\/div>\n\t\t\t<\/div>\n\t\t\t<\/div>\n\t\t\t\t\n\t\t\t\t\n\t\t\t\t\n\t\t\t\t\n\t\t\t<\/div>\n\t\t\t\t\n\t\t\t\t\n\t\t\t<\/div><div class=\"et_d4_element et_pb_section et_pb_section_1  et_pb_css_mix_blend_mode et_section_regular et_block_section\" >\n\t\t\t\t\n\t\t\t\t\n\t\t\t\t\n\t\t\t\t\n\t\t\t\t\n\t\t\t\t\n\t\t\t\t<div class=\"et_d4_element et_pb_row et_pb_row_1  et_pb_css_mix_blend_mode et_block_row\">\n\t\t\t\t<div class=\"et_d4_element et_pb_column_4_4 et_pb_column et_pb_column_1  et_pb_css_mix_blend_mode et-last-child et_block_column\">\n\t\t\t\t\n\t\t\t\t\n\t\t\t\t\n\t\t\t\t\n\t\t\t\t<div class=\"et_pb_module et_d4_element et_pb_text et_pb_text_1  et_pb_text_align_left et_pb_bg_layout_light\">\n\t\t\t\t\n\t\t\t\t\n\t\t\t\t\n\t\t\t\t\n\t\t\t\t<div class=\"et_pb_text_inner\"><h4>PERDITA DEL CAMPO VISIVO<\/h4>\n<p><span style=\"font-weight: 400;\">Il campo visivo \u00e8 l\u2019area dello spazio in cui vediamo ci\u00f2 che ci circonda. Quest\u2019area ha dei limiti: nasale, temporale, superiore ed inferiore e la larghezza di questo campo visivo ci indica lo stato di salute sia del nervo ottico che del tratto ottico, dall\u2019occhio fino alle aree visive del cervello, piazzate nell\u2019area occipitale.<\/span> <span style=\"font-weight: 400;\">QUALI PATOLOGIE POSSONO PRODURRE UNA PERDITA DEL CAMPO VISIVO?<\/span> <span style=\"font-weight: 400;\">Il campo visivo pu\u00f2 essere interessato dovuto a tante malattie neurologiche, del nervo ottico, e persino retiniche come, ad esempio, la retinite pigmentosa. <\/span> <span style=\"font-weight: 400;\">In modo particolare, una perdita del campo visivo accade nel glaucoma. Il glaucoma \u00e8 una neuropatia ottica che ha luogo soprattutto (ma non obbligatoriamente) dovuto ad un incremento della pressione intraoculare. Questo aumento della tensione pu\u00f2 danneggiare lo strato delle fibre nervose, e quindi, il nervo ottico causando un disturbo del campo visivo il quale subisce un deterioro progressivo riducendosi in maniera concentrica e portando alla cecit\u00e0.<\/span><\/p><\/div>\n\t\t\t<\/div>\n\t\t\t<\/div>\n\t\t\t\t\n\t\t\t\t\n\t\t\t\t\n\t\t\t\t\n\t\t\t<\/div><div class=\"et_d4_element et_pb_row et_pb_row_2  et_pb_css_mix_blend_mode et_block_row\">\n\t\t\t\t<div class=\"et_d4_element et_pb_column_4_4 et_pb_column et_pb_column_2  et_pb_css_mix_blend_mode et-last-child et_block_column\">\n\t\t\t\t\n\t\t\t\t\n\t\t\t\t\n\t\t\t\t\n\t\t\t\t<div class=\"et_pb_module et_d4_element et_pb_image et_pb_image_0 et_animated et-waypoint\">\n\t\t\t\t\n\t\t\t\t\n\t\t\t\t\n\t\t\t\t\n\t\t\t\t<span class=\"et_pb_image_wrap \"><img loading=\"lazy\" decoding=\"async\" width=\"2480\" height=\"2483\" src=\"https:\/\/garciadeoteyza.srvcactus.com\/wp-content\/uploads\/2023\/01\/Perdida-de-campo.png\" alt=\"\" title=\"Perdida de campo\" srcset=\"https:\/\/garciadeoteyza.srvcactus.com\/wp-content\/uploads\/2023\/01\/Perdida-de-campo.png 2480w, https:\/\/garciadeoteyza.srvcactus.com\/wp-content\/uploads\/2023\/01\/Perdida-de-campo-1280x1282.png 1280w, https:\/\/garciadeoteyza.srvcactus.com\/wp-content\/uploads\/2023\/01\/Perdida-de-campo-980x981.png 980w, https:\/\/garciadeoteyza.srvcactus.com\/wp-content\/uploads\/2023\/01\/Perdida-de-campo-480x481.png 480w\" sizes=\"(min-width: 0px) and (max-width: 480px) 480px, (min-width: 481px) and (max-width: 980px) 980px, (min-width: 981px) and (max-width: 1280px) 1280px, (min-width: 1281px) 2480px, 100vw\" class=\"wp-image-6788\" \/><\/span>\n\t\t\t<\/div>\n\t\t\t<\/div>\n\t\t\t\t\n\t\t\t\t\n\t\t\t\t\n\t\t\t\t\n\t\t\t<\/div><div class=\"et_d4_element et_pb_row et_pb_row_3  et_pb_css_mix_blend_mode et_block_row\">\n\t\t\t\t<div class=\"et_d4_element et_pb_column_4_4 et_pb_column et_pb_column_3  et_pb_css_mix_blend_mode et-last-child et_block_column\">\n\t\t\t\t\n\t\t\t\t\n\t\t\t\t\n\t\t\t\t\n\t\t\t\t<div class=\"et_pb_module et_d4_element et_pb_text et_pb_text_2  et_pb_text_align_left et_pb_bg_layout_light\">\n\t\t\t\t\n\t\t\t\t\n\t\t\t\t\n\t\t\t\t\n\t\t\t\t<div class=\"et_pb_text_inner\"><h4>COSA FARE SE AVVERTITE UNA PERDITA DEL CAMPO VISIVO?<\/h4>\n<p><span style=\"font-weight: 400;\">Dinanzi ad una perdita del campo visivo, \u00e8 indispensabile una vista al pi\u00f9 presto con l\u2019oftalmologo. Spesso la perdita del campo visivo \u00e8 molto lenta e silente, ed \u00e8 per questo che si consiglia una visita a partire dai 40 anni, affinch\u00e9 verificare lo stato della pressione, il nervo ottico e la retina. <\/span> <span style=\"font-weight: 400;\">La prevenzione \u00e8 la migliore arma per lottare contro il glaucoma poich\u00e9 esistono trattamenti efficaci affinch\u00e9 ridurre la pressione intraoculare soprattutto se il problema viene colto con prontezza.<\/span><\/p><\/div>\n\t\t\t<\/div>\n\t\t\t<\/div>\n\t\t\t\t\n\t\t\t\t\n\t\t\t\t\n\t\t\t\t\n\t\t\t<\/div>\n\t\t\t\t\n\t\t\t\t\n\t\t\t<\/div><\/p>\n","protected":false},"excerpt":{"rendered":"","protected":false},"author":1,"featured_media":0,"parent":0,"menu_order":0,"comment_status":"closed","ping_status":"closed","template":"","meta":{"_acf_changed":false,"_et_pb_use_builder":"on","_et_pb_old_content":"","_et_gb_content_width":"","footnotes":""},"class_list":["post-3493","page","type-page","status-publish","hentry"],"acf":[],"dsm_author":{"name":"vayawebs","avatar_url":"https:\/\/secure.gravatar.com\/avatar\/82c5a2f2db86b43a5b2705caddbdce70b2548d393c9107854cbd99403e987108?s=96&d=mm&r=g","archive_link":"https:\/\/garciadeoteyza.srvcactus.com\/it\/author\/vayawebs\/","biodata":""},"dsm_categories":[],"dsm_attachment_categories":[],"dsm_featured_image":null,"yoast_head":"<!-- This site is optimized with the Yoast SEO plugin v27.2 - https:\/\/yoast.com\/product\/yoast-seo-wordpress\/ -->\n<title>PERDITA DEL CAMPO VISIVO - Garc\u00eda de Oteyza<\/title>\n<meta name=\"description\" content=\"\u00bfHas notado una p\u00e9rdida de tu campo visual? Si es as\u00ed, te interesar\u00e1 saber cual es la causa m\u00e1s frecuentemente relacionada.\" \/>\n<meta name=\"robots\" content=\"index, follow, max-snippet:-1, max-image-preview:large, max-video-preview:-1\" \/>\n<link rel=\"canonical\" href=\"https:\/\/garciadeoteyza.srvcactus.com\/perdida-de-campo-visual\/\" \/>\n<meta property=\"og:locale\" content=\"it_IT\" \/>\n<meta property=\"og:type\" content=\"article\" \/>\n<meta property=\"og:title\" content=\"PERDITA DEL CAMPO VISIVO - Garc\u00eda de Oteyza\" \/>\n<meta property=\"og:description\" content=\"\u00bfHas notado una p\u00e9rdida de tu campo visual? Si es as\u00ed, te interesar\u00e1 saber cual es la causa m\u00e1s frecuentemente relacionada.\" \/>\n<meta property=\"og:url\" content=\"https:\/\/garciadeoteyza.srvcactus.com\/perdida-de-campo-visual\/\" \/>\n<meta property=\"og:site_name\" content=\"Garc\u00eda de Oteyza\" \/>\n<meta property=\"article:publisher\" content=\"https:\/\/www.facebook.com\/garciadeoteyza\/\" \/>\n<meta property=\"article:modified_time\" content=\"2023-02-09T02:08:09+00:00\" \/>\n<meta name=\"twitter:card\" content=\"summary_large_image\" \/>\n<meta name=\"twitter:label1\" content=\"Tempo di lettura stimato\" \/>\n\t<meta name=\"twitter:data1\" content=\"3 minuti\" \/>\n<script type=\"application\/ld+json\" class=\"yoast-schema-graph\">{\"@context\":\"https:\/\/schema.org\",\"@graph\":[{\"@type\":\"WebPage\",\"@id\":\"https:\/\/garciadeoteyza.srvcactus.com\/perdida-de-campo-visual\/\",\"url\":\"https:\/\/garciadeoteyza.srvcactus.com\/perdida-de-campo-visual\/\",\"name\":\"PERDITA DEL CAMPO VISIVO - Garc\u00eda de Oteyza\",\"isPartOf\":{\"@id\":\"https:\/\/garciadeoteyza.srvcactus.com\/it\/#website\"},\"datePublished\":\"2017-05-24T11:03:40+00:00\",\"dateModified\":\"2023-02-09T02:08:09+00:00\",\"description\":\"\u00bfHas notado una p\u00e9rdida de tu campo visual? Si es as\u00ed, te interesar\u00e1 saber cual es la causa m\u00e1s frecuentemente relacionada.\",\"breadcrumb\":{\"@id\":\"https:\/\/garciadeoteyza.srvcactus.com\/perdida-de-campo-visual\/#breadcrumb\"},\"inLanguage\":\"it-IT\",\"potentialAction\":[{\"@type\":\"ReadAction\",\"target\":[\"https:\/\/garciadeoteyza.srvcactus.com\/perdida-de-campo-visual\/\"]}]},{\"@type\":\"BreadcrumbList\",\"@id\":\"https:\/\/garciadeoteyza.srvcactus.com\/perdida-de-campo-visual\/#breadcrumb\",\"itemListElement\":[{\"@type\":\"ListItem\",\"position\":1,\"name\":\"Home\",\"item\":\"https:\/\/garciadeoteyza.srvcactus.com\/\"},{\"@type\":\"ListItem\",\"position\":2,\"name\":\"PERDITA DEL CAMPO VISIVO\"}]},{\"@type\":\"WebSite\",\"@id\":\"https:\/\/garciadeoteyza.srvcactus.com\/it\/#website\",\"url\":\"https:\/\/garciadeoteyza.srvcactus.com\/it\/\",\"name\":\"Garc\u00eda de Oteyza\",\"description\":\"Oftalmog\u00eda\",\"publisher\":{\"@id\":\"https:\/\/garciadeoteyza.srvcactus.com\/it\/#organization\"},\"potentialAction\":[{\"@type\":\"SearchAction\",\"target\":{\"@type\":\"EntryPoint\",\"urlTemplate\":\"https:\/\/garciadeoteyza.srvcactus.com\/it\/?s={search_term_string}\"},\"query-input\":{\"@type\":\"PropertyValueSpecification\",\"valueRequired\":true,\"valueName\":\"search_term_string\"}}],\"inLanguage\":\"it-IT\"},{\"@type\":\"Organization\",\"@id\":\"https:\/\/garciadeoteyza.srvcactus.com\/it\/#organization\",\"name\":\"Cl\u00ednica Oftalmol\u00f3gica Garc\u00eda de Oteyza\",\"url\":\"https:\/\/garciadeoteyza.srvcactus.com\/it\/\",\"logo\":{\"@type\":\"ImageObject\",\"inLanguage\":\"it-IT\",\"@id\":\"https:\/\/garciadeoteyza.srvcactus.com\/it\/#\/schema\/logo\/image\/\",\"url\":\"https:\/\/garciadeoteyza.srvcactus.com\/wp-content\/uploads\/2017\/06\/2017-06-20.gif\",\"contentUrl\":\"https:\/\/garciadeoteyza.srvcactus.com\/wp-content\/uploads\/2017\/06\/2017-06-20.gif\",\"width\":170,\"height\":134,\"caption\":\"Cl\u00ednica Oftalmol\u00f3gica Garc\u00eda de Oteyza\"},\"image\":{\"@id\":\"https:\/\/garciadeoteyza.srvcactus.com\/it\/#\/schema\/logo\/image\/\"},\"sameAs\":[\"https:\/\/www.facebook.com\/garciadeoteyza\/\",\"https:\/\/www.instagram.com\/clinicagarciadeoteyza\/\",\"https:\/\/www.linkedin.com\/in\/cl\u00ednica-oftalmol\u00f3gica-garc\u00eda-de-oteyza-a9622513a\/\",\"https:\/\/www.youtube.com\/channel\/UCoC9Jtfkg-5J_ySpN7admBg\"]}]}<\/script>\n<!-- \/ Yoast SEO plugin. -->","yoast_head_json":{"title":"PERDITA DEL CAMPO VISIVO - Garc\u00eda de Oteyza","description":"\u00bfHas notado una p\u00e9rdida de tu campo visual? Si es as\u00ed, te interesar\u00e1 saber cual es la causa m\u00e1s frecuentemente relacionada.","robots":{"index":"index","follow":"follow","max-snippet":"max-snippet:-1","max-image-preview":"max-image-preview:large","max-video-preview":"max-video-preview:-1"},"canonical":"https:\/\/garciadeoteyza.srvcactus.com\/perdida-de-campo-visual\/","og_locale":"it_IT","og_type":"article","og_title":"PERDITA DEL CAMPO VISIVO - Garc\u00eda de Oteyza","og_description":"\u00bfHas notado una p\u00e9rdida de tu campo visual? Si es as\u00ed, te interesar\u00e1 saber cual es la causa m\u00e1s frecuentemente relacionada.","og_url":"https:\/\/garciadeoteyza.srvcactus.com\/perdida-de-campo-visual\/","og_site_name":"Garc\u00eda de Oteyza","article_publisher":"https:\/\/www.facebook.com\/garciadeoteyza\/","article_modified_time":"2023-02-09T02:08:09+00:00","twitter_card":"summary_large_image","twitter_misc":{"Tempo di lettura stimato":"3 minuti"},"schema":{"@context":"https:\/\/schema.org","@graph":[{"@type":"WebPage","@id":"https:\/\/garciadeoteyza.srvcactus.com\/perdida-de-campo-visual\/","url":"https:\/\/garciadeoteyza.srvcactus.com\/perdida-de-campo-visual\/","name":"PERDITA DEL CAMPO VISIVO - Garc\u00eda de Oteyza","isPartOf":{"@id":"https:\/\/garciadeoteyza.srvcactus.com\/it\/#website"},"datePublished":"2017-05-24T11:03:40+00:00","dateModified":"2023-02-09T02:08:09+00:00","description":"\u00bfHas notado una p\u00e9rdida de tu campo visual? Si es as\u00ed, te interesar\u00e1 saber cual es la causa m\u00e1s frecuentemente relacionada.","breadcrumb":{"@id":"https:\/\/garciadeoteyza.srvcactus.com\/perdida-de-campo-visual\/#breadcrumb"},"inLanguage":"it-IT","potentialAction":[{"@type":"ReadAction","target":["https:\/\/garciadeoteyza.srvcactus.com\/perdida-de-campo-visual\/"]}]},{"@type":"BreadcrumbList","@id":"https:\/\/garciadeoteyza.srvcactus.com\/perdida-de-campo-visual\/#breadcrumb","itemListElement":[{"@type":"ListItem","position":1,"name":"Home","item":"https:\/\/garciadeoteyza.srvcactus.com\/"},{"@type":"ListItem","position":2,"name":"PERDITA DEL CAMPO VISIVO"}]},{"@type":"WebSite","@id":"https:\/\/garciadeoteyza.srvcactus.com\/it\/#website","url":"https:\/\/garciadeoteyza.srvcactus.com\/it\/","name":"Garc\u00eda de Oteyza","description":"Oftalmog\u00eda","publisher":{"@id":"https:\/\/garciadeoteyza.srvcactus.com\/it\/#organization"},"potentialAction":[{"@type":"SearchAction","target":{"@type":"EntryPoint","urlTemplate":"https:\/\/garciadeoteyza.srvcactus.com\/it\/?s={search_term_string}"},"query-input":{"@type":"PropertyValueSpecification","valueRequired":true,"valueName":"search_term_string"}}],"inLanguage":"it-IT"},{"@type":"Organization","@id":"https:\/\/garciadeoteyza.srvcactus.com\/it\/#organization","name":"Cl\u00ednica Oftalmol\u00f3gica Garc\u00eda de Oteyza","url":"https:\/\/garciadeoteyza.srvcactus.com\/it\/","logo":{"@type":"ImageObject","inLanguage":"it-IT","@id":"https:\/\/garciadeoteyza.srvcactus.com\/it\/#\/schema\/logo\/image\/","url":"https:\/\/garciadeoteyza.srvcactus.com\/wp-content\/uploads\/2017\/06\/2017-06-20.gif","contentUrl":"https:\/\/garciadeoteyza.srvcactus.com\/wp-content\/uploads\/2017\/06\/2017-06-20.gif","width":170,"height":134,"caption":"Cl\u00ednica Oftalmol\u00f3gica Garc\u00eda de Oteyza"},"image":{"@id":"https:\/\/garciadeoteyza.srvcactus.com\/it\/#\/schema\/logo\/image\/"},"sameAs":["https:\/\/www.facebook.com\/garciadeoteyza\/","https:\/\/www.instagram.com\/clinicagarciadeoteyza\/","https:\/\/www.linkedin.com\/in\/cl\u00ednica-oftalmol\u00f3gica-garc\u00eda-de-oteyza-a9622513a\/","https:\/\/www.youtube.com\/channel\/UCoC9Jtfkg-5J_ySpN7admBg"]}]}},"_links":{"self":[{"href":"https:\/\/garciadeoteyza.srvcactus.com\/it\/wp-json\/wp\/v2\/pages\/3493","targetHints":{"allow":["GET"]}}],"collection":[{"href":"https:\/\/garciadeoteyza.srvcactus.com\/it\/wp-json\/wp\/v2\/pages"}],"about":[{"href":"https:\/\/garciadeoteyza.srvcactus.com\/it\/wp-json\/wp\/v2\/types\/page"}],"author":[{"embeddable":true,"href":"https:\/\/garciadeoteyza.srvcactus.com\/it\/wp-json\/wp\/v2\/users\/1"}],"replies":[{"embeddable":true,"href":"https:\/\/garciadeoteyza.srvcactus.com\/it\/wp-json\/wp\/v2\/comments?post=3493"}],"version-history":[{"count":3,"href":"https:\/\/garciadeoteyza.srvcactus.com\/it\/wp-json\/wp\/v2\/pages\/3493\/revisions"}],"predecessor-version":[{"id":7638,"href":"https:\/\/garciadeoteyza.srvcactus.com\/it\/wp-json\/wp\/v2\/pages\/3493\/revisions\/7638"}],"wp:attachment":[{"href":"https:\/\/garciadeoteyza.srvcactus.com\/it\/wp-json\/wp\/v2\/media?parent=3493"}],"curies":[{"name":"wp","href":"https:\/\/api.w.org\/{rel}","templated":true}]}}