{"id":3479,"date":"2017-05-04T15:54:45","date_gmt":"2017-05-04T13:54:45","guid":{"rendered":"https:\/\/garciadeoteyza.srvcactus.com\/perdida-de-vision-central\/"},"modified":"2023-02-09T03:09:59","modified_gmt":"2023-02-09T02:09:59","slug":"perdida-de-vision-central","status":"publish","type":"page","link":"https:\/\/garciadeoteyza.srvcactus.com\/it\/perdida-de-vision-central\/","title":{"rendered":"P\u00c9RDIDA DE VISI\u00d3N CENTRAL"},"content":{"rendered":"<p><div class=\"et_d4_element et_pb_section et_pb_section_0 seccion1_general test  et_pb_css_mix_blend_mode et_section_regular et_block_section\" >\n\t\t\t\t\n\t\t\t\t\n\t\t\t\t\n\t\t\t\t\n\t\t\t\t\n\t\t\t\t\n\t\t\t\t<div class=\"et_d4_element et_pb_row et_pb_row_0  et_pb_css_mix_blend_mode et_block_row\">\n\t\t\t\t<div class=\"et_d4_element et_pb_column_4_4 et_pb_column et_pb_column_0  et_pb_css_mix_blend_mode et-last-child et_block_column\">\n\t\t\t\t\n\t\t\t\t\n\t\t\t\t\n\t\t\t\t\n\t\t\t\t<div class=\"et_pb_module et_d4_element et_pb_text et_pb_text_0  et_pb_text_align_left et_pb_bg_layout_light\">\n\t\t\t\t\n\t\t\t\t\n\t\t\t\t\n\t\t\t\t\n\t\t\t\t<div class=\"et_pb_text_inner\"><h1>PERDITA DELLA VISIONE CENTRALE<\/h1><\/div>\n\t\t\t<\/div>\n\t\t\t<\/div>\n\t\t\t\t\n\t\t\t\t\n\t\t\t\t\n\t\t\t\t\n\t\t\t<\/div>\n\t\t\t\t\n\t\t\t\t\n\t\t\t<\/div><div class=\"et_d4_element et_pb_section et_pb_section_1  et_pb_css_mix_blend_mode et_section_regular et_block_section\" >\n\t\t\t\t\n\t\t\t\t\n\t\t\t\t\n\t\t\t\t\n\t\t\t\t\n\t\t\t\t\n\t\t\t\t<div class=\"et_d4_element et_pb_row et_pb_row_1  et_pb_css_mix_blend_mode et_block_row\">\n\t\t\t\t<div class=\"et_d4_element et_pb_column_4_4 et_pb_column et_pb_column_1  et_pb_css_mix_blend_mode et-last-child et_block_column\">\n\t\t\t\t\n\t\t\t\t\n\t\t\t\t\n\t\t\t\t\n\t\t\t\t<div class=\"et_pb_module et_d4_element et_pb_text et_pb_text_1  et_pb_text_align_left et_pb_bg_layout_light\">\n\t\t\t\t\n\t\t\t\t\n\t\t\t\t\n\t\t\t\t\n\t\t\t\t<div class=\"et_pb_text_inner\"><p>L\u2019interessamento dell\u2019area centrale della retina, la macula, pu\u00f2 provocare una riduzione dell\u2019acuit\u00e0 visiva e\/o la perdita parziale oppure completa della visione centrale. A seconda dell\u2019et\u00e0 del paziente e delle caratteristiche dell\u2019occhio se ne possono descrivere varie cause.<\/p><\/div>\n\t\t\t<\/div>\n\t\t\t<\/div>\n\t\t\t\t\n\t\t\t\t\n\t\t\t\t\n\t\t\t\t\n\t\t\t<\/div><div class=\"et_d4_element et_pb_row et_pb_row_2  et_pb_css_mix_blend_mode et_block_row\">\n\t\t\t\t<div class=\"et_d4_element et_pb_column_4_4 et_pb_column et_pb_column_2  et_pb_css_mix_blend_mode et-last-child et_block_column\">\n\t\t\t\t\n\t\t\t\t\n\t\t\t\t\n\t\t\t\t\n\t\t\t\t<div class=\"et_pb_module et_d4_element et_pb_image et_pb_image_0 et_animated et-waypoint\">\n\t\t\t\t\n\t\t\t\t\n\t\t\t\t\n\t\t\t\t\n\t\t\t\t<span class=\"et_pb_image_wrap \"><img loading=\"lazy\" decoding=\"async\" width=\"2483\" height=\"2483\" src=\"https:\/\/garciadeoteyza.srvcactus.com\/wp-content\/uploads\/2023\/01\/Perdida-de-vision-central.jpg.png\" alt=\"\" title=\"Perdida de vision central.jpg\" srcset=\"https:\/\/garciadeoteyza.srvcactus.com\/wp-content\/uploads\/2023\/01\/Perdida-de-vision-central.jpg.png 2483w, https:\/\/garciadeoteyza.srvcactus.com\/wp-content\/uploads\/2023\/01\/Perdida-de-vision-central.jpg-1280x1280.png 1280w, https:\/\/garciadeoteyza.srvcactus.com\/wp-content\/uploads\/2023\/01\/Perdida-de-vision-central.jpg-980x980.png 980w, https:\/\/garciadeoteyza.srvcactus.com\/wp-content\/uploads\/2023\/01\/Perdida-de-vision-central.jpg-480x480.png 480w\" sizes=\"(min-width: 0px) and (max-width: 480px) 480px, (min-width: 481px) and (max-width: 980px) 980px, (min-width: 981px) and (max-width: 1280px) 1280px, (min-width: 1281px) 2483px, 100vw\" class=\"wp-image-6740\" \/><\/span>\n\t\t\t<\/div>\n\t\t\t<\/div>\n\t\t\t\t\n\t\t\t\t\n\t\t\t\t\n\t\t\t\t\n\t\t\t<\/div><div class=\"et_d4_element et_pb_row et_pb_row_3  et_pb_css_mix_blend_mode et_block_row\">\n\t\t\t\t<div class=\"et_d4_element et_pb_column_4_4 et_pb_column et_pb_column_3  et_pb_css_mix_blend_mode et-last-child et_block_column\">\n\t\t\t\t\n\t\t\t\t\n\t\t\t\t\n\t\t\t\t\n\t\t\t\t<div class=\"et_pb_module et_d4_element et_pb_text et_pb_text_2  et_pb_text_align_left et_pb_bg_layout_light\">\n\t\t\t\t\n\t\t\t\t\n\t\t\t\t\n\t\t\t\t\n\t\t\t\t<div class=\"et_pb_text_inner\"><h5>DEGENERAZIONE MACULARE SENILE<\/h5><\/div>\n\t\t\t<\/div><div class=\"et_pb_module et_d4_element et_pb_text et_pb_text_3  et_pb_text_align_left et_pb_bg_layout_light\">\n\t\t\t\t\n\t\t\t\t\n\t\t\t\t\n\t\t\t\t\n\t\t\t\t<div class=\"et_pb_text_inner\"><p><span style=\"font-weight: 400;\">Questa \u00e8 senz\u2019altro la ragione pi\u00f9 frequente di perdita di visone centrale. \u00c8 una malattia degenerativa della macula che cagiona un deterioramento delle cellule della retina nonch\u00e9 dell\u2019epitelio pigmentario retinico. Esistono due forme cliniche di degenerazione maculare: quella atrofica e quella essudativa. Al giorno d\u2019oggi la forma atrofica non ha un trattamento efficace e possiamo soltanto consigliare di mantenere uno stile di vita salutare. Fare una corretta dieta mediterranea nonch\u00e9 smettere di fumare possono favorire un rallentamento dello sviluppo della malattia. La forma essudativa invece, si tratta oggigiorno per mezzo di iniezioni antiangiogeniche intravitreali con degli ottimi risultati.<\/span><\/p><\/div>\n\t\t\t<\/div><div class=\"et_pb_module et_d4_element et_pb_text et_pb_text_4  et_pb_text_align_left et_pb_bg_layout_light\">\n\t\t\t\t\n\t\t\t\t\n\t\t\t\t\n\t\t\t\t\n\t\t\t\t<div class=\"et_pb_text_inner\"><h5>CORIORETINOPATIA SIEROSA CENTRALE<\/h5><\/div>\n\t\t\t<\/div><div class=\"et_pb_module et_d4_element et_pb_text et_pb_text_5  et_pb_text_align_left et_pb_bg_layout_light\">\n\t\t\t\t\n\t\t\t\t\n\t\t\t\t\n\t\t\t\t\n\t\t\t\t<div class=\"et_pb_text_inner\"><p><span style=\"font-weight: 400;\">Si tratta di una malattia che colpisce perlopi\u00f9 gli uomini di mezz\u2019et\u00e0 e che di solito presentano una diminuzione della visione centrale. Non \u00e8 una riduzione cos\u00ec grave come quella della DMS ma, siccome riguarda le persone in et\u00e0 lavorativa pu\u00f2 rivelarsi assai invalidante. Il fattore di rischio pi\u00f9 importante per soffrire questo problema \u00e8 lo stress e poi l\u2019ingestione di corticosteroidi. Consigliamo dunque ridurre lo stress ed evitare, a tutti i costi, l\u2019uso di steroidi. Dopo qualche mese il problema di solito diminuisce e la maggioranza dei pazienti non ha bisogno di alcun trattamento. Se dopo un po\u2019 la CSC dovesse persistere si pu\u00f2 adoperare una sorta di laser, terapia fotodinamica, per cercare di risolverla.<\/span><\/p><\/div>\n\t\t\t<\/div><div class=\"et_pb_module et_d4_element et_pb_text et_pb_text_6  et_pb_text_align_left et_pb_bg_layout_light\">\n\t\t\t\t\n\t\t\t\t\n\t\t\t\t\n\t\t\t\t\n\t\t\t\t<div class=\"et_pb_text_inner\"><h5><span style=\"font-weight: 400;\">FORO MACULARE<\/span><\/h5><\/div>\n\t\t\t<\/div><div class=\"et_pb_module et_d4_element et_pb_text et_pb_text_7  et_pb_text_align_left et_pb_bg_layout_light\">\n\t\t\t\t\n\t\t\t\t\n\t\t\t\t\n\t\t\t\t\n\t\t\t\t<div class=\"et_pb_text_inner\"><p><span style=\"font-weight: 400;\">La discontinuit\u00e0 della retina a livello maculare la si conosce come foro maculare. Questa patologia che pu\u00f2 essere dovuta a tante cause, cagiona una vera e propria diminuzione dell\u2019acuit\u00e0 visiva. Una volta apparso un foro maculare, il trattamento dev\u2019essere chirurgico.<\/span><\/p><\/div>\n\t\t\t<\/div>\n\t\t\t<\/div>\n\t\t\t\t\n\t\t\t\t\n\t\t\t\t\n\t\t\t\t\n\t\t\t<\/div><div class=\"et_d4_element et_pb_row et_pb_row_4  et_pb_css_mix_blend_mode et_block_row\">\n\t\t\t\t<div class=\"et_d4_element et_pb_column_4_4 et_pb_column et_pb_column_4  et_pb_css_mix_blend_mode et-last-child et_block_column\">\n\t\t\t\t\n\t\t\t\t\n\t\t\t\t\n\t\t\t\t\n\t\t\t\t<div class=\"et_pb_module et_d4_element et_pb_text et_pb_text_8  et_pb_text_align_left et_pb_bg_layout_light\">\n\t\t\t\t\n\t\t\t\t\n\t\t\t\t\n\t\t\t\t\n\t\t\t\t<div class=\"et_pb_text_inner\"><p><span style=\"font-weight: 400;\">Queste sono le tre patologie pi\u00f9 frequenti legate ad una riduzione della visione centrale ma, non sono mica le uniche. Raccomandiamo che, dinanzi alla presenza di questo sintomo, andiate al pi\u00f9 presto dall\u2019oftalmologo per esaminare il fondo oculare ed, all\u2019occorrenza, l\u2019eseguimento di ulteriori prove complementari.<\/span><\/p><\/div>\n\t\t\t<\/div>\n\t\t\t<\/div>\n\t\t\t\t\n\t\t\t\t\n\t\t\t\t\n\t\t\t\t\n\t\t\t<\/div>\n\t\t\t\t\n\t\t\t\t\n\t\t\t<\/div><\/p>\n","protected":false},"excerpt":{"rendered":"","protected":false},"author":1,"featured_media":0,"parent":0,"menu_order":0,"comment_status":"closed","ping_status":"closed","template":"","meta":{"_acf_changed":false,"_et_pb_use_builder":"on","_et_pb_old_content":"","_et_gb_content_width":"","footnotes":""},"class_list":["post-3479","page","type-page","status-publish","hentry"],"acf":[],"dsm_author":{"name":"vayawebs","avatar_url":"https:\/\/secure.gravatar.com\/avatar\/82c5a2f2db86b43a5b2705caddbdce70b2548d393c9107854cbd99403e987108?s=96&d=mm&r=g","archive_link":"https:\/\/garciadeoteyza.srvcactus.com\/it\/author\/vayawebs\/","biodata":""},"dsm_categories":[],"dsm_attachment_categories":[],"dsm_featured_image":null,"yoast_head":"<!-- This site is optimized with the Yoast SEO plugin v27.2 - https:\/\/yoast.com\/product\/yoast-seo-wordpress\/ -->\n<title>P\u00c9RDIDA DE VISI\u00d3N CENTRAL - Garc\u00eda de Oteyza<\/title>\n<meta name=\"description\" content=\"\u00bfQuieres conocer las principales causas posibles de p\u00e9rdida de visi\u00f3n central? Te contamos las tres patolog\u00edas m\u00e1s frecuentes que lo producen.\" \/>\n<meta name=\"robots\" content=\"index, follow, max-snippet:-1, max-image-preview:large, max-video-preview:-1\" \/>\n<link rel=\"canonical\" href=\"https:\/\/garciadeoteyza.srvcactus.com\/perdida-de-vision-central\/\" \/>\n<meta property=\"og:locale\" content=\"it_IT\" \/>\n<meta property=\"og:type\" content=\"article\" \/>\n<meta property=\"og:title\" content=\"P\u00c9RDIDA DE VISI\u00d3N CENTRAL - Garc\u00eda de Oteyza\" \/>\n<meta property=\"og:description\" content=\"\u00bfQuieres conocer las principales causas posibles de p\u00e9rdida de visi\u00f3n central? Te contamos las tres patolog\u00edas m\u00e1s frecuentes que lo producen.\" \/>\n<meta property=\"og:url\" content=\"https:\/\/garciadeoteyza.srvcactus.com\/perdida-de-vision-central\/\" \/>\n<meta property=\"og:site_name\" content=\"Garc\u00eda de Oteyza\" \/>\n<meta property=\"article:publisher\" content=\"https:\/\/www.facebook.com\/garciadeoteyza\/\" \/>\n<meta property=\"article:modified_time\" content=\"2023-02-09T02:09:59+00:00\" \/>\n<meta name=\"twitter:card\" content=\"summary_large_image\" \/>\n<meta name=\"twitter:label1\" content=\"Tempo di lettura stimato\" \/>\n\t<meta name=\"twitter:data1\" content=\"4 minuti\" \/>\n<script type=\"application\/ld+json\" class=\"yoast-schema-graph\">{\"@context\":\"https:\/\/schema.org\",\"@graph\":[{\"@type\":\"WebPage\",\"@id\":\"https:\/\/garciadeoteyza.srvcactus.com\/perdida-de-vision-central\/\",\"url\":\"https:\/\/garciadeoteyza.srvcactus.com\/perdida-de-vision-central\/\",\"name\":\"P\u00c9RDIDA DE VISI\u00d3N CENTRAL - Garc\u00eda de Oteyza\",\"isPartOf\":{\"@id\":\"https:\/\/garciadeoteyza.srvcactus.com\/it\/#website\"},\"datePublished\":\"2017-05-04T13:54:45+00:00\",\"dateModified\":\"2023-02-09T02:09:59+00:00\",\"description\":\"\u00bfQuieres conocer las principales causas posibles de p\u00e9rdida de visi\u00f3n central? Te contamos las tres patolog\u00edas m\u00e1s frecuentes que lo producen.\",\"breadcrumb\":{\"@id\":\"https:\/\/garciadeoteyza.srvcactus.com\/perdida-de-vision-central\/#breadcrumb\"},\"inLanguage\":\"it-IT\",\"potentialAction\":[{\"@type\":\"ReadAction\",\"target\":[\"https:\/\/garciadeoteyza.srvcactus.com\/perdida-de-vision-central\/\"]}]},{\"@type\":\"BreadcrumbList\",\"@id\":\"https:\/\/garciadeoteyza.srvcactus.com\/perdida-de-vision-central\/#breadcrumb\",\"itemListElement\":[{\"@type\":\"ListItem\",\"position\":1,\"name\":\"Home\",\"item\":\"https:\/\/garciadeoteyza.srvcactus.com\/\"},{\"@type\":\"ListItem\",\"position\":2,\"name\":\"P\u00c9RDIDA DE VISI\u00d3N CENTRAL\"}]},{\"@type\":\"WebSite\",\"@id\":\"https:\/\/garciadeoteyza.srvcactus.com\/it\/#website\",\"url\":\"https:\/\/garciadeoteyza.srvcactus.com\/it\/\",\"name\":\"Garc\u00eda de Oteyza\",\"description\":\"Oftalmog\u00eda\",\"publisher\":{\"@id\":\"https:\/\/garciadeoteyza.srvcactus.com\/it\/#organization\"},\"potentialAction\":[{\"@type\":\"SearchAction\",\"target\":{\"@type\":\"EntryPoint\",\"urlTemplate\":\"https:\/\/garciadeoteyza.srvcactus.com\/it\/?s={search_term_string}\"},\"query-input\":{\"@type\":\"PropertyValueSpecification\",\"valueRequired\":true,\"valueName\":\"search_term_string\"}}],\"inLanguage\":\"it-IT\"},{\"@type\":\"Organization\",\"@id\":\"https:\/\/garciadeoteyza.srvcactus.com\/it\/#organization\",\"name\":\"Cl\u00ednica Oftalmol\u00f3gica Garc\u00eda de Oteyza\",\"url\":\"https:\/\/garciadeoteyza.srvcactus.com\/it\/\",\"logo\":{\"@type\":\"ImageObject\",\"inLanguage\":\"it-IT\",\"@id\":\"https:\/\/garciadeoteyza.srvcactus.com\/it\/#\/schema\/logo\/image\/\",\"url\":\"https:\/\/garciadeoteyza.srvcactus.com\/wp-content\/uploads\/2017\/06\/2017-06-20.gif\",\"contentUrl\":\"https:\/\/garciadeoteyza.srvcactus.com\/wp-content\/uploads\/2017\/06\/2017-06-20.gif\",\"width\":170,\"height\":134,\"caption\":\"Cl\u00ednica Oftalmol\u00f3gica Garc\u00eda de Oteyza\"},\"image\":{\"@id\":\"https:\/\/garciadeoteyza.srvcactus.com\/it\/#\/schema\/logo\/image\/\"},\"sameAs\":[\"https:\/\/www.facebook.com\/garciadeoteyza\/\",\"https:\/\/www.instagram.com\/clinicagarciadeoteyza\/\",\"https:\/\/www.linkedin.com\/in\/cl\u00ednica-oftalmol\u00f3gica-garc\u00eda-de-oteyza-a9622513a\/\",\"https:\/\/www.youtube.com\/channel\/UCoC9Jtfkg-5J_ySpN7admBg\"]}]}<\/script>\n<!-- \/ Yoast SEO plugin. -->","yoast_head_json":{"title":"P\u00c9RDIDA DE VISI\u00d3N CENTRAL - Garc\u00eda de Oteyza","description":"\u00bfQuieres conocer las principales causas posibles de p\u00e9rdida de visi\u00f3n central? Te contamos las tres patolog\u00edas m\u00e1s frecuentes que lo producen.","robots":{"index":"index","follow":"follow","max-snippet":"max-snippet:-1","max-image-preview":"max-image-preview:large","max-video-preview":"max-video-preview:-1"},"canonical":"https:\/\/garciadeoteyza.srvcactus.com\/perdida-de-vision-central\/","og_locale":"it_IT","og_type":"article","og_title":"P\u00c9RDIDA DE VISI\u00d3N CENTRAL - Garc\u00eda de Oteyza","og_description":"\u00bfQuieres conocer las principales causas posibles de p\u00e9rdida de visi\u00f3n central? Te contamos las tres patolog\u00edas m\u00e1s frecuentes que lo producen.","og_url":"https:\/\/garciadeoteyza.srvcactus.com\/perdida-de-vision-central\/","og_site_name":"Garc\u00eda de Oteyza","article_publisher":"https:\/\/www.facebook.com\/garciadeoteyza\/","article_modified_time":"2023-02-09T02:09:59+00:00","twitter_card":"summary_large_image","twitter_misc":{"Tempo di lettura stimato":"4 minuti"},"schema":{"@context":"https:\/\/schema.org","@graph":[{"@type":"WebPage","@id":"https:\/\/garciadeoteyza.srvcactus.com\/perdida-de-vision-central\/","url":"https:\/\/garciadeoteyza.srvcactus.com\/perdida-de-vision-central\/","name":"P\u00c9RDIDA DE VISI\u00d3N CENTRAL - Garc\u00eda de Oteyza","isPartOf":{"@id":"https:\/\/garciadeoteyza.srvcactus.com\/it\/#website"},"datePublished":"2017-05-04T13:54:45+00:00","dateModified":"2023-02-09T02:09:59+00:00","description":"\u00bfQuieres conocer las principales causas posibles de p\u00e9rdida de visi\u00f3n central? Te contamos las tres patolog\u00edas m\u00e1s frecuentes que lo producen.","breadcrumb":{"@id":"https:\/\/garciadeoteyza.srvcactus.com\/perdida-de-vision-central\/#breadcrumb"},"inLanguage":"it-IT","potentialAction":[{"@type":"ReadAction","target":["https:\/\/garciadeoteyza.srvcactus.com\/perdida-de-vision-central\/"]}]},{"@type":"BreadcrumbList","@id":"https:\/\/garciadeoteyza.srvcactus.com\/perdida-de-vision-central\/#breadcrumb","itemListElement":[{"@type":"ListItem","position":1,"name":"Home","item":"https:\/\/garciadeoteyza.srvcactus.com\/"},{"@type":"ListItem","position":2,"name":"P\u00c9RDIDA DE VISI\u00d3N CENTRAL"}]},{"@type":"WebSite","@id":"https:\/\/garciadeoteyza.srvcactus.com\/it\/#website","url":"https:\/\/garciadeoteyza.srvcactus.com\/it\/","name":"Garc\u00eda de Oteyza","description":"Oftalmog\u00eda","publisher":{"@id":"https:\/\/garciadeoteyza.srvcactus.com\/it\/#organization"},"potentialAction":[{"@type":"SearchAction","target":{"@type":"EntryPoint","urlTemplate":"https:\/\/garciadeoteyza.srvcactus.com\/it\/?s={search_term_string}"},"query-input":{"@type":"PropertyValueSpecification","valueRequired":true,"valueName":"search_term_string"}}],"inLanguage":"it-IT"},{"@type":"Organization","@id":"https:\/\/garciadeoteyza.srvcactus.com\/it\/#organization","name":"Cl\u00ednica Oftalmol\u00f3gica Garc\u00eda de Oteyza","url":"https:\/\/garciadeoteyza.srvcactus.com\/it\/","logo":{"@type":"ImageObject","inLanguage":"it-IT","@id":"https:\/\/garciadeoteyza.srvcactus.com\/it\/#\/schema\/logo\/image\/","url":"https:\/\/garciadeoteyza.srvcactus.com\/wp-content\/uploads\/2017\/06\/2017-06-20.gif","contentUrl":"https:\/\/garciadeoteyza.srvcactus.com\/wp-content\/uploads\/2017\/06\/2017-06-20.gif","width":170,"height":134,"caption":"Cl\u00ednica Oftalmol\u00f3gica Garc\u00eda de Oteyza"},"image":{"@id":"https:\/\/garciadeoteyza.srvcactus.com\/it\/#\/schema\/logo\/image\/"},"sameAs":["https:\/\/www.facebook.com\/garciadeoteyza\/","https:\/\/www.instagram.com\/clinicagarciadeoteyza\/","https:\/\/www.linkedin.com\/in\/cl\u00ednica-oftalmol\u00f3gica-garc\u00eda-de-oteyza-a9622513a\/","https:\/\/www.youtube.com\/channel\/UCoC9Jtfkg-5J_ySpN7admBg"]}]}},"_links":{"self":[{"href":"https:\/\/garciadeoteyza.srvcactus.com\/it\/wp-json\/wp\/v2\/pages\/3479","targetHints":{"allow":["GET"]}}],"collection":[{"href":"https:\/\/garciadeoteyza.srvcactus.com\/it\/wp-json\/wp\/v2\/pages"}],"about":[{"href":"https:\/\/garciadeoteyza.srvcactus.com\/it\/wp-json\/wp\/v2\/types\/page"}],"author":[{"embeddable":true,"href":"https:\/\/garciadeoteyza.srvcactus.com\/it\/wp-json\/wp\/v2\/users\/1"}],"replies":[{"embeddable":true,"href":"https:\/\/garciadeoteyza.srvcactus.com\/it\/wp-json\/wp\/v2\/comments?post=3479"}],"version-history":[{"count":3,"href":"https:\/\/garciadeoteyza.srvcactus.com\/it\/wp-json\/wp\/v2\/pages\/3479\/revisions"}],"predecessor-version":[{"id":7650,"href":"https:\/\/garciadeoteyza.srvcactus.com\/it\/wp-json\/wp\/v2\/pages\/3479\/revisions\/7650"}],"wp:attachment":[{"href":"https:\/\/garciadeoteyza.srvcactus.com\/it\/wp-json\/wp\/v2\/media?parent=3479"}],"curies":[{"name":"wp","href":"https:\/\/api.w.org\/{rel}","templated":true}]}}