{"id":3968,"date":"2017-04-20T09:13:42","date_gmt":"2017-04-20T07:13:42","guid":{"rendered":"https:\/\/garciadeoteyza.srvcactus.com\/test-des-couleurs\/"},"modified":"2023-02-09T03:03:38","modified_gmt":"2023-02-09T02:03:38","slug":"test-des-couleurs","status":"publish","type":"page","link":"https:\/\/garciadeoteyza.srvcactus.com\/fr\/test-des-couleurs\/","title":{"rendered":"TEST DES COULEURS"},"content":{"rendered":"<p><div class=\"et_d4_element et_pb_section et_pb_section_0 seccion1_general test  et_pb_css_mix_blend_mode et_section_regular et_block_section\" >\n\t\t\t\t\n\t\t\t\t\n\t\t\t\t\n\t\t\t\t\n\t\t\t\t\n\t\t\t\t\n\t\t\t\t<div class=\"et_d4_element et_pb_row et_pb_row_0  et_pb_css_mix_blend_mode et_block_row\">\n\t\t\t\t<div class=\"et_d4_element et_pb_column_4_4 et_pb_column et_pb_column_0  et_pb_css_mix_blend_mode et-last-child et_block_column\">\n\t\t\t\t\n\t\t\t\t\n\t\t\t\t\n\t\t\t\t\n\t\t\t\t<div class=\"et_pb_module et_d4_element et_pb_text et_pb_text_0  et_pb_text_align_left et_pb_bg_layout_light\">\n\t\t\t\t\n\t\t\t\t\n\t\t\t\t\n\t\t\t\t\n\t\t\t\t<div class=\"et_pb_text_inner\"><h1>TEST DES COULEURS<\/h1><\/div>\n\t\t\t<\/div>\n\t\t\t<\/div>\n\t\t\t\t\n\t\t\t\t\n\t\t\t\t\n\t\t\t\t\n\t\t\t<\/div>\n\t\t\t\t\n\t\t\t\t\n\t\t\t<\/div><div class=\"et_d4_element et_pb_section et_pb_section_1  et_pb_css_mix_blend_mode et_section_regular et_block_section\" >\n\t\t\t\t\n\t\t\t\t\n\t\t\t\t\n\t\t\t\t\n\t\t\t\t\n\t\t\t\t\n\t\t\t\t<div class=\"et_d4_element et_pb_row et_pb_row_1  et_pb_css_mix_blend_mode et_block_row\">\n\t\t\t\t<div class=\"et_d4_element et_pb_column_4_4 et_pb_column et_pb_column_1  et_pb_css_mix_blend_mode et-last-child et_block_column\">\n\t\t\t\t\n\t\t\t\t\n\t\t\t\t\n\t\t\t\t\n\t\t\t\t<div class=\"et_pb_module et_d4_element et_pb_text et_pb_text_1  et_pb_text_align_left et_pb_bg_layout_light\">\n\t\t\t\t\n\t\t\t\t\n\t\t\t\t\n\t\t\t\t\n\t\t\t\t<div class=\"et_pb_text_inner\"><h4>TEST ISHIHARA<\/h4>\n<p>Le test ISHIHARA est un des tests les plus utilis\u00e9s pour le diagnostic et la classification des alt\u00e9rations de la vision des couleurs (dyschromatopsies) De plus il est tr\u00e8s utile pour d\u2019autres pathologies en relation avec un probl\u00e8me de nerf optique comme dans les n\u00e9vrites optiques, la compression nerveuse et m\u00eame dans des pathologies qui affectent l\u2019orbite, comme l\u2019ophtalmopathie thyro\u00efdienne. Ce test permet de distinguer les alt\u00e9rations de la perception des deux grands spectres de couleurs : - L\u2019axe du rouge et du vert. La protanopie (dalton) dans laquelle le spectre du rouge est tr\u00e8s raccourci d\u00fb au manque de c\u00f4nes pour la couleur rouge et le spectre bleu-vert se voit d\u2019une couleur grise. -La deut\u00e9ranopie (nagel) est celle o\u00f9 le vert est vu d\u2019une couleur grise d\u00fb \u00e0 l\u2019absence de c\u00f4nes qui qui diff\u00e9rencie le vert. Ce test nous permet de distinguer les d\u00e9fauts de l\u2019axe bleu-jaune. Si vous voyez 17 ou plus de num\u00e9ros normaux, il s\u2019agit d\u2019une exploration normale. Si vous en voyez moins de 13 c\u00b4est pathologique. Suivez l\u2019ordre des images ici montr\u00e9es et notez sur un papier le num\u00e9ro que vous pouvez voir sur l\u2019image. Apr\u00e8s avoir not\u00e9 tous les num\u00e9ros v\u00e9rifiez vos les r\u00e9sultats situ\u00e9s en bas de la page. Si les r\u00e9sultats ne sont pas normaux, nous vous recommandons une consultation, afin de v\u00e9rifier l\u2019\u00e9tat de votre \u0153il. \u00a0<\/p>\n\n\t\t<style type=\"text\/css\">\n\t\t\t#gallery-1 {\n\t\t\t\tmargin: auto;\n\t\t\t}\n\t\t\t#gallery-1 .gallery-item {\n\t\t\t\tfloat: left;\n\t\t\t\tmargin-top: 10px;\n\t\t\t\ttext-align: center;\n\t\t\t\twidth: 100%;\n\t\t\t}\n\t\t\t#gallery-1 img {\n\t\t\t\tborder: 2px solid #cfcfcf;\n\t\t\t}\n\t\t\t#gallery-1 .gallery-caption {\n\t\t\t\tmargin-left: 0;\n\t\t\t}\n\t\t\t\/* see gallery_shortcode() in wp-includes\/media.php *\/\n\t\t<\/style>\n\t\t<div id='gallery-1' class='gallery galleryid-0 gallery-columns-1 gallery-size-full'><dl class='gallery-item'>\n\t\t\t<dt class='gallery-icon landscape'>\n\t\t\t\t<img loading=\"lazy\" decoding=\"async\" width=\"350\" height=\"350\" src=\"https:\/\/garciadeoteyza.srvcactus.com\/wp-content\/uploads\/2017\/04\/01_baja.jpg\" class=\"attachment-full size-full\" alt=\"\" srcset=\"https:\/\/garciadeoteyza.srvcactus.com\/wp-content\/uploads\/2017\/04\/01_baja.jpg 350w, https:\/\/garciadeoteyza.srvcactus.com\/wp-content\/uploads\/2017\/04\/01_baja-150x150.jpg 150w, https:\/\/garciadeoteyza.srvcactus.com\/wp-content\/uploads\/2017\/04\/01_baja-300x300.jpg 300w\" sizes=\"(max-width: 350px) 100vw, 350px\" \/>\n\t\t\t<\/dt><\/dl><br style=\"clear: both\" \/><dl class='gallery-item'>\n\t\t\t<dt class='gallery-icon landscape'>\n\t\t\t\t<img loading=\"lazy\" decoding=\"async\" width=\"350\" height=\"350\" src=\"https:\/\/garciadeoteyza.srvcactus.com\/wp-content\/uploads\/2017\/04\/02_baja.jpg\" class=\"attachment-full size-full\" alt=\"\" srcset=\"https:\/\/garciadeoteyza.srvcactus.com\/wp-content\/uploads\/2017\/04\/02_baja.jpg 350w, https:\/\/garciadeoteyza.srvcactus.com\/wp-content\/uploads\/2017\/04\/02_baja-150x150.jpg 150w, https:\/\/garciadeoteyza.srvcactus.com\/wp-content\/uploads\/2017\/04\/02_baja-300x300.jpg 300w\" sizes=\"(max-width: 350px) 100vw, 350px\" \/>\n\t\t\t<\/dt><\/dl><br style=\"clear: both\" \/><dl class='gallery-item'>\n\t\t\t<dt class='gallery-icon landscape'>\n\t\t\t\t<img loading=\"lazy\" decoding=\"async\" width=\"350\" height=\"350\" src=\"https:\/\/garciadeoteyza.srvcactus.com\/wp-content\/uploads\/2017\/04\/03_baja.jpg\" class=\"attachment-full size-full\" alt=\"\" srcset=\"https:\/\/garciadeoteyza.srvcactus.com\/wp-content\/uploads\/2017\/04\/03_baja.jpg 350w, https:\/\/garciadeoteyza.srvcactus.com\/wp-content\/uploads\/2017\/04\/03_baja-150x150.jpg 150w, https:\/\/garciadeoteyza.srvcactus.com\/wp-content\/uploads\/2017\/04\/03_baja-300x300.jpg 300w\" sizes=\"(max-width: 350px) 100vw, 350px\" \/>\n\t\t\t<\/dt><\/dl><br style=\"clear: both\" \/><dl class='gallery-item'>\n\t\t\t<dt class='gallery-icon landscape'>\n\t\t\t\t<img loading=\"lazy\" decoding=\"async\" width=\"350\" height=\"350\" src=\"https:\/\/garciadeoteyza.srvcactus.com\/wp-content\/uploads\/2017\/04\/04_baja.jpg\" class=\"attachment-full size-full\" alt=\"\" srcset=\"https:\/\/garciadeoteyza.srvcactus.com\/wp-content\/uploads\/2017\/04\/04_baja.jpg 350w, https:\/\/garciadeoteyza.srvcactus.com\/wp-content\/uploads\/2017\/04\/04_baja-150x150.jpg 150w, https:\/\/garciadeoteyza.srvcactus.com\/wp-content\/uploads\/2017\/04\/04_baja-300x300.jpg 300w\" sizes=\"(max-width: 350px) 100vw, 350px\" \/>\n\t\t\t<\/dt><\/dl><br style=\"clear: both\" \/><dl class='gallery-item'>\n\t\t\t<dt class='gallery-icon landscape'>\n\t\t\t\t<img loading=\"lazy\" decoding=\"async\" width=\"350\" height=\"350\" src=\"https:\/\/garciadeoteyza.srvcactus.com\/wp-content\/uploads\/2017\/04\/05_baja.jpg\" class=\"attachment-full size-full\" alt=\"\" srcset=\"https:\/\/garciadeoteyza.srvcactus.com\/wp-content\/uploads\/2017\/04\/05_baja.jpg 350w, https:\/\/garciadeoteyza.srvcactus.com\/wp-content\/uploads\/2017\/04\/05_baja-150x150.jpg 150w, https:\/\/garciadeoteyza.srvcactus.com\/wp-content\/uploads\/2017\/04\/05_baja-300x300.jpg 300w\" sizes=\"(max-width: 350px) 100vw, 350px\" \/>\n\t\t\t<\/dt><\/dl><br style=\"clear: both\" \/><dl class='gallery-item'>\n\t\t\t<dt class='gallery-icon landscape'>\n\t\t\t\t<img loading=\"lazy\" decoding=\"async\" width=\"350\" height=\"350\" src=\"https:\/\/garciadeoteyza.srvcactus.com\/wp-content\/uploads\/2017\/04\/06_baja.jpg\" class=\"attachment-full size-full\" alt=\"\" srcset=\"https:\/\/garciadeoteyza.srvcactus.com\/wp-content\/uploads\/2017\/04\/06_baja.jpg 350w, https:\/\/garciadeoteyza.srvcactus.com\/wp-content\/uploads\/2017\/04\/06_baja-150x150.jpg 150w, https:\/\/garciadeoteyza.srvcactus.com\/wp-content\/uploads\/2017\/04\/06_baja-300x300.jpg 300w\" sizes=\"(max-width: 350px) 100vw, 350px\" \/>\n\t\t\t<\/dt><\/dl><br style=\"clear: both\" \/><dl class='gallery-item'>\n\t\t\t<dt class='gallery-icon landscape'>\n\t\t\t\t<img loading=\"lazy\" decoding=\"async\" width=\"350\" height=\"350\" src=\"https:\/\/garciadeoteyza.srvcactus.com\/wp-content\/uploads\/2017\/04\/07_baja.jpg\" class=\"attachment-full size-full\" alt=\"\" srcset=\"https:\/\/garciadeoteyza.srvcactus.com\/wp-content\/uploads\/2017\/04\/07_baja.jpg 350w, https:\/\/garciadeoteyza.srvcactus.com\/wp-content\/uploads\/2017\/04\/07_baja-150x150.jpg 150w, https:\/\/garciadeoteyza.srvcactus.com\/wp-content\/uploads\/2017\/04\/07_baja-300x300.jpg 300w\" sizes=\"(max-width: 350px) 100vw, 350px\" \/>\n\t\t\t<\/dt><\/dl><br style=\"clear: both\" \/><dl class='gallery-item'>\n\t\t\t<dt class='gallery-icon landscape'>\n\t\t\t\t<img loading=\"lazy\" decoding=\"async\" width=\"350\" height=\"350\" src=\"https:\/\/garciadeoteyza.srvcactus.com\/wp-content\/uploads\/2017\/04\/08_baja.jpg\" class=\"attachment-full size-full\" alt=\"\" srcset=\"https:\/\/garciadeoteyza.srvcactus.com\/wp-content\/uploads\/2017\/04\/08_baja.jpg 350w, https:\/\/garciadeoteyza.srvcactus.com\/wp-content\/uploads\/2017\/04\/08_baja-150x150.jpg 150w, https:\/\/garciadeoteyza.srvcactus.com\/wp-content\/uploads\/2017\/04\/08_baja-300x300.jpg 300w\" sizes=\"(max-width: 350px) 100vw, 350px\" \/>\n\t\t\t<\/dt><\/dl><br style=\"clear: both\" \/><dl class='gallery-item'>\n\t\t\t<dt class='gallery-icon landscape'>\n\t\t\t\t<img loading=\"lazy\" decoding=\"async\" width=\"350\" height=\"350\" src=\"https:\/\/garciadeoteyza.srvcactus.com\/wp-content\/uploads\/2017\/04\/09_baja.jpg\" class=\"attachment-full size-full\" alt=\"\" srcset=\"https:\/\/garciadeoteyza.srvcactus.com\/wp-content\/uploads\/2017\/04\/09_baja.jpg 350w, https:\/\/garciadeoteyza.srvcactus.com\/wp-content\/uploads\/2017\/04\/09_baja-150x150.jpg 150w, https:\/\/garciadeoteyza.srvcactus.com\/wp-content\/uploads\/2017\/04\/09_baja-300x300.jpg 300w\" sizes=\"(max-width: 350px) 100vw, 350px\" \/>\n\t\t\t<\/dt><\/dl><br style=\"clear: both\" \/><dl class='gallery-item'>\n\t\t\t<dt class='gallery-icon landscape'>\n\t\t\t\t<img loading=\"lazy\" decoding=\"async\" width=\"350\" height=\"350\" src=\"https:\/\/garciadeoteyza.srvcactus.com\/wp-content\/uploads\/2017\/04\/10_baja.jpg\" class=\"attachment-full size-full\" alt=\"\" srcset=\"https:\/\/garciadeoteyza.srvcactus.com\/wp-content\/uploads\/2017\/04\/10_baja.jpg 350w, https:\/\/garciadeoteyza.srvcactus.com\/wp-content\/uploads\/2017\/04\/10_baja-150x150.jpg 150w, https:\/\/garciadeoteyza.srvcactus.com\/wp-content\/uploads\/2017\/04\/10_baja-300x300.jpg 300w\" sizes=\"(max-width: 350px) 100vw, 350px\" \/>\n\t\t\t<\/dt><\/dl><br style=\"clear: both\" \/><dl class='gallery-item'>\n\t\t\t<dt class='gallery-icon landscape'>\n\t\t\t\t<img loading=\"lazy\" decoding=\"async\" width=\"350\" height=\"350\" src=\"https:\/\/garciadeoteyza.srvcactus.com\/wp-content\/uploads\/2017\/04\/11_baja.jpg\" class=\"attachment-full size-full\" alt=\"\" srcset=\"https:\/\/garciadeoteyza.srvcactus.com\/wp-content\/uploads\/2017\/04\/11_baja.jpg 350w, https:\/\/garciadeoteyza.srvcactus.com\/wp-content\/uploads\/2017\/04\/11_baja-150x150.jpg 150w, https:\/\/garciadeoteyza.srvcactus.com\/wp-content\/uploads\/2017\/04\/11_baja-300x300.jpg 300w\" sizes=\"(max-width: 350px) 100vw, 350px\" \/>\n\t\t\t<\/dt><\/dl><br style=\"clear: both\" \/><dl class='gallery-item'>\n\t\t\t<dt class='gallery-icon landscape'>\n\t\t\t\t<img loading=\"lazy\" decoding=\"async\" width=\"350\" height=\"350\" src=\"https:\/\/garciadeoteyza.srvcactus.com\/wp-content\/uploads\/2017\/04\/12_baja.jpg\" class=\"attachment-full size-full\" alt=\"\" srcset=\"https:\/\/garciadeoteyza.srvcactus.com\/wp-content\/uploads\/2017\/04\/12_baja.jpg 350w, https:\/\/garciadeoteyza.srvcactus.com\/wp-content\/uploads\/2017\/04\/12_baja-150x150.jpg 150w, https:\/\/garciadeoteyza.srvcactus.com\/wp-content\/uploads\/2017\/04\/12_baja-300x300.jpg 300w\" sizes=\"(max-width: 350px) 100vw, 350px\" \/>\n\t\t\t<\/dt><\/dl><br style=\"clear: both\" \/><dl class='gallery-item'>\n\t\t\t<dt class='gallery-icon landscape'>\n\t\t\t\t<img loading=\"lazy\" decoding=\"async\" width=\"350\" height=\"350\" src=\"https:\/\/garciadeoteyza.srvcactus.com\/wp-content\/uploads\/2017\/04\/13_baja.jpg\" class=\"attachment-full size-full\" alt=\"\" srcset=\"https:\/\/garciadeoteyza.srvcactus.com\/wp-content\/uploads\/2017\/04\/13_baja.jpg 350w, https:\/\/garciadeoteyza.srvcactus.com\/wp-content\/uploads\/2017\/04\/13_baja-150x150.jpg 150w, https:\/\/garciadeoteyza.srvcactus.com\/wp-content\/uploads\/2017\/04\/13_baja-300x300.jpg 300w\" sizes=\"(max-width: 350px) 100vw, 350px\" \/>\n\t\t\t<\/dt><\/dl><br style=\"clear: both\" \/><dl class='gallery-item'>\n\t\t\t<dt class='gallery-icon landscape'>\n\t\t\t\t<img loading=\"lazy\" decoding=\"async\" width=\"350\" height=\"350\" src=\"https:\/\/garciadeoteyza.srvcactus.com\/wp-content\/uploads\/2017\/04\/14_baja.jpg\" class=\"attachment-full size-full\" alt=\"\" srcset=\"https:\/\/garciadeoteyza.srvcactus.com\/wp-content\/uploads\/2017\/04\/14_baja.jpg 350w, https:\/\/garciadeoteyza.srvcactus.com\/wp-content\/uploads\/2017\/04\/14_baja-150x150.jpg 150w, https:\/\/garciadeoteyza.srvcactus.com\/wp-content\/uploads\/2017\/04\/14_baja-300x300.jpg 300w\" sizes=\"(max-width: 350px) 100vw, 350px\" \/>\n\t\t\t<\/dt><\/dl><br style=\"clear: both\" \/><dl class='gallery-item'>\n\t\t\t<dt class='gallery-icon landscape'>\n\t\t\t\t<img loading=\"lazy\" decoding=\"async\" width=\"350\" height=\"350\" src=\"https:\/\/garciadeoteyza.srvcactus.com\/wp-content\/uploads\/2017\/04\/15_baja.jpg\" class=\"attachment-full size-full\" alt=\"\" srcset=\"https:\/\/garciadeoteyza.srvcactus.com\/wp-content\/uploads\/2017\/04\/15_baja.jpg 350w, https:\/\/garciadeoteyza.srvcactus.com\/wp-content\/uploads\/2017\/04\/15_baja-150x150.jpg 150w, https:\/\/garciadeoteyza.srvcactus.com\/wp-content\/uploads\/2017\/04\/15_baja-300x300.jpg 300w\" sizes=\"(max-width: 350px) 100vw, 350px\" \/>\n\t\t\t<\/dt><\/dl><br style=\"clear: both\" \/><dl class='gallery-item'>\n\t\t\t<dt class='gallery-icon landscape'>\n\t\t\t\t<img loading=\"lazy\" decoding=\"async\" width=\"350\" height=\"350\" src=\"https:\/\/garciadeoteyza.srvcactus.com\/wp-content\/uploads\/2017\/04\/16_baja.jpg\" class=\"attachment-full size-full\" alt=\"\" srcset=\"https:\/\/garciadeoteyza.srvcactus.com\/wp-content\/uploads\/2017\/04\/16_baja.jpg 350w, https:\/\/garciadeoteyza.srvcactus.com\/wp-content\/uploads\/2017\/04\/16_baja-150x150.jpg 150w, https:\/\/garciadeoteyza.srvcactus.com\/wp-content\/uploads\/2017\/04\/16_baja-300x300.jpg 300w\" sizes=\"(max-width: 350px) 100vw, 350px\" \/>\n\t\t\t<\/dt><\/dl><br style=\"clear: both\" \/><dl class='gallery-item'>\n\t\t\t<dt class='gallery-icon landscape'>\n\t\t\t\t<img loading=\"lazy\" decoding=\"async\" width=\"350\" height=\"350\" src=\"https:\/\/garciadeoteyza.srvcactus.com\/wp-content\/uploads\/2017\/04\/17_baja.jpg\" class=\"attachment-full size-full\" alt=\"\" srcset=\"https:\/\/garciadeoteyza.srvcactus.com\/wp-content\/uploads\/2017\/04\/17_baja.jpg 350w, https:\/\/garciadeoteyza.srvcactus.com\/wp-content\/uploads\/2017\/04\/17_baja-150x150.jpg 150w, https:\/\/garciadeoteyza.srvcactus.com\/wp-content\/uploads\/2017\/04\/17_baja-300x300.jpg 300w\" sizes=\"(max-width: 350px) 100vw, 350px\" \/>\n\t\t\t<\/dt><\/dl><br style=\"clear: both\" \/><dl class='gallery-item'>\n\t\t\t<dt class='gallery-icon landscape'>\n\t\t\t\t<img loading=\"lazy\" decoding=\"async\" width=\"350\" height=\"350\" src=\"https:\/\/garciadeoteyza.srvcactus.com\/wp-content\/uploads\/2017\/04\/18_baja.jpg\" class=\"attachment-full size-full\" alt=\"\" srcset=\"https:\/\/garciadeoteyza.srvcactus.com\/wp-content\/uploads\/2017\/04\/18_baja.jpg 350w, https:\/\/garciadeoteyza.srvcactus.com\/wp-content\/uploads\/2017\/04\/18_baja-150x150.jpg 150w, https:\/\/garciadeoteyza.srvcactus.com\/wp-content\/uploads\/2017\/04\/18_baja-300x300.jpg 300w\" sizes=\"(max-width: 350px) 100vw, 350px\" \/>\n\t\t\t<\/dt><\/dl><br style=\"clear: both\" \/><dl class='gallery-item'>\n\t\t\t<dt class='gallery-icon landscape'>\n\t\t\t\t<img loading=\"lazy\" decoding=\"async\" width=\"350\" height=\"350\" src=\"https:\/\/garciadeoteyza.srvcactus.com\/wp-content\/uploads\/2017\/04\/19_baja.jpg\" class=\"attachment-full size-full\" alt=\"\" srcset=\"https:\/\/garciadeoteyza.srvcactus.com\/wp-content\/uploads\/2017\/04\/19_baja.jpg 350w, https:\/\/garciadeoteyza.srvcactus.com\/wp-content\/uploads\/2017\/04\/19_baja-150x150.jpg 150w, https:\/\/garciadeoteyza.srvcactus.com\/wp-content\/uploads\/2017\/04\/19_baja-300x300.jpg 300w\" sizes=\"(max-width: 350px) 100vw, 350px\" \/>\n\t\t\t<\/dt><\/dl><br style=\"clear: both\" \/><dl class='gallery-item'>\n\t\t\t<dt class='gallery-icon landscape'>\n\t\t\t\t<img loading=\"lazy\" decoding=\"async\" width=\"350\" height=\"350\" src=\"https:\/\/garciadeoteyza.srvcactus.com\/wp-content\/uploads\/2017\/04\/20_baja.jpg\" class=\"attachment-full size-full\" alt=\"\" srcset=\"https:\/\/garciadeoteyza.srvcactus.com\/wp-content\/uploads\/2017\/04\/20_baja.jpg 350w, https:\/\/garciadeoteyza.srvcactus.com\/wp-content\/uploads\/2017\/04\/20_baja-150x150.jpg 150w, https:\/\/garciadeoteyza.srvcactus.com\/wp-content\/uploads\/2017\/04\/20_baja-300x300.jpg 300w\" sizes=\"(max-width: 350px) 100vw, 350px\" \/>\n\t\t\t<\/dt><\/dl><br style=\"clear: both\" \/><dl class='gallery-item'>\n\t\t\t<dt class='gallery-icon landscape'>\n\t\t\t\t<img loading=\"lazy\" decoding=\"async\" width=\"350\" height=\"350\" src=\"https:\/\/garciadeoteyza.srvcactus.com\/wp-content\/uploads\/2017\/04\/21_baja.jpg\" class=\"attachment-full size-full\" alt=\"\" srcset=\"https:\/\/garciadeoteyza.srvcactus.com\/wp-content\/uploads\/2017\/04\/21_baja.jpg 350w, https:\/\/garciadeoteyza.srvcactus.com\/wp-content\/uploads\/2017\/04\/21_baja-150x150.jpg 150w, https:\/\/garciadeoteyza.srvcactus.com\/wp-content\/uploads\/2017\/04\/21_baja-300x300.jpg 300w\" sizes=\"(max-width: 350px) 100vw, 350px\" \/>\n\t\t\t<\/dt><\/dl><br style=\"clear: both\" \/>\n\t\t<\/div>\n\n<p>\u00a0 R\u00c9SULTATS DU TEST:<\/p>\n<ul>\n<li>Les sujets NORMAUX verront en ordre, 12, 8, 6, 29, 57, 45, 5, 3, 15, 74, 2, 6, 97, 5, 7, 16, 73, 26, 42, 35, 96.<\/li>\n<li>Les patients ayant une d\u00e9ficience de l\u2019axe rouge-vert voient dans l\u00b4ordre, 12, 3, 5, 70, 35, 2, 5, 17, 21, X, X, X, X, X, X, X, X.<\/li>\n<li>Dans les 4 derni\u00e8res images\n<ul>\n<li>Un protanope (Dalton) verra 6, 2, 5, 6.<\/li>\n<li>Un deut\u00e9ranope (Nagel) verra 2, 4, 3, 9.<\/li>\n<\/ul>\n<\/li>\n<\/ul><\/div>\n\t\t\t<\/div>\n\t\t\t<\/div>\n\t\t\t\t\n\t\t\t\t\n\t\t\t\t\n\t\t\t\t\n\t\t\t<\/div>\n\t\t\t\t\n\t\t\t\t\n\t\t\t<\/div><\/p>\n","protected":false},"excerpt":{"rendered":"","protected":false},"author":1,"featured_media":0,"parent":0,"menu_order":0,"comment_status":"closed","ping_status":"closed","template":"","meta":{"_acf_changed":false,"_et_pb_use_builder":"on","_et_pb_old_content":"","_et_gb_content_width":"","footnotes":""},"class_list":["post-3968","page","type-page","status-publish","hentry"],"acf":[],"dsm_author":{"name":"vayawebs","avatar_url":"https:\/\/secure.gravatar.com\/avatar\/82c5a2f2db86b43a5b2705caddbdce70b2548d393c9107854cbd99403e987108?s=96&d=mm&r=g","archive_link":"https:\/\/garciadeoteyza.srvcactus.com\/fr\/author\/vayawebs\/","biodata":""},"dsm_categories":[],"dsm_attachment_categories":[],"dsm_featured_image":null,"yoast_head":"<!-- This site is optimized with the Yoast SEO plugin v27.2 - https:\/\/yoast.com\/product\/yoast-seo-wordpress\/ -->\n<title>TEST DES COULEURS - Garc\u00eda de Oteyza<\/title>\n<meta name=\"robots\" content=\"index, follow, max-snippet:-1, max-image-preview:large, max-video-preview:-1\" \/>\n<link rel=\"canonical\" href=\"https:\/\/garciadeoteyza.srvcactus.com\/test-de-colores\/\" \/>\n<meta property=\"og:locale\" content=\"fr_FR\" \/>\n<meta property=\"og:type\" content=\"article\" \/>\n<meta property=\"og:title\" content=\"TEST DES COULEURS - Garc\u00eda de Oteyza\" \/>\n<meta property=\"og:url\" content=\"https:\/\/garciadeoteyza.srvcactus.com\/test-de-colores\/\" \/>\n<meta property=\"og:site_name\" content=\"Garc\u00eda de Oteyza\" \/>\n<meta property=\"article:publisher\" content=\"https:\/\/www.facebook.com\/garciadeoteyza\/\" \/>\n<meta property=\"article:modified_time\" content=\"2023-02-09T02:03:38+00:00\" \/>\n<meta property=\"og:image\" content=\"https:\/\/garciadeoteyza.srvcactus.com\/wp-content\/uploads\/2017\/04\/01_baja.jpg\" \/>\n<meta name=\"twitter:card\" content=\"summary_large_image\" \/>\n<meta name=\"twitter:label1\" content=\"Dur\u00e9e de lecture estim\u00e9e\" \/>\n\t<meta name=\"twitter:data1\" content=\"2 minutes\" \/>\n<script type=\"application\/ld+json\" class=\"yoast-schema-graph\">{\"@context\":\"https:\/\/schema.org\",\"@graph\":[{\"@type\":\"WebPage\",\"@id\":\"https:\/\/garciadeoteyza.srvcactus.com\/test-de-colores\/\",\"url\":\"https:\/\/garciadeoteyza.srvcactus.com\/test-de-colores\/\",\"name\":\"TEST DES COULEURS - Garc\u00eda de Oteyza\",\"isPartOf\":{\"@id\":\"https:\/\/garciadeoteyza.srvcactus.com\/it\/#website\"},\"datePublished\":\"2017-04-20T07:13:42+00:00\",\"dateModified\":\"2023-02-09T02:03:38+00:00\",\"breadcrumb\":{\"@id\":\"https:\/\/garciadeoteyza.srvcactus.com\/test-de-colores\/#breadcrumb\"},\"inLanguage\":\"fr-FR\",\"potentialAction\":[{\"@type\":\"ReadAction\",\"target\":[\"https:\/\/garciadeoteyza.srvcactus.com\/test-de-colores\/\"]}]},{\"@type\":\"BreadcrumbList\",\"@id\":\"https:\/\/garciadeoteyza.srvcactus.com\/test-de-colores\/#breadcrumb\",\"itemListElement\":[{\"@type\":\"ListItem\",\"position\":1,\"name\":\"Home\",\"item\":\"https:\/\/garciadeoteyza.srvcactus.com\/\"},{\"@type\":\"ListItem\",\"position\":2,\"name\":\"TEST DES COULEURS\"}]},{\"@type\":\"WebSite\",\"@id\":\"https:\/\/garciadeoteyza.srvcactus.com\/it\/#website\",\"url\":\"https:\/\/garciadeoteyza.srvcactus.com\/it\/\",\"name\":\"Garc\u00eda de Oteyza\",\"description\":\"Oftalmog\u00eda\",\"publisher\":{\"@id\":\"https:\/\/garciadeoteyza.srvcactus.com\/it\/#organization\"},\"potentialAction\":[{\"@type\":\"SearchAction\",\"target\":{\"@type\":\"EntryPoint\",\"urlTemplate\":\"https:\/\/garciadeoteyza.srvcactus.com\/it\/?s={search_term_string}\"},\"query-input\":{\"@type\":\"PropertyValueSpecification\",\"valueRequired\":true,\"valueName\":\"search_term_string\"}}],\"inLanguage\":\"fr-FR\"},{\"@type\":\"Organization\",\"@id\":\"https:\/\/garciadeoteyza.srvcactus.com\/it\/#organization\",\"name\":\"Cl\u00ednica Oftalmol\u00f3gica Garc\u00eda de Oteyza\",\"url\":\"https:\/\/garciadeoteyza.srvcactus.com\/it\/\",\"logo\":{\"@type\":\"ImageObject\",\"inLanguage\":\"fr-FR\",\"@id\":\"https:\/\/garciadeoteyza.srvcactus.com\/it\/#\/schema\/logo\/image\/\",\"url\":\"https:\/\/garciadeoteyza.srvcactus.com\/wp-content\/uploads\/2017\/06\/2017-06-20.gif\",\"contentUrl\":\"https:\/\/garciadeoteyza.srvcactus.com\/wp-content\/uploads\/2017\/06\/2017-06-20.gif\",\"width\":170,\"height\":134,\"caption\":\"Cl\u00ednica Oftalmol\u00f3gica Garc\u00eda de Oteyza\"},\"image\":{\"@id\":\"https:\/\/garciadeoteyza.srvcactus.com\/it\/#\/schema\/logo\/image\/\"},\"sameAs\":[\"https:\/\/www.facebook.com\/garciadeoteyza\/\",\"https:\/\/www.instagram.com\/clinicagarciadeoteyza\/\",\"https:\/\/www.linkedin.com\/in\/cl\u00ednica-oftalmol\u00f3gica-garc\u00eda-de-oteyza-a9622513a\/\",\"https:\/\/www.youtube.com\/channel\/UCoC9Jtfkg-5J_ySpN7admBg\"]}]}<\/script>\n<!-- \/ Yoast SEO plugin. -->","yoast_head_json":{"title":"TEST DES COULEURS - Garc\u00eda de Oteyza","robots":{"index":"index","follow":"follow","max-snippet":"max-snippet:-1","max-image-preview":"max-image-preview:large","max-video-preview":"max-video-preview:-1"},"canonical":"https:\/\/garciadeoteyza.srvcactus.com\/test-de-colores\/","og_locale":"fr_FR","og_type":"article","og_title":"TEST DES COULEURS - Garc\u00eda de Oteyza","og_url":"https:\/\/garciadeoteyza.srvcactus.com\/test-de-colores\/","og_site_name":"Garc\u00eda de Oteyza","article_publisher":"https:\/\/www.facebook.com\/garciadeoteyza\/","article_modified_time":"2023-02-09T02:03:38+00:00","og_image":[{"url":"https:\/\/garciadeoteyza.srvcactus.com\/wp-content\/uploads\/2017\/04\/01_baja.jpg","type":"","width":"","height":""}],"twitter_card":"summary_large_image","twitter_misc":{"Dur\u00e9e de lecture estim\u00e9e":"2 minutes"},"schema":{"@context":"https:\/\/schema.org","@graph":[{"@type":"WebPage","@id":"https:\/\/garciadeoteyza.srvcactus.com\/test-de-colores\/","url":"https:\/\/garciadeoteyza.srvcactus.com\/test-de-colores\/","name":"TEST DES COULEURS - Garc\u00eda de Oteyza","isPartOf":{"@id":"https:\/\/garciadeoteyza.srvcactus.com\/it\/#website"},"datePublished":"2017-04-20T07:13:42+00:00","dateModified":"2023-02-09T02:03:38+00:00","breadcrumb":{"@id":"https:\/\/garciadeoteyza.srvcactus.com\/test-de-colores\/#breadcrumb"},"inLanguage":"fr-FR","potentialAction":[{"@type":"ReadAction","target":["https:\/\/garciadeoteyza.srvcactus.com\/test-de-colores\/"]}]},{"@type":"BreadcrumbList","@id":"https:\/\/garciadeoteyza.srvcactus.com\/test-de-colores\/#breadcrumb","itemListElement":[{"@type":"ListItem","position":1,"name":"Home","item":"https:\/\/garciadeoteyza.srvcactus.com\/"},{"@type":"ListItem","position":2,"name":"TEST DES COULEURS"}]},{"@type":"WebSite","@id":"https:\/\/garciadeoteyza.srvcactus.com\/it\/#website","url":"https:\/\/garciadeoteyza.srvcactus.com\/it\/","name":"Garc\u00eda de Oteyza","description":"Oftalmog\u00eda","publisher":{"@id":"https:\/\/garciadeoteyza.srvcactus.com\/it\/#organization"},"potentialAction":[{"@type":"SearchAction","target":{"@type":"EntryPoint","urlTemplate":"https:\/\/garciadeoteyza.srvcactus.com\/it\/?s={search_term_string}"},"query-input":{"@type":"PropertyValueSpecification","valueRequired":true,"valueName":"search_term_string"}}],"inLanguage":"fr-FR"},{"@type":"Organization","@id":"https:\/\/garciadeoteyza.srvcactus.com\/it\/#organization","name":"Cl\u00ednica Oftalmol\u00f3gica Garc\u00eda de Oteyza","url":"https:\/\/garciadeoteyza.srvcactus.com\/it\/","logo":{"@type":"ImageObject","inLanguage":"fr-FR","@id":"https:\/\/garciadeoteyza.srvcactus.com\/it\/#\/schema\/logo\/image\/","url":"https:\/\/garciadeoteyza.srvcactus.com\/wp-content\/uploads\/2017\/06\/2017-06-20.gif","contentUrl":"https:\/\/garciadeoteyza.srvcactus.com\/wp-content\/uploads\/2017\/06\/2017-06-20.gif","width":170,"height":134,"caption":"Cl\u00ednica Oftalmol\u00f3gica Garc\u00eda de Oteyza"},"image":{"@id":"https:\/\/garciadeoteyza.srvcactus.com\/it\/#\/schema\/logo\/image\/"},"sameAs":["https:\/\/www.facebook.com\/garciadeoteyza\/","https:\/\/www.instagram.com\/clinicagarciadeoteyza\/","https:\/\/www.linkedin.com\/in\/cl\u00ednica-oftalmol\u00f3gica-garc\u00eda-de-oteyza-a9622513a\/","https:\/\/www.youtube.com\/channel\/UCoC9Jtfkg-5J_ySpN7admBg"]}]}},"_links":{"self":[{"href":"https:\/\/garciadeoteyza.srvcactus.com\/fr\/wp-json\/wp\/v2\/pages\/3968","targetHints":{"allow":["GET"]}}],"collection":[{"href":"https:\/\/garciadeoteyza.srvcactus.com\/fr\/wp-json\/wp\/v2\/pages"}],"about":[{"href":"https:\/\/garciadeoteyza.srvcactus.com\/fr\/wp-json\/wp\/v2\/types\/page"}],"author":[{"embeddable":true,"href":"https:\/\/garciadeoteyza.srvcactus.com\/fr\/wp-json\/wp\/v2\/users\/1"}],"replies":[{"embeddable":true,"href":"https:\/\/garciadeoteyza.srvcactus.com\/fr\/wp-json\/wp\/v2\/comments?post=3968"}],"version-history":[{"count":3,"href":"https:\/\/garciadeoteyza.srvcactus.com\/fr\/wp-json\/wp\/v2\/pages\/3968\/revisions"}],"predecessor-version":[{"id":7595,"href":"https:\/\/garciadeoteyza.srvcactus.com\/fr\/wp-json\/wp\/v2\/pages\/3968\/revisions\/7595"}],"wp:attachment":[{"href":"https:\/\/garciadeoteyza.srvcactus.com\/fr\/wp-json\/wp\/v2\/media?parent=3968"}],"curies":[{"name":"wp","href":"https:\/\/api.w.org\/{rel}","templated":true}]}}