{"id":3950,"date":"2017-05-24T13:12:22","date_gmt":"2017-05-24T11:12:22","guid":{"rendered":"https:\/\/garciadeoteyza.srvcactus.com\/myodesopsies-ou-corps-flottants\/"},"modified":"2023-02-09T03:21:58","modified_gmt":"2023-02-09T02:21:58","slug":"myodesopsies-ou-corps-flottants","status":"publish","type":"page","link":"https:\/\/garciadeoteyza.srvcactus.com\/fr\/myodesopsies-ou-corps-flottants\/","title":{"rendered":"MYOD\u00c9SOPSIES OU CORPS FLOTTANTS"},"content":{"rendered":"<p><div class=\"et_d4_element et_pb_section et_pb_section_0 seccion1_general test  et_pb_css_mix_blend_mode et_section_regular et_block_section\" >\n\t\t\t\t\n\t\t\t\t\n\t\t\t\t\n\t\t\t\t\n\t\t\t\t\n\t\t\t\t\n\t\t\t\t<div class=\"et_d4_element et_pb_row et_pb_row_0  et_pb_css_mix_blend_mode et_block_row\">\n\t\t\t\t<div class=\"et_d4_element et_pb_column_4_4 et_pb_column et_pb_column_0  et_pb_css_mix_blend_mode et-last-child et_block_column\">\n\t\t\t\t\n\t\t\t\t\n\t\t\t\t\n\t\t\t\t\n\t\t\t\t<div class=\"et_pb_module et_d4_element et_pb_text et_pb_text_0  et_pb_text_align_left et_pb_bg_layout_light\">\n\t\t\t\t\n\t\t\t\t\n\t\t\t\t\n\t\t\t\t\n\t\t\t\t<div class=\"et_pb_text_inner\"><h1>MYOD\u00c9SOPSIES OU CORPS FLOTTANTS<\/h1><\/div>\n\t\t\t<\/div>\n\t\t\t<\/div>\n\t\t\t\t\n\t\t\t\t\n\t\t\t\t\n\t\t\t\t\n\t\t\t<\/div>\n\t\t\t\t\n\t\t\t\t\n\t\t\t<\/div><div class=\"et_d4_element et_pb_section et_pb_section_1  et_pb_css_mix_blend_mode et_section_regular et_block_section\" >\n\t\t\t\t\n\t\t\t\t\n\t\t\t\t\n\t\t\t\t\n\t\t\t\t\n\t\t\t\t\n\t\t\t\t<div class=\"et_d4_element et_pb_row et_pb_row_1  et_pb_css_mix_blend_mode et_block_row\">\n\t\t\t\t<div class=\"et_d4_element et_pb_column_4_4 et_pb_column et_pb_column_1  et_pb_css_mix_blend_mode et-last-child et_block_column\">\n\t\t\t\t\n\t\t\t\t\n\t\t\t\t\n\t\t\t\t\n\t\t\t\t<div class=\"et_pb_module et_d4_element et_pb_text et_pb_text_1  et_pb_text_align_left et_pb_bg_layout_light\">\n\t\t\t\t\n\t\t\t\t\n\t\t\t\t\n\t\t\t\t\n\t\t\t\t<div class=\"et_pb_text_inner\"><p>Les myod\u00e9sopsies (taches mobiles, mouches, corps flottants) sont un sympt\u00f4me tr\u00e8s courant parmi les patients qui nous rendent visite. Elles apparaissent plus fr\u00e9quemment lorsque le patient regarde une superficie claire comme le ciel, un mur blanc, un livre, et m\u00eame un \u00e9cran d\u2019ordinateur. A l\u2019int\u00e9rieur de l\u2019\u0153il il existe un gel qui s\u2019appelle l\u2019humeur vitr\u00e9e. C\u2019est une structure qui perd sa consistance avec le temps et commence \u00e0 se liqu\u00e9fier. Elle est surtout form\u00e9e de fibres de collag\u00e8ne. Lorsqu\u2019 elles perdent leur structure ces fibres peuvent adopter diff\u00e9rentes formes (pelotes, fils, toiles d\u2019araign\u00e9es, etc.) Lorsque la lumi\u00e8re qui entre au travers de la pupille est en contact avec ces condensations vitr\u00e9es, l\u2019ombre qu\u2019elles produisent est projet\u00e9e sur la r\u00e9tine, et c\u2019est pour cela que le patient observe une tache sombre dans son champ de vision. Comme elles flottent dans l\u2019humeur vitr\u00e9e, on a l\u2019impression qu\u2019elles se d\u00e9placent constamment, et que m\u00eame elles suivent le mouvement des yeux.<\/p><\/div>\n\t\t\t<\/div>\n\t\t\t<\/div>\n\t\t\t\t\n\t\t\t\t\n\t\t\t\t\n\t\t\t\t\n\t\t\t<\/div><div class=\"et_d4_element et_pb_row et_pb_row_2  et_pb_css_mix_blend_mode et_block_row\">\n\t\t\t\t<div class=\"et_d4_element et_pb_column_4_4 et_pb_column et_pb_column_2  et_pb_css_mix_blend_mode et-last-child et_block_column\">\n\t\t\t\t\n\t\t\t\t\n\t\t\t\t\n\t\t\t\t\n\t\t\t\t<div class=\"et_pb_module et_d4_element et_pb_image et_pb_image_0 et_animated et-waypoint\">\n\t\t\t\t\n\t\t\t\t\n\t\t\t\t\n\t\t\t\t\n\t\t\t\t<span class=\"et_pb_image_wrap \"><img loading=\"lazy\" decoding=\"async\" width=\"750\" height=\"750\" src=\"https:\/\/garciadeoteyza.srvcactus.com\/wp-content\/uploads\/2023\/01\/miodesopsia.jpg-e1673978316298.png\" alt=\"\" title=\"miodesopsia.jpg\" srcset=\"https:\/\/garciadeoteyza.srvcactus.com\/wp-content\/uploads\/2023\/01\/miodesopsia.jpg-e1673978316298-750x551.png 750w, https:\/\/garciadeoteyza.srvcactus.com\/wp-content\/uploads\/2023\/01\/miodesopsia.jpg-e1673978316298-480x270.png 480w\" sizes=\"(min-width: 0px) and (max-width: 480px) 480px, (min-width: 481px) and (max-width: 750px) 750px, 100vw\" class=\"wp-image-6776\" \/><\/span>\n\t\t\t<\/div>\n\t\t\t<\/div>\n\t\t\t\t\n\t\t\t\t\n\t\t\t\t\n\t\t\t\t\n\t\t\t<\/div><div class=\"et_d4_element et_pb_row et_pb_row_3  et_pb_css_mix_blend_mode et_block_row\">\n\t\t\t\t<div class=\"et_d4_element et_pb_column_4_4 et_pb_column et_pb_column_3  et_pb_css_mix_blend_mode et-last-child et_block_column\">\n\t\t\t\t\n\t\t\t\t\n\t\t\t\t\n\t\t\t\t\n\t\t\t\t<div class=\"et_pb_module et_d4_element et_pb_text et_pb_text_2  et_pb_text_align_left et_pb_bg_layout_light\">\n\t\t\t\t\n\t\t\t\t\n\t\t\t\t\n\t\t\t\t\n\t\t\t\t<div class=\"et_pb_text_inner\"><p>On les voit chez des individus de plus de 60 ans, et elles sont aussi fr\u00e9quentes chez les myopes, \u00e0 n\u2019importe quel \u00e2ge, car chez eux l\u2019humeur vitr\u00e9e perd sa structure tr\u00e8s t\u00f4t. Les taches mobiles ne sont pas dangereuses. Elles peuvent cependant indiquer un probl\u00e8me de r\u00e9tine. Pour cette raison nous vous recommandons d\u2019aller voir un ophtalmologue si:<\/p>\n<ul>\n<li style=\"font-weight: 400;\">Elles apparaissent pour la premi\u00e8re fois,<\/li>\n<li style=\"font-weight: 400;\">Si elles augmentent,<\/li>\n<li style=\"font-weight: 400;\">Si vous avez des taches mobiles avec des \u00e9clats de scintillements,<\/li>\n<li style=\"font-weight: 400;\">Si une tache noire et fixe apparait.<\/li>\n<li style=\"font-weight: 400;\">Si une toile noire couvrant une partie de la vision apparait.<\/li>\n<\/ul>\n<p>On ne peut pr\u00e9voir les taches mobiles, et en g\u00e9n\u00e9ral aucun traitement n\u2019est recommand\u00e9, sauf si elles sont tr\u00e8s g\u00eanantes pour le patient. La plupart des patients s\u2019habituent \u00e0 leur pr\u00e9sence et les remarquent moins au bout de quelques semaines.<\/p><\/div>\n\t\t\t<\/div>\n\t\t\t<\/div>\n\t\t\t\t\n\t\t\t\t\n\t\t\t\t\n\t\t\t\t\n\t\t\t<\/div>\n\t\t\t\t\n\t\t\t\t\n\t\t\t<\/div><\/p>\n","protected":false},"excerpt":{"rendered":"","protected":false},"author":1,"featured_media":0,"parent":0,"menu_order":0,"comment_status":"closed","ping_status":"closed","template":"","meta":{"_acf_changed":false,"_et_pb_use_builder":"on","_et_pb_old_content":"","_et_gb_content_width":"","footnotes":""},"class_list":["post-3950","page","type-page","status-publish","hentry"],"acf":[],"dsm_author":{"name":"vayawebs","avatar_url":"https:\/\/secure.gravatar.com\/avatar\/82c5a2f2db86b43a5b2705caddbdce70b2548d393c9107854cbd99403e987108?s=96&d=mm&r=g","archive_link":"https:\/\/garciadeoteyza.srvcactus.com\/fr\/author\/vayawebs\/","biodata":""},"dsm_categories":[],"dsm_attachment_categories":[],"dsm_featured_image":null,"yoast_head":"<!-- This site is optimized with the Yoast SEO plugin v27.2 - https:\/\/yoast.com\/product\/yoast-seo-wordpress\/ -->\n<title>MYOD\u00c9SOPSIES OU CORPS FLOTTANTS - Garc\u00eda de Oteyza<\/title>\n<meta name=\"robots\" content=\"index, follow, max-snippet:-1, max-image-preview:large, max-video-preview:-1\" \/>\n<link rel=\"canonical\" href=\"https:\/\/garciadeoteyza.srvcactus.com\/miodesopsias-o-manchas-moviles\/\" \/>\n<meta property=\"og:locale\" content=\"fr_FR\" \/>\n<meta property=\"og:type\" content=\"article\" \/>\n<meta property=\"og:title\" content=\"MYOD\u00c9SOPSIES OU CORPS FLOTTANTS - Garc\u00eda de Oteyza\" \/>\n<meta property=\"og:url\" content=\"https:\/\/garciadeoteyza.srvcactus.com\/miodesopsias-o-manchas-moviles\/\" \/>\n<meta property=\"og:site_name\" content=\"Garc\u00eda de Oteyza\" \/>\n<meta property=\"article:publisher\" content=\"https:\/\/www.facebook.com\/garciadeoteyza\/\" \/>\n<meta property=\"article:modified_time\" content=\"2023-02-09T02:21:58+00:00\" \/>\n<meta name=\"twitter:card\" content=\"summary_large_image\" \/>\n<meta name=\"twitter:label1\" content=\"Dur\u00e9e de lecture estim\u00e9e\" \/>\n\t<meta name=\"twitter:data1\" content=\"3 minutes\" \/>\n<script type=\"application\/ld+json\" class=\"yoast-schema-graph\">{\"@context\":\"https:\/\/schema.org\",\"@graph\":[{\"@type\":\"WebPage\",\"@id\":\"https:\/\/garciadeoteyza.srvcactus.com\/miodesopsias-o-manchas-moviles\/\",\"url\":\"https:\/\/garciadeoteyza.srvcactus.com\/miodesopsias-o-manchas-moviles\/\",\"name\":\"MYOD\u00c9SOPSIES OU CORPS FLOTTANTS - Garc\u00eda de Oteyza\",\"isPartOf\":{\"@id\":\"https:\/\/garciadeoteyza.srvcactus.com\/it\/#website\"},\"datePublished\":\"2017-05-24T11:12:22+00:00\",\"dateModified\":\"2023-02-09T02:21:58+00:00\",\"breadcrumb\":{\"@id\":\"https:\/\/garciadeoteyza.srvcactus.com\/miodesopsias-o-manchas-moviles\/#breadcrumb\"},\"inLanguage\":\"fr-FR\",\"potentialAction\":[{\"@type\":\"ReadAction\",\"target\":[\"https:\/\/garciadeoteyza.srvcactus.com\/miodesopsias-o-manchas-moviles\/\"]}]},{\"@type\":\"BreadcrumbList\",\"@id\":\"https:\/\/garciadeoteyza.srvcactus.com\/miodesopsias-o-manchas-moviles\/#breadcrumb\",\"itemListElement\":[{\"@type\":\"ListItem\",\"position\":1,\"name\":\"Home\",\"item\":\"https:\/\/garciadeoteyza.srvcactus.com\/\"},{\"@type\":\"ListItem\",\"position\":2,\"name\":\"MYOD\u00c9SOPSIES OU CORPS FLOTTANTS\"}]},{\"@type\":\"WebSite\",\"@id\":\"https:\/\/garciadeoteyza.srvcactus.com\/it\/#website\",\"url\":\"https:\/\/garciadeoteyza.srvcactus.com\/it\/\",\"name\":\"Garc\u00eda de Oteyza\",\"description\":\"Oftalmog\u00eda\",\"publisher\":{\"@id\":\"https:\/\/garciadeoteyza.srvcactus.com\/it\/#organization\"},\"potentialAction\":[{\"@type\":\"SearchAction\",\"target\":{\"@type\":\"EntryPoint\",\"urlTemplate\":\"https:\/\/garciadeoteyza.srvcactus.com\/it\/?s={search_term_string}\"},\"query-input\":{\"@type\":\"PropertyValueSpecification\",\"valueRequired\":true,\"valueName\":\"search_term_string\"}}],\"inLanguage\":\"fr-FR\"},{\"@type\":\"Organization\",\"@id\":\"https:\/\/garciadeoteyza.srvcactus.com\/it\/#organization\",\"name\":\"Cl\u00ednica Oftalmol\u00f3gica Garc\u00eda de Oteyza\",\"url\":\"https:\/\/garciadeoteyza.srvcactus.com\/it\/\",\"logo\":{\"@type\":\"ImageObject\",\"inLanguage\":\"fr-FR\",\"@id\":\"https:\/\/garciadeoteyza.srvcactus.com\/it\/#\/schema\/logo\/image\/\",\"url\":\"https:\/\/garciadeoteyza.srvcactus.com\/wp-content\/uploads\/2017\/06\/2017-06-20.gif\",\"contentUrl\":\"https:\/\/garciadeoteyza.srvcactus.com\/wp-content\/uploads\/2017\/06\/2017-06-20.gif\",\"width\":170,\"height\":134,\"caption\":\"Cl\u00ednica Oftalmol\u00f3gica Garc\u00eda de Oteyza\"},\"image\":{\"@id\":\"https:\/\/garciadeoteyza.srvcactus.com\/it\/#\/schema\/logo\/image\/\"},\"sameAs\":[\"https:\/\/www.facebook.com\/garciadeoteyza\/\",\"https:\/\/www.instagram.com\/clinicagarciadeoteyza\/\",\"https:\/\/www.linkedin.com\/in\/cl\u00ednica-oftalmol\u00f3gica-garc\u00eda-de-oteyza-a9622513a\/\",\"https:\/\/www.youtube.com\/channel\/UCoC9Jtfkg-5J_ySpN7admBg\"]}]}<\/script>\n<!-- \/ Yoast SEO plugin. -->","yoast_head_json":{"title":"MYOD\u00c9SOPSIES OU CORPS FLOTTANTS - Garc\u00eda de Oteyza","robots":{"index":"index","follow":"follow","max-snippet":"max-snippet:-1","max-image-preview":"max-image-preview:large","max-video-preview":"max-video-preview:-1"},"canonical":"https:\/\/garciadeoteyza.srvcactus.com\/miodesopsias-o-manchas-moviles\/","og_locale":"fr_FR","og_type":"article","og_title":"MYOD\u00c9SOPSIES OU CORPS FLOTTANTS - Garc\u00eda de Oteyza","og_url":"https:\/\/garciadeoteyza.srvcactus.com\/miodesopsias-o-manchas-moviles\/","og_site_name":"Garc\u00eda de Oteyza","article_publisher":"https:\/\/www.facebook.com\/garciadeoteyza\/","article_modified_time":"2023-02-09T02:21:58+00:00","twitter_card":"summary_large_image","twitter_misc":{"Dur\u00e9e de lecture estim\u00e9e":"3 minutes"},"schema":{"@context":"https:\/\/schema.org","@graph":[{"@type":"WebPage","@id":"https:\/\/garciadeoteyza.srvcactus.com\/miodesopsias-o-manchas-moviles\/","url":"https:\/\/garciadeoteyza.srvcactus.com\/miodesopsias-o-manchas-moviles\/","name":"MYOD\u00c9SOPSIES OU CORPS FLOTTANTS - Garc\u00eda de Oteyza","isPartOf":{"@id":"https:\/\/garciadeoteyza.srvcactus.com\/it\/#website"},"datePublished":"2017-05-24T11:12:22+00:00","dateModified":"2023-02-09T02:21:58+00:00","breadcrumb":{"@id":"https:\/\/garciadeoteyza.srvcactus.com\/miodesopsias-o-manchas-moviles\/#breadcrumb"},"inLanguage":"fr-FR","potentialAction":[{"@type":"ReadAction","target":["https:\/\/garciadeoteyza.srvcactus.com\/miodesopsias-o-manchas-moviles\/"]}]},{"@type":"BreadcrumbList","@id":"https:\/\/garciadeoteyza.srvcactus.com\/miodesopsias-o-manchas-moviles\/#breadcrumb","itemListElement":[{"@type":"ListItem","position":1,"name":"Home","item":"https:\/\/garciadeoteyza.srvcactus.com\/"},{"@type":"ListItem","position":2,"name":"MYOD\u00c9SOPSIES OU CORPS FLOTTANTS"}]},{"@type":"WebSite","@id":"https:\/\/garciadeoteyza.srvcactus.com\/it\/#website","url":"https:\/\/garciadeoteyza.srvcactus.com\/it\/","name":"Garc\u00eda de Oteyza","description":"Oftalmog\u00eda","publisher":{"@id":"https:\/\/garciadeoteyza.srvcactus.com\/it\/#organization"},"potentialAction":[{"@type":"SearchAction","target":{"@type":"EntryPoint","urlTemplate":"https:\/\/garciadeoteyza.srvcactus.com\/it\/?s={search_term_string}"},"query-input":{"@type":"PropertyValueSpecification","valueRequired":true,"valueName":"search_term_string"}}],"inLanguage":"fr-FR"},{"@type":"Organization","@id":"https:\/\/garciadeoteyza.srvcactus.com\/it\/#organization","name":"Cl\u00ednica Oftalmol\u00f3gica Garc\u00eda de Oteyza","url":"https:\/\/garciadeoteyza.srvcactus.com\/it\/","logo":{"@type":"ImageObject","inLanguage":"fr-FR","@id":"https:\/\/garciadeoteyza.srvcactus.com\/it\/#\/schema\/logo\/image\/","url":"https:\/\/garciadeoteyza.srvcactus.com\/wp-content\/uploads\/2017\/06\/2017-06-20.gif","contentUrl":"https:\/\/garciadeoteyza.srvcactus.com\/wp-content\/uploads\/2017\/06\/2017-06-20.gif","width":170,"height":134,"caption":"Cl\u00ednica Oftalmol\u00f3gica Garc\u00eda de Oteyza"},"image":{"@id":"https:\/\/garciadeoteyza.srvcactus.com\/it\/#\/schema\/logo\/image\/"},"sameAs":["https:\/\/www.facebook.com\/garciadeoteyza\/","https:\/\/www.instagram.com\/clinicagarciadeoteyza\/","https:\/\/www.linkedin.com\/in\/cl\u00ednica-oftalmol\u00f3gica-garc\u00eda-de-oteyza-a9622513a\/","https:\/\/www.youtube.com\/channel\/UCoC9Jtfkg-5J_ySpN7admBg"]}]}},"_links":{"self":[{"href":"https:\/\/garciadeoteyza.srvcactus.com\/fr\/wp-json\/wp\/v2\/pages\/3950","targetHints":{"allow":["GET"]}}],"collection":[{"href":"https:\/\/garciadeoteyza.srvcactus.com\/fr\/wp-json\/wp\/v2\/pages"}],"about":[{"href":"https:\/\/garciadeoteyza.srvcactus.com\/fr\/wp-json\/wp\/v2\/types\/page"}],"author":[{"embeddable":true,"href":"https:\/\/garciadeoteyza.srvcactus.com\/fr\/wp-json\/wp\/v2\/users\/1"}],"replies":[{"embeddable":true,"href":"https:\/\/garciadeoteyza.srvcactus.com\/fr\/wp-json\/wp\/v2\/comments?post=3950"}],"version-history":[{"count":4,"href":"https:\/\/garciadeoteyza.srvcactus.com\/fr\/wp-json\/wp\/v2\/pages\/3950\/revisions"}],"predecessor-version":[{"id":7714,"href":"https:\/\/garciadeoteyza.srvcactus.com\/fr\/wp-json\/wp\/v2\/pages\/3950\/revisions\/7714"}],"wp:attachment":[{"href":"https:\/\/garciadeoteyza.srvcactus.com\/fr\/wp-json\/wp\/v2\/media?parent=3950"}],"curies":[{"name":"wp","href":"https:\/\/api.w.org\/{rel}","templated":true}]}}