{"id":3470,"date":"2017-05-04T15:54:45","date_gmt":"2017-05-04T13:54:45","guid":{"rendered":"https:\/\/garciadeoteyza.srvcactus.com\/central-vision-loss\/"},"modified":"2023-02-09T03:09:09","modified_gmt":"2023-02-09T02:09:09","slug":"central-vision-loss","status":"publish","type":"page","link":"https:\/\/garciadeoteyza.srvcactus.com\/en\/central-vision-loss\/","title":{"rendered":"CENTRAL VISION LOSS"},"content":{"rendered":"<p><div class=\"et_d4_element et_pb_section et_pb_section_0 seccion1_general test  et_pb_css_mix_blend_mode et_section_regular et_block_section\" >\n\t\t\t\t\n\t\t\t\t\n\t\t\t\t\n\t\t\t\t\n\t\t\t\t\n\t\t\t\t\n\t\t\t\t<div class=\"et_d4_element et_pb_row et_pb_row_0  et_pb_css_mix_blend_mode et_block_row\">\n\t\t\t\t<div class=\"et_d4_element et_pb_column_4_4 et_pb_column et_pb_column_0  et_pb_css_mix_blend_mode et-last-child et_block_column\">\n\t\t\t\t\n\t\t\t\t\n\t\t\t\t\n\t\t\t\t\n\t\t\t\t<div class=\"et_pb_module et_d4_element et_pb_text et_pb_text_0  et_pb_text_align_left et_pb_bg_layout_light\">\n\t\t\t\t\n\t\t\t\t\n\t\t\t\t\n\t\t\t\t\n\t\t\t\t<div class=\"et_pb_text_inner\"><h1>CENTRAL VISION LOSS<\/h1><\/div>\n\t\t\t<\/div>\n\t\t\t<\/div>\n\t\t\t\t\n\t\t\t\t\n\t\t\t\t\n\t\t\t\t\n\t\t\t<\/div>\n\t\t\t\t\n\t\t\t\t\n\t\t\t<\/div><div class=\"et_d4_element et_pb_section et_pb_section_1  et_pb_css_mix_blend_mode et_section_regular et_block_section\" >\n\t\t\t\t\n\t\t\t\t\n\t\t\t\t\n\t\t\t\t\n\t\t\t\t\n\t\t\t\t\n\t\t\t\t<div class=\"et_d4_element et_pb_row et_pb_row_1  et_pb_css_mix_blend_mode et_block_row\">\n\t\t\t\t<div class=\"et_d4_element et_pb_column_4_4 et_pb_column et_pb_column_1  et_pb_css_mix_blend_mode et-last-child et_block_column\">\n\t\t\t\t\n\t\t\t\t\n\t\t\t\t\n\t\t\t\t\n\t\t\t\t<div class=\"et_pb_module et_d4_element et_pb_text et_pb_text_1  et_pb_text_align_left et_pb_bg_layout_light\">\n\t\t\t\t\n\t\t\t\t\n\t\t\t\t\n\t\t\t\t\n\t\t\t\t<div class=\"et_pb_text_inner\"><p>The affectation of the retina\u2019s central area, the macula, can cause a diminishment of visual acuity and\/or a partial or total loss of central vision. According to the patient\u2019s age and the eye\u2019s characteristics, we can describe various causes.<\/p><\/div>\n\t\t\t<\/div>\n\t\t\t<\/div>\n\t\t\t\t\n\t\t\t\t\n\t\t\t\t\n\t\t\t\t\n\t\t\t<\/div><div class=\"et_d4_element et_pb_row et_pb_row_2  et_pb_css_mix_blend_mode et_block_row\">\n\t\t\t\t<div class=\"et_d4_element et_pb_column_4_4 et_pb_column et_pb_column_2  et_pb_css_mix_blend_mode et-last-child et_block_column\">\n\t\t\t\t\n\t\t\t\t\n\t\t\t\t\n\t\t\t\t\n\t\t\t\t<div class=\"et_pb_module et_d4_element et_pb_image et_pb_image_0 et_animated et-waypoint\">\n\t\t\t\t\n\t\t\t\t\n\t\t\t\t\n\t\t\t\t\n\t\t\t\t<span class=\"et_pb_image_wrap \"><img loading=\"lazy\" decoding=\"async\" width=\"2483\" height=\"2483\" src=\"https:\/\/garciadeoteyza.srvcactus.com\/wp-content\/uploads\/2023\/01\/Perdida-de-vision-central.jpg.png\" alt=\"\" title=\"Perdida de vision central.jpg\" srcset=\"https:\/\/garciadeoteyza.srvcactus.com\/wp-content\/uploads\/2023\/01\/Perdida-de-vision-central.jpg.png 2483w, https:\/\/garciadeoteyza.srvcactus.com\/wp-content\/uploads\/2023\/01\/Perdida-de-vision-central.jpg-1280x1280.png 1280w, https:\/\/garciadeoteyza.srvcactus.com\/wp-content\/uploads\/2023\/01\/Perdida-de-vision-central.jpg-980x980.png 980w, https:\/\/garciadeoteyza.srvcactus.com\/wp-content\/uploads\/2023\/01\/Perdida-de-vision-central.jpg-480x480.png 480w\" sizes=\"(min-width: 0px) and (max-width: 480px) 480px, (min-width: 481px) and (max-width: 980px) 980px, (min-width: 981px) and (max-width: 1280px) 1280px, (min-width: 1281px) 2483px, 100vw\" class=\"wp-image-6740\" \/><\/span>\n\t\t\t<\/div>\n\t\t\t<\/div>\n\t\t\t\t\n\t\t\t\t\n\t\t\t\t\n\t\t\t\t\n\t\t\t<\/div><div class=\"et_d4_element et_pb_row et_pb_row_3  et_pb_css_mix_blend_mode et_block_row\">\n\t\t\t\t<div class=\"et_d4_element et_pb_column_4_4 et_pb_column et_pb_column_3  et_pb_css_mix_blend_mode et-last-child et_block_column\">\n\t\t\t\t\n\t\t\t\t\n\t\t\t\t\n\t\t\t\t\n\t\t\t\t<div class=\"et_pb_module et_d4_element et_pb_text et_pb_text_2  et_pb_text_align_left et_pb_bg_layout_light\">\n\t\t\t\t\n\t\t\t\t\n\t\t\t\t\n\t\t\t\t\n\t\t\t\t<div class=\"et_pb_text_inner\"><h5>AGE-RELATED MACULAR DEGENERATION (AMD)<\/h5><\/div>\n\t\t\t<\/div><div class=\"et_pb_module et_d4_element et_pb_text et_pb_text_3  et_pb_text_align_left et_pb_bg_layout_light\">\n\t\t\t\t\n\t\t\t\t\n\t\t\t\t\n\t\t\t\t\n\t\t\t\t<div class=\"et_pb_text_inner\"><p><span style=\"font-weight: 400;\">Retinal discontinuity at macular level is known as macular hole. This pathology, which can be due to several causes, leads to a truly reduction of visual acuity. Once a macular hole has appeared, it must be treated by means of surgery.<\/span> <span style=\"font-weight: 400;\">These are the most frequent three pathologies that produce central vision diminishment but they aren\u2019t the only ones. We advise you to go to the ophthalmologist\u2019s as quickly as possible should this symptom appear, so that he examines your fundus and, if necessary, performs further complementary tests.<\/span><\/p><\/div>\n\t\t\t<\/div><div class=\"et_pb_module et_d4_element et_pb_text et_pb_text_4  et_pb_text_align_left et_pb_bg_layout_light\">\n\t\t\t\t\n\t\t\t\t\n\t\t\t\t\n\t\t\t\t\n\t\t\t\t<div class=\"et_pb_text_inner\"><h5>CENTRAL SEROUS CHORIORETINOPATHY<\/h5><\/div>\n\t\t\t<\/div><div class=\"et_pb_module et_d4_element et_pb_text et_pb_text_5  et_pb_text_align_left et_pb_bg_layout_light\">\n\t\t\t\t\n\t\t\t\t\n\t\t\t\t\n\t\t\t\t\n\t\t\t\t<div class=\"et_pb_text_inner\"><p>This is, without any doubt, the most common cause of central vision loss. This is a degenerative disease of the macula that leads to a deterioration of the retinal cells as well as the retinal pigment epithelium. There exist two clinical forms of macular degeneration: the atrophic one and the exudative one. Nowadays, the atrophic form lacks of an effective treatment and we can only advise keeping a healthy lifestyle. Following a correct Mediterranean diet as well as giving up smoking may help to slow down the development of this disease. The exudative form is currently treated by means of intravitreal antiangiogenic injections obtaining very good results.<\/p><\/div>\n\t\t\t<\/div><div class=\"et_pb_module et_d4_element et_pb_text et_pb_text_6  et_pb_text_align_left et_pb_bg_layout_light\">\n\t\t\t\t\n\t\t\t\t\n\t\t\t\t\n\t\t\t\t\n\t\t\t\t<div class=\"et_pb_text_inner\"><h5>MACULAR HOLE<\/h5><\/div>\n\t\t\t<\/div><div class=\"et_pb_module et_d4_element et_pb_text et_pb_text_7  et_pb_text_align_left et_pb_bg_layout_light\">\n\t\t\t\t\n\t\t\t\t\n\t\t\t\t\n\t\t\t\t\n\t\t\t\t<div class=\"et_pb_text_inner\"><p><span style=\"font-weight: 400;\">Retinal discontinuity at macular level is known as macular hole. This pathology, which can be due to several causes, leads to a truly reduction of visual acuity. Once a macular hole has appeared, it must be treated by means of surgery.<\/span><\/p><\/div>\n\t\t\t<\/div>\n\t\t\t<\/div>\n\t\t\t\t\n\t\t\t\t\n\t\t\t\t\n\t\t\t\t\n\t\t\t<\/div><div class=\"et_d4_element et_pb_row et_pb_row_4  et_pb_css_mix_blend_mode et_block_row\">\n\t\t\t\t<div class=\"et_d4_element et_pb_column_4_4 et_pb_column et_pb_column_4  et_pb_css_mix_blend_mode et-last-child et_block_column\">\n\t\t\t\t\n\t\t\t\t\n\t\t\t\t\n\t\t\t\t\n\t\t\t\t<div class=\"et_pb_module et_d4_element et_pb_text et_pb_text_8  et_pb_text_align_left et_pb_bg_layout_light\">\n\t\t\t\t\n\t\t\t\t\n\t\t\t\t\n\t\t\t\t\n\t\t\t\t<div class=\"et_pb_text_inner\"><p><span style=\"font-weight: 400;\">This is a disease that normally affects middle-aged men and it usually originates a central vision diminishment. It isn\u2019t such a severe reduction as in AMD, but since it affects working age people it can be really disabling. The most important risk factor to suffer from this problem is stress in first place, followed by the ingestion of corticosteroids. We, therefore, advise reducing stress and avoiding, at all costs, the use of steroids. As months go by the problem generally decreases and most patients don\u2019t need any treatment at all. In case CSC persisted over time, a kind of laser, photodynamic therapy, could be applied to try to solve it.<\/span><\/p><\/div>\n\t\t\t<\/div>\n\t\t\t<\/div>\n\t\t\t\t\n\t\t\t\t\n\t\t\t\t\n\t\t\t\t\n\t\t\t<\/div>\n\t\t\t\t\n\t\t\t\t\n\t\t\t<\/div><\/p>\n","protected":false},"excerpt":{"rendered":"","protected":false},"author":1,"featured_media":0,"parent":0,"menu_order":0,"comment_status":"closed","ping_status":"closed","template":"","meta":{"_acf_changed":false,"_et_pb_use_builder":"on","_et_pb_old_content":"","_et_gb_content_width":"","footnotes":""},"class_list":["post-3470","page","type-page","status-publish","hentry"],"acf":[],"dsm_author":{"name":"vayawebs","avatar_url":"https:\/\/secure.gravatar.com\/avatar\/82c5a2f2db86b43a5b2705caddbdce70b2548d393c9107854cbd99403e987108?s=96&d=mm&r=g","archive_link":"https:\/\/garciadeoteyza.srvcactus.com\/en\/author\/vayawebs\/","biodata":""},"dsm_categories":[],"dsm_attachment_categories":[],"dsm_featured_image":null,"yoast_head":"<!-- This site is optimized with the Yoast SEO plugin v27.2 - https:\/\/yoast.com\/product\/yoast-seo-wordpress\/ -->\n<title>CENTRAL VISION LOSS - Garc\u00eda de Oteyza<\/title>\n<meta name=\"description\" content=\"\u00bfQuieres conocer las principales causas posibles de p\u00e9rdida de visi\u00f3n central? Te contamos las tres patolog\u00edas m\u00e1s frecuentes que lo producen.\" \/>\n<meta name=\"robots\" content=\"index, follow, max-snippet:-1, max-image-preview:large, max-video-preview:-1\" \/>\n<link rel=\"canonical\" href=\"https:\/\/garciadeoteyza.srvcactus.com\/perdida-de-vision-central\/\" \/>\n<meta property=\"og:locale\" content=\"en_US\" \/>\n<meta property=\"og:type\" content=\"article\" \/>\n<meta property=\"og:title\" content=\"CENTRAL VISION LOSS - Garc\u00eda de Oteyza\" \/>\n<meta property=\"og:description\" content=\"\u00bfQuieres conocer las principales causas posibles de p\u00e9rdida de visi\u00f3n central? Te contamos las tres patolog\u00edas m\u00e1s frecuentes que lo producen.\" \/>\n<meta property=\"og:url\" content=\"https:\/\/garciadeoteyza.srvcactus.com\/perdida-de-vision-central\/\" \/>\n<meta property=\"og:site_name\" content=\"Garc\u00eda de Oteyza\" \/>\n<meta property=\"article:publisher\" content=\"https:\/\/www.facebook.com\/garciadeoteyza\/\" \/>\n<meta property=\"article:modified_time\" content=\"2023-02-09T02:09:09+00:00\" \/>\n<meta name=\"twitter:card\" content=\"summary_large_image\" \/>\n<meta name=\"twitter:label1\" content=\"Est. reading time\" \/>\n\t<meta name=\"twitter:data1\" content=\"5 minutes\" \/>\n<script type=\"application\/ld+json\" class=\"yoast-schema-graph\">{\"@context\":\"https:\/\/schema.org\",\"@graph\":[{\"@type\":\"WebPage\",\"@id\":\"https:\/\/garciadeoteyza.srvcactus.com\/perdida-de-vision-central\/\",\"url\":\"https:\/\/garciadeoteyza.srvcactus.com\/perdida-de-vision-central\/\",\"name\":\"CENTRAL VISION LOSS - Garc\u00eda de Oteyza\",\"isPartOf\":{\"@id\":\"https:\/\/garciadeoteyza.srvcactus.com\/it\/#website\"},\"datePublished\":\"2017-05-04T13:54:45+00:00\",\"dateModified\":\"2023-02-09T02:09:09+00:00\",\"description\":\"\u00bfQuieres conocer las principales causas posibles de p\u00e9rdida de visi\u00f3n central? Te contamos las tres patolog\u00edas m\u00e1s frecuentes que lo producen.\",\"breadcrumb\":{\"@id\":\"https:\/\/garciadeoteyza.srvcactus.com\/perdida-de-vision-central\/#breadcrumb\"},\"inLanguage\":\"en-US\",\"potentialAction\":[{\"@type\":\"ReadAction\",\"target\":[\"https:\/\/garciadeoteyza.srvcactus.com\/perdida-de-vision-central\/\"]}]},{\"@type\":\"BreadcrumbList\",\"@id\":\"https:\/\/garciadeoteyza.srvcactus.com\/perdida-de-vision-central\/#breadcrumb\",\"itemListElement\":[{\"@type\":\"ListItem\",\"position\":1,\"name\":\"Home\",\"item\":\"https:\/\/garciadeoteyza.srvcactus.com\/\"},{\"@type\":\"ListItem\",\"position\":2,\"name\":\"CENTRAL VISION LOSS\"}]},{\"@type\":\"WebSite\",\"@id\":\"https:\/\/garciadeoteyza.srvcactus.com\/it\/#website\",\"url\":\"https:\/\/garciadeoteyza.srvcactus.com\/it\/\",\"name\":\"Garc\u00eda de Oteyza\",\"description\":\"Oftalmog\u00eda\",\"publisher\":{\"@id\":\"https:\/\/garciadeoteyza.srvcactus.com\/it\/#organization\"},\"potentialAction\":[{\"@type\":\"SearchAction\",\"target\":{\"@type\":\"EntryPoint\",\"urlTemplate\":\"https:\/\/garciadeoteyza.srvcactus.com\/it\/?s={search_term_string}\"},\"query-input\":{\"@type\":\"PropertyValueSpecification\",\"valueRequired\":true,\"valueName\":\"search_term_string\"}}],\"inLanguage\":\"en-US\"},{\"@type\":\"Organization\",\"@id\":\"https:\/\/garciadeoteyza.srvcactus.com\/it\/#organization\",\"name\":\"Cl\u00ednica Oftalmol\u00f3gica Garc\u00eda de Oteyza\",\"url\":\"https:\/\/garciadeoteyza.srvcactus.com\/it\/\",\"logo\":{\"@type\":\"ImageObject\",\"inLanguage\":\"en-US\",\"@id\":\"https:\/\/garciadeoteyza.srvcactus.com\/it\/#\/schema\/logo\/image\/\",\"url\":\"https:\/\/garciadeoteyza.srvcactus.com\/wp-content\/uploads\/2017\/06\/2017-06-20.gif\",\"contentUrl\":\"https:\/\/garciadeoteyza.srvcactus.com\/wp-content\/uploads\/2017\/06\/2017-06-20.gif\",\"width\":170,\"height\":134,\"caption\":\"Cl\u00ednica Oftalmol\u00f3gica Garc\u00eda de Oteyza\"},\"image\":{\"@id\":\"https:\/\/garciadeoteyza.srvcactus.com\/it\/#\/schema\/logo\/image\/\"},\"sameAs\":[\"https:\/\/www.facebook.com\/garciadeoteyza\/\",\"https:\/\/www.instagram.com\/clinicagarciadeoteyza\/\",\"https:\/\/www.linkedin.com\/in\/cl\u00ednica-oftalmol\u00f3gica-garc\u00eda-de-oteyza-a9622513a\/\",\"https:\/\/www.youtube.com\/channel\/UCoC9Jtfkg-5J_ySpN7admBg\"]}]}<\/script>\n<!-- \/ Yoast SEO plugin. -->","yoast_head_json":{"title":"CENTRAL VISION LOSS - Garc\u00eda de Oteyza","description":"\u00bfQuieres conocer las principales causas posibles de p\u00e9rdida de visi\u00f3n central? Te contamos las tres patolog\u00edas m\u00e1s frecuentes que lo producen.","robots":{"index":"index","follow":"follow","max-snippet":"max-snippet:-1","max-image-preview":"max-image-preview:large","max-video-preview":"max-video-preview:-1"},"canonical":"https:\/\/garciadeoteyza.srvcactus.com\/perdida-de-vision-central\/","og_locale":"en_US","og_type":"article","og_title":"CENTRAL VISION LOSS - Garc\u00eda de Oteyza","og_description":"\u00bfQuieres conocer las principales causas posibles de p\u00e9rdida de visi\u00f3n central? Te contamos las tres patolog\u00edas m\u00e1s frecuentes que lo producen.","og_url":"https:\/\/garciadeoteyza.srvcactus.com\/perdida-de-vision-central\/","og_site_name":"Garc\u00eda de Oteyza","article_publisher":"https:\/\/www.facebook.com\/garciadeoteyza\/","article_modified_time":"2023-02-09T02:09:09+00:00","twitter_card":"summary_large_image","twitter_misc":{"Est. reading time":"5 minutes"},"schema":{"@context":"https:\/\/schema.org","@graph":[{"@type":"WebPage","@id":"https:\/\/garciadeoteyza.srvcactus.com\/perdida-de-vision-central\/","url":"https:\/\/garciadeoteyza.srvcactus.com\/perdida-de-vision-central\/","name":"CENTRAL VISION LOSS - Garc\u00eda de Oteyza","isPartOf":{"@id":"https:\/\/garciadeoteyza.srvcactus.com\/it\/#website"},"datePublished":"2017-05-04T13:54:45+00:00","dateModified":"2023-02-09T02:09:09+00:00","description":"\u00bfQuieres conocer las principales causas posibles de p\u00e9rdida de visi\u00f3n central? Te contamos las tres patolog\u00edas m\u00e1s frecuentes que lo producen.","breadcrumb":{"@id":"https:\/\/garciadeoteyza.srvcactus.com\/perdida-de-vision-central\/#breadcrumb"},"inLanguage":"en-US","potentialAction":[{"@type":"ReadAction","target":["https:\/\/garciadeoteyza.srvcactus.com\/perdida-de-vision-central\/"]}]},{"@type":"BreadcrumbList","@id":"https:\/\/garciadeoteyza.srvcactus.com\/perdida-de-vision-central\/#breadcrumb","itemListElement":[{"@type":"ListItem","position":1,"name":"Home","item":"https:\/\/garciadeoteyza.srvcactus.com\/"},{"@type":"ListItem","position":2,"name":"CENTRAL VISION LOSS"}]},{"@type":"WebSite","@id":"https:\/\/garciadeoteyza.srvcactus.com\/it\/#website","url":"https:\/\/garciadeoteyza.srvcactus.com\/it\/","name":"Garc\u00eda de Oteyza","description":"Oftalmog\u00eda","publisher":{"@id":"https:\/\/garciadeoteyza.srvcactus.com\/it\/#organization"},"potentialAction":[{"@type":"SearchAction","target":{"@type":"EntryPoint","urlTemplate":"https:\/\/garciadeoteyza.srvcactus.com\/it\/?s={search_term_string}"},"query-input":{"@type":"PropertyValueSpecification","valueRequired":true,"valueName":"search_term_string"}}],"inLanguage":"en-US"},{"@type":"Organization","@id":"https:\/\/garciadeoteyza.srvcactus.com\/it\/#organization","name":"Cl\u00ednica Oftalmol\u00f3gica Garc\u00eda de Oteyza","url":"https:\/\/garciadeoteyza.srvcactus.com\/it\/","logo":{"@type":"ImageObject","inLanguage":"en-US","@id":"https:\/\/garciadeoteyza.srvcactus.com\/it\/#\/schema\/logo\/image\/","url":"https:\/\/garciadeoteyza.srvcactus.com\/wp-content\/uploads\/2017\/06\/2017-06-20.gif","contentUrl":"https:\/\/garciadeoteyza.srvcactus.com\/wp-content\/uploads\/2017\/06\/2017-06-20.gif","width":170,"height":134,"caption":"Cl\u00ednica Oftalmol\u00f3gica Garc\u00eda de Oteyza"},"image":{"@id":"https:\/\/garciadeoteyza.srvcactus.com\/it\/#\/schema\/logo\/image\/"},"sameAs":["https:\/\/www.facebook.com\/garciadeoteyza\/","https:\/\/www.instagram.com\/clinicagarciadeoteyza\/","https:\/\/www.linkedin.com\/in\/cl\u00ednica-oftalmol\u00f3gica-garc\u00eda-de-oteyza-a9622513a\/","https:\/\/www.youtube.com\/channel\/UCoC9Jtfkg-5J_ySpN7admBg"]}]}},"_links":{"self":[{"href":"https:\/\/garciadeoteyza.srvcactus.com\/en\/wp-json\/wp\/v2\/pages\/3470","targetHints":{"allow":["GET"]}}],"collection":[{"href":"https:\/\/garciadeoteyza.srvcactus.com\/en\/wp-json\/wp\/v2\/pages"}],"about":[{"href":"https:\/\/garciadeoteyza.srvcactus.com\/en\/wp-json\/wp\/v2\/types\/page"}],"author":[{"embeddable":true,"href":"https:\/\/garciadeoteyza.srvcactus.com\/en\/wp-json\/wp\/v2\/users\/1"}],"replies":[{"embeddable":true,"href":"https:\/\/garciadeoteyza.srvcactus.com\/en\/wp-json\/wp\/v2\/comments?post=3470"}],"version-history":[{"count":3,"href":"https:\/\/garciadeoteyza.srvcactus.com\/en\/wp-json\/wp\/v2\/pages\/3470\/revisions"}],"predecessor-version":[{"id":7644,"href":"https:\/\/garciadeoteyza.srvcactus.com\/en\/wp-json\/wp\/v2\/pages\/3470\/revisions\/7644"}],"wp:attachment":[{"href":"https:\/\/garciadeoteyza.srvcactus.com\/en\/wp-json\/wp\/v2\/media?parent=3470"}],"curies":[{"name":"wp","href":"https:\/\/api.w.org\/{rel}","templated":true}]}}