{"id":6469,"date":"2021-12-06T09:00:51","date_gmt":"2021-12-06T08:00:51","guid":{"rendered":"https:\/\/garciadeoteyza.srvcactus.com\/avis-legal\/"},"modified":"2021-12-09T09:20:32","modified_gmt":"2021-12-09T08:20:32","slug":"avis-legal","status":"publish","type":"page","link":"https:\/\/garciadeoteyza.srvcactus.com\/ca\/avis-legal\/","title":{"rendered":"Av\u00eds legal"},"content":{"rendered":"<h2>CONDICIONES GENERALES<\/h2>\n<p>El uso y acceso a los contenidos que alberga el presente Portal web implica el conocimiento y aceptaci\u00f3n, sin reserva alguna, de todas las cl\u00e1usulas incluidas bajo el presente texto de Aviso Legal que tienen como objetivo informar a los usuarios de las condiciones para efectuar correctamente citado acceso y utilizaci\u00f3n.<\/p>\n<p>La web <a href=\"https:\/\/garciadeoteyza.srvcactus.com\">www.garciadeoteyza.es<\/a> alberga contenidos y productos sujetos a derechos de propiedad intelectual e industrial. La utilizaci\u00f3n abusiva de aquellos, fuera de los l\u00edmites autorizados, ser\u00e1 perseguida por los cauces legales pertinentes, por ello aconsejamos el uso bajo los par\u00e1metros de responsabilidad y buena fe.<\/p>\n<h2>TITULARIDAD<\/h2>\n<p>De conformidad con el art\u00edculo 10 de la Ley 34\/2002, de 11 de julio, de Servicios de la Sociedad de la Informaci\u00f3n y Comercio Electr\u00f3nico, les informamos que la P\u00e1gina Web accesible desde el dominio <a href=\"https:\/\/garciadeoteyza.srvcactus.com\">www.garciadeoteyza.es<\/a>, es titularidad de\u00a0CL\u00cdNICA GARCIA DE OTEYZA S.C.P.\u2013 con\u00a0CIF n\u00ba J67403857\u00a0y sita en\u00a0Barcelona, Calle Doctor Carulla 31-33 Bajos, 08017. CL\u00cdNICA GARCIA DE OTEYZA S.C.P. es titular o dispone de la correspondiente licencia de uso sobre los diferentes contenidos, textos, fotograf\u00edas, dibujos, dise\u00f1os, software, c\u00f3digo fuente e informaciones incorporadas al efecto, expuestos a lo largo del Portal Web.<\/p>\n<h2>OBJETO<\/h2>\n<p>Regular el acceso, navegaci\u00f3n y uso de la P\u00e1gina Web <a href=\"https:\/\/garciadeoteyza.srvcactus.com\">www.garciadeoteyza.es<\/a>. Del mismo modo, se regulan las responsabilidades derivadas de la utilizaci\u00f3n de sus contenidos, textos, gr\u00e1ficos, dibujos, dise\u00f1os, fotograf\u00edas, software, c\u00f3digos, bases de datos, im\u00e1genes, informaciones, as\u00ed como cualquier otra creaci\u00f3n protegida por las leyes nacionales y tratados internacionales sobre propiedad intelectual e industrial, que el titular pone a disposici\u00f3n de los usuarios a trav\u00e9s de su P\u00e1gina Web.<\/p>\n<p>Las condiciones que rigen los diferentes servicios disponibles en <a href=\"https:\/\/garciadeoteyza.srvcactus.com\">www.garciadeoteyza.es<\/a> est\u00e1n sujetas a la siguiente normativa, en la parte que resulte de aplicaci\u00f3n: Ley 34\/2002, de 11 de julio, de Servicios de la Sociedad de la Informaci\u00f3n y Comercio Electr\u00f3nico; Reglamento (UE) 2016\/679 del Parlamento Europeo y del Consejo de 27 de abril de 2016 relativo a la protecci\u00f3n de las personas f\u00edsicas; Ley Org\u00e1nica 3\/2018, de 5 de diciembre, de Protecci\u00f3n de Datos Personales y garant\u00eda de los derechos digitales; Real Decreto Ley 1\/2007, de 16 de Noviembre, que aprueba el Texto Refundido de la Ley General para la Defensa de Consumidores y Usuarios y otras Leyes complementarias; Ley 44\/2006 de Mejora de la Protecci\u00f3n de los consumidores y usuarios, y otras normativas al efecto que pudieran resultar de aplicaci\u00f3n.<\/p>\n<h2>CONTACTO<\/h2>\n<p>CL\u00cdNICA GARCIA DE OTEYZA S.C.P. pone a su disposici\u00f3n un correo electr\u00f3nico, a fin de que el usuario pueda remitir sus consultas si lo desea:\u00a0<a href=\"mailto:dpd@fernandez-vega.com\">info@garciadeoteyza.srvcactus.com<\/a>, pudiendo remitirlas igualmente mediante correo ordinario dirigido a la direcci\u00f3n anteriormente indicada, rese\u00f1ando en el destinatario al \u201cResponsable RGPD\u201d.<\/p>\n<h2>UTILIZACI\u00d3N DE LA P\u00c1GINA WEB Y SERVICIOS<\/h2>\n<p>La navegaci\u00f3n y el uso del Portal web as\u00ed como la mayor\u00eda de los servicios contenidos en el mismo, son completamente gratuitos; cumpliendo de forma expresa y sin ning\u00fan tipo de reservas el presente Aviso Legal.<\/p>\n<p>As\u00ed mismo, el usuario se obliga a usar correctamente el Portal web de conformidad con el contenido del presente Aviso Legal, principios de buena fe y legislaci\u00f3n vigente, prohibi\u00e9ndose de forma expresa cualquier uso il\u00edcito, contrario al orden p\u00fablico y\/o lesivo de los derechos e intereses de las personas, reserv\u00e1ndose CL\u00cdNICA GARCIA DE OTEYZA S.C.P. en estos casos, su derecho a emprender las acciones judiciales que considere oportunas, conforme establece la normativa aplicable.<\/p>\n<h2>DERECHOS DE PROPIEDAD INTELECTUAL E INDUSTRIAL<\/h2>\n<p>CL\u00cdNICA GARCIA DE OTEYZA S.C.P. es titular o tiene la correspondiente licencia de uso sobre los derechos de explotaci\u00f3n de propiedad intelectual e industrial del Portal web www.fernandez-vega.com, as\u00ed como de los contenidos disponibles a trav\u00e9s del mismo, entre otros: los textos, gr\u00e1ficos, dise\u00f1os, logotipos, nombres comerciales, fotograf\u00edas, im\u00e1genes, contenidos audiovisuales o sonoros, software, bases de datos, etc.<\/p>\n<p>El hecho de permitir a los usuarios el acceso a <a href=\"https:\/\/garciadeoteyza.srvcactus.com\">www.garciadeoteyza.es<\/a> no implicar\u00e1, en ning\u00fan caso, la renuncia, transmisi\u00f3n, licencia o cesi\u00f3n, total ni parcial, de dichos derechos, por parte de CL\u00cdNICA GARCIA DE OTEYZA S.C.P.<\/p>\n<ul>\n<li>&#8211; Con car\u00e1cter meramente enunciativo, que no limitativo, se proh\u00edbe a los usuarios del Portal web <a href=\"https:\/\/garciadeoteyza.srvcactus.com\">www.garciadeoteyza.es<\/a> llevar a cabo, cualesquiera de las siguientes actuaciones:<\/li>\n<li>&#8211; Suprimir, eludir o manipular cualesquiera datos de identificaci\u00f3n de los derechos del titular del Portal web o de sus titulares, incorporados a los contenidos, as\u00ed como los dispositivos t\u00e9cnicos de protecci\u00f3n, o cualesquiera mecanismos de informaci\u00f3n y\/o identificaci\u00f3n que se incorporen.<\/li>\n<li>&#8211; Modificar, copiar, reutilizar, explotar, reproducir, comunicar p\u00fablicamente, hacer segundas o posteriores publicaciones, cargar archivos, enviar por correo, transmitir, usar, tratar o distribuir de cualquier forma la totalidad o parte de los contenidos incluidos bajo el presente Portal web para prop\u00f3sitos p\u00fablicos o comerciales, sin autorizaci\u00f3n expresa y por escrito de CL\u00cdNICA GARCIA DE OTEYZA S.C.P. o, en su caso, del titular de los derechos que corresponda.<\/li>\n<li>&#8211; Reproducir, copiar, extraer o reutilizar para uso privado o para comunicaci\u00f3n p\u00fablica, aquellos contenidos considerados como Software o Base de Datos, a tenor de lo expuesto por el Texto Refundido de la Ley de Propiedad Intelectual.<\/li>\n<li>&#8211; El dominio <a style=\"font-size: 15px;\" href=\"https:\/\/garciadeoteyza.srvcactus.com\">www.garciadeoteyza.es<\/a>, es titularidad de CL\u00cdNICA GARCIA DE OTEYZA S.C.P., no podr\u00e1 ser utilizado, en conexi\u00f3n con otros contenidos, productos o servicios que no sean titularidad de CL\u00cdNICA GARCIA DE OTEYZA S.C.P., cuando puedan causar confusi\u00f3n entre los usuarios finales o el descr\u00e9dito de aquella.<\/li>\n<\/ul>\n<h2>RESPONSABILIDADES<\/h2>\n<p>El titular del sitio Web no se hace responsable, a t\u00edtulo enunciativo, de las siguientes actuaciones:<\/p>\n<ul>\n<li>&#8211; Mal uso del Portal web, por parte de los usuarios.<\/li>\n<li>&#8211; La continuidad de los contenidos del Portal web.<\/li>\n<li>&#8211; Los da\u00f1os o perjuicios que causare cualquier persona, bien a si misma o a terceras, en infracci\u00f3n de las condiciones, normas e instrucciones que el titular establece en el Portal web o en el presente Aviso Legal.<\/li>\n<li>&#8211; La presencia de virus y\/o dem\u00e1s componentes da\u00f1inos en el Portal web o en el servidor que los suministra, tanto en lo relativo a la visualizaci\u00f3n de los contenidos por los usuarios como en la descarga de los mismos.<\/li>\n<li>&#8211; Los contenidos y servicios prestados por otras P\u00e1ginas Web a las que pueda tener acceso desde la presente direcci\u00f3n de Internet.<\/li>\n<li>&#8211; El mal funcionamiento de software o plugins (descarga que pudiere realizarse desde el enlace establecido al efecto, en su caso), necesarios para la visualizaci\u00f3n de determinados contenidos albergados en el presente Portal web.<\/li>\n<li>&#8211; La invulnerabilidad del Portal web, ni del software utilizado, distribuido u obtenido del mismo.<\/li>\n<li>&#8211; El mayor o menor rendimiento de los contenidos albergados el Portal web.<\/li>\n<li>&#8211; Los da\u00f1os ocasionados por la vulneraci\u00f3n de los sistemas de seguridad albergados y\/o insertados a trav\u00e9s del Portal web.<\/li>\n<\/ul>\n<h2>DURACI\u00d3N Y MODIFICACI\u00d3N<\/h2>\n<p>El presente Aviso Legal tiene la vigencia que dura su exposici\u00f3n. Por ello, se aconseja a los usuarios que lean con detenimiento su contenido cada vez que accedan al Portal web, \u00fanico modo para conocer el texto actualizado, puesto que CL\u00cdNICA GARCIA DE OTEYZA S.C.P. no est\u00e1 obligado a notificar sus cambios de forma personal a los usuarios.<\/p>\n<p>Asimismo, CL\u00cdNICA GARCIA DE OTEYZA S.C.P. se reserva el derecho a modificar unilateralmente el presente Aviso, en cualquier momento, en su totalidad o parcialmente, surtiendo efectos dicha modificaci\u00f3n desde su publicaci\u00f3n en el Portal web, concretamente, desde su inserci\u00f3n en el enlace \u201cAviso Legal\u201d.<\/p>\n<h2>SUSPENSI\u00d3N<\/h2>\n<p>CL\u00cdNICA GARCIA DE OTEYZA S.C.P. podr\u00e1 optar, unilateralmente, por interrumpir, suspender o dar por finalizado el acceso a los contenidos del Portal web, con independencia de lo dispuesto en el Aviso Legal. Dichas situaciones no alterar\u00e1n la vigencia de las prohibiciones de uso de los contenidos expuestos a lo largo del presente.<\/p>\n<p>CL\u00cdNICA GARCIA DE OTEYZA S.C.P. tomar\u00e1 las medidas pertinentes, en la medida que le fuere posible, para avisar a los usuarios de dichas circunstancias, suspensi\u00f3n, interrupci\u00f3n o t\u00e9rmino de acceso a los contenidos.<\/p>\n<h2>NULIDAD E INEFICACIA<\/h2>\n<p>En caso de que cualquier extremo de las presentes condiciones sea considerado nulo o inaplicable, parcial o totalmente, por cualquier Juzgado, Tribunal u \u00f3rgano administrativo competente, dicha nulidad o inaplicaci\u00f3n no afectar\u00e1 al resto de las condiciones contenidas en el Portal web.<\/p>\n<p>El no ejercicio o ejecuci\u00f3n, por parte de CL\u00cdNICA GARCIA DE OTEYZA S.C.P. de cualquier derecho o disposici\u00f3n contenido en estas condiciones no constituir\u00e1 renuncia al mismo, salvo reconocimiento y acuerdo escrito por su parte.<\/p>\n<h2>LEY APLICABLE Y JURISDICCI\u00d3N<\/h2>\n<p>Todas las cl\u00e1usulas insertas en el presente texto de Aviso Legal se rigen por la normativa espa\u00f1ola. Todo conflicto, controversia o situaci\u00f3n derivada de las presentes condiciones se someter\u00e1 a los Juzgados y Tribunales de Barcelona o donde el titular de la presente P\u00e1gina Web tuviera establecimiento abierto al p\u00fablico, renunciando expresamente las partes a cualquier otro fuero que pudiere corresponderles.<\/p>\n<p>Respecto a la resoluci\u00f3n de litigios en l\u00ednea conforme al art\u00edculo 14.1 del Reglamento (UE) 524\/2013: la Comisi\u00f3n Europea facilita una plataforma de resoluci\u00f3n de litigios en l\u00ednea, la cual se encuentra disponible en el siguiente enlace:\u00a0<a href=\"https:\/\/ec.europa.eu\/consumers\/odr\/\">https:\/\/ec.europa.eu\/consumers\/odr\/.<\/a><\/p>\n","protected":false},"excerpt":{"rendered":"<p>CONDICIONES GENERALES El uso y acceso a los contenidos que alberga el presente Portal web implica el conocimiento y aceptaci\u00f3n, sin reserva alguna, de todas las cl\u00e1usulas incluidas bajo el presente texto de Aviso Legal que tienen como objetivo informar a los usuarios de las condiciones para efectuar correctamente citado acceso y utilizaci\u00f3n. La web [&hellip;]<\/p>\n","protected":false},"author":1,"featured_media":0,"parent":0,"menu_order":0,"comment_status":"closed","ping_status":"closed","template":"","meta":{"_acf_changed":false,"footnotes":""},"class_list":["post-6469","page","type-page","status-publish","hentry"],"acf":[],"dsm_author":{"name":"vayawebs","avatar_url":"https:\/\/secure.gravatar.com\/avatar\/82c5a2f2db86b43a5b2705caddbdce70b2548d393c9107854cbd99403e987108?s=96&d=mm&r=g","archive_link":"https:\/\/garciadeoteyza.srvcactus.com\/ca\/author\/vayawebs\/","biodata":""},"dsm_categories":[],"dsm_attachment_categories":[],"dsm_featured_image":null,"yoast_head":"<!-- This site is optimized with the Yoast SEO plugin v27.2 - https:\/\/yoast.com\/product\/yoast-seo-wordpress\/ -->\n<title>Av\u00eds legal - Garc\u00eda de Oteyza<\/title>\n<meta name=\"robots\" content=\"index, follow, max-snippet:-1, max-image-preview:large, max-video-preview:-1\" \/>\n<link rel=\"canonical\" href=\"https:\/\/garciadeoteyza.srvcactus.com\/aviso-legal\/\" \/>\n<meta property=\"og:locale\" content=\"ca_ES\" \/>\n<meta property=\"og:type\" content=\"article\" \/>\n<meta property=\"og:title\" content=\"Av\u00eds legal - Garc\u00eda de Oteyza\" \/>\n<meta property=\"og:description\" content=\"CONDICIONES GENERALES El uso y acceso a los contenidos que alberga el presente Portal web implica el conocimiento y aceptaci\u00f3n, sin reserva alguna, de todas las cl\u00e1usulas incluidas bajo el presente texto de Aviso Legal que tienen como objetivo informar a los usuarios de las condiciones para efectuar correctamente citado acceso y utilizaci\u00f3n. La web [&hellip;]\" \/>\n<meta property=\"og:url\" content=\"https:\/\/garciadeoteyza.srvcactus.com\/aviso-legal\/\" \/>\n<meta property=\"og:site_name\" content=\"Garc\u00eda de Oteyza\" \/>\n<meta property=\"article:publisher\" content=\"https:\/\/www.facebook.com\/garciadeoteyza\/\" \/>\n<meta property=\"article:modified_time\" content=\"2021-12-09T08:20:32+00:00\" \/>\n<meta name=\"twitter:card\" content=\"summary_large_image\" \/>\n<meta name=\"twitter:label1\" content=\"Temps estimat de lectura\" \/>\n\t<meta name=\"twitter:data1\" content=\"8 minuts\" \/>\n<script type=\"application\/ld+json\" class=\"yoast-schema-graph\">{\"@context\":\"https:\/\/schema.org\",\"@graph\":[{\"@type\":\"WebPage\",\"@id\":\"https:\/\/garciadeoteyza.srvcactus.com\/aviso-legal\/\",\"url\":\"https:\/\/garciadeoteyza.srvcactus.com\/aviso-legal\/\",\"name\":\"Av\u00eds legal - Garc\u00eda de Oteyza\",\"isPartOf\":{\"@id\":\"https:\/\/garciadeoteyza.srvcactus.com\/it\/#website\"},\"datePublished\":\"2021-12-06T08:00:51+00:00\",\"dateModified\":\"2021-12-09T08:20:32+00:00\",\"breadcrumb\":{\"@id\":\"https:\/\/garciadeoteyza.srvcactus.com\/aviso-legal\/#breadcrumb\"},\"inLanguage\":\"ca\",\"potentialAction\":[{\"@type\":\"ReadAction\",\"target\":[\"https:\/\/garciadeoteyza.srvcactus.com\/aviso-legal\/\"]}]},{\"@type\":\"BreadcrumbList\",\"@id\":\"https:\/\/garciadeoteyza.srvcactus.com\/aviso-legal\/#breadcrumb\",\"itemListElement\":[{\"@type\":\"ListItem\",\"position\":1,\"name\":\"Home\",\"item\":\"https:\/\/garciadeoteyza.srvcactus.com\/\"},{\"@type\":\"ListItem\",\"position\":2,\"name\":\"Av\u00eds legal\"}]},{\"@type\":\"WebSite\",\"@id\":\"https:\/\/garciadeoteyza.srvcactus.com\/it\/#website\",\"url\":\"https:\/\/garciadeoteyza.srvcactus.com\/it\/\",\"name\":\"Garc\u00eda de Oteyza\",\"description\":\"Oftalmog\u00eda\",\"publisher\":{\"@id\":\"https:\/\/garciadeoteyza.srvcactus.com\/it\/#organization\"},\"potentialAction\":[{\"@type\":\"SearchAction\",\"target\":{\"@type\":\"EntryPoint\",\"urlTemplate\":\"https:\/\/garciadeoteyza.srvcactus.com\/it\/?s={search_term_string}\"},\"query-input\":{\"@type\":\"PropertyValueSpecification\",\"valueRequired\":true,\"valueName\":\"search_term_string\"}}],\"inLanguage\":\"ca\"},{\"@type\":\"Organization\",\"@id\":\"https:\/\/garciadeoteyza.srvcactus.com\/it\/#organization\",\"name\":\"Cl\u00ednica Oftalmol\u00f3gica Garc\u00eda de Oteyza\",\"url\":\"https:\/\/garciadeoteyza.srvcactus.com\/it\/\",\"logo\":{\"@type\":\"ImageObject\",\"inLanguage\":\"ca\",\"@id\":\"https:\/\/garciadeoteyza.srvcactus.com\/it\/#\/schema\/logo\/image\/\",\"url\":\"https:\/\/garciadeoteyza.srvcactus.com\/wp-content\/uploads\/2017\/06\/2017-06-20.gif\",\"contentUrl\":\"https:\/\/garciadeoteyza.srvcactus.com\/wp-content\/uploads\/2017\/06\/2017-06-20.gif\",\"width\":170,\"height\":134,\"caption\":\"Cl\u00ednica Oftalmol\u00f3gica Garc\u00eda de Oteyza\"},\"image\":{\"@id\":\"https:\/\/garciadeoteyza.srvcactus.com\/it\/#\/schema\/logo\/image\/\"},\"sameAs\":[\"https:\/\/www.facebook.com\/garciadeoteyza\/\",\"https:\/\/www.instagram.com\/clinicagarciadeoteyza\/\",\"https:\/\/www.linkedin.com\/in\/cl\u00ednica-oftalmol\u00f3gica-garc\u00eda-de-oteyza-a9622513a\/\",\"https:\/\/www.youtube.com\/channel\/UCoC9Jtfkg-5J_ySpN7admBg\"]}]}<\/script>\n<!-- \/ Yoast SEO plugin. -->","yoast_head_json":{"title":"Av\u00eds legal - Garc\u00eda de Oteyza","robots":{"index":"index","follow":"follow","max-snippet":"max-snippet:-1","max-image-preview":"max-image-preview:large","max-video-preview":"max-video-preview:-1"},"canonical":"https:\/\/garciadeoteyza.srvcactus.com\/aviso-legal\/","og_locale":"ca_ES","og_type":"article","og_title":"Av\u00eds legal - Garc\u00eda de Oteyza","og_description":"CONDICIONES GENERALES El uso y acceso a los contenidos que alberga el presente Portal web implica el conocimiento y aceptaci\u00f3n, sin reserva alguna, de todas las cl\u00e1usulas incluidas bajo el presente texto de Aviso Legal que tienen como objetivo informar a los usuarios de las condiciones para efectuar correctamente citado acceso y utilizaci\u00f3n. La web [&hellip;]","og_url":"https:\/\/garciadeoteyza.srvcactus.com\/aviso-legal\/","og_site_name":"Garc\u00eda de Oteyza","article_publisher":"https:\/\/www.facebook.com\/garciadeoteyza\/","article_modified_time":"2021-12-09T08:20:32+00:00","twitter_card":"summary_large_image","twitter_misc":{"Temps estimat de lectura":"8 minuts"},"schema":{"@context":"https:\/\/schema.org","@graph":[{"@type":"WebPage","@id":"https:\/\/garciadeoteyza.srvcactus.com\/aviso-legal\/","url":"https:\/\/garciadeoteyza.srvcactus.com\/aviso-legal\/","name":"Av\u00eds legal - Garc\u00eda de Oteyza","isPartOf":{"@id":"https:\/\/garciadeoteyza.srvcactus.com\/it\/#website"},"datePublished":"2021-12-06T08:00:51+00:00","dateModified":"2021-12-09T08:20:32+00:00","breadcrumb":{"@id":"https:\/\/garciadeoteyza.srvcactus.com\/aviso-legal\/#breadcrumb"},"inLanguage":"ca","potentialAction":[{"@type":"ReadAction","target":["https:\/\/garciadeoteyza.srvcactus.com\/aviso-legal\/"]}]},{"@type":"BreadcrumbList","@id":"https:\/\/garciadeoteyza.srvcactus.com\/aviso-legal\/#breadcrumb","itemListElement":[{"@type":"ListItem","position":1,"name":"Home","item":"https:\/\/garciadeoteyza.srvcactus.com\/"},{"@type":"ListItem","position":2,"name":"Av\u00eds legal"}]},{"@type":"WebSite","@id":"https:\/\/garciadeoteyza.srvcactus.com\/it\/#website","url":"https:\/\/garciadeoteyza.srvcactus.com\/it\/","name":"Garc\u00eda de Oteyza","description":"Oftalmog\u00eda","publisher":{"@id":"https:\/\/garciadeoteyza.srvcactus.com\/it\/#organization"},"potentialAction":[{"@type":"SearchAction","target":{"@type":"EntryPoint","urlTemplate":"https:\/\/garciadeoteyza.srvcactus.com\/it\/?s={search_term_string}"},"query-input":{"@type":"PropertyValueSpecification","valueRequired":true,"valueName":"search_term_string"}}],"inLanguage":"ca"},{"@type":"Organization","@id":"https:\/\/garciadeoteyza.srvcactus.com\/it\/#organization","name":"Cl\u00ednica Oftalmol\u00f3gica Garc\u00eda de Oteyza","url":"https:\/\/garciadeoteyza.srvcactus.com\/it\/","logo":{"@type":"ImageObject","inLanguage":"ca","@id":"https:\/\/garciadeoteyza.srvcactus.com\/it\/#\/schema\/logo\/image\/","url":"https:\/\/garciadeoteyza.srvcactus.com\/wp-content\/uploads\/2017\/06\/2017-06-20.gif","contentUrl":"https:\/\/garciadeoteyza.srvcactus.com\/wp-content\/uploads\/2017\/06\/2017-06-20.gif","width":170,"height":134,"caption":"Cl\u00ednica Oftalmol\u00f3gica Garc\u00eda de Oteyza"},"image":{"@id":"https:\/\/garciadeoteyza.srvcactus.com\/it\/#\/schema\/logo\/image\/"},"sameAs":["https:\/\/www.facebook.com\/garciadeoteyza\/","https:\/\/www.instagram.com\/clinicagarciadeoteyza\/","https:\/\/www.linkedin.com\/in\/cl\u00ednica-oftalmol\u00f3gica-garc\u00eda-de-oteyza-a9622513a\/","https:\/\/www.youtube.com\/channel\/UCoC9Jtfkg-5J_ySpN7admBg"]}]}},"_links":{"self":[{"href":"https:\/\/garciadeoteyza.srvcactus.com\/ca\/wp-json\/wp\/v2\/pages\/6469","targetHints":{"allow":["GET"]}}],"collection":[{"href":"https:\/\/garciadeoteyza.srvcactus.com\/ca\/wp-json\/wp\/v2\/pages"}],"about":[{"href":"https:\/\/garciadeoteyza.srvcactus.com\/ca\/wp-json\/wp\/v2\/types\/page"}],"author":[{"embeddable":true,"href":"https:\/\/garciadeoteyza.srvcactus.com\/ca\/wp-json\/wp\/v2\/users\/1"}],"replies":[{"embeddable":true,"href":"https:\/\/garciadeoteyza.srvcactus.com\/ca\/wp-json\/wp\/v2\/comments?post=6469"}],"version-history":[{"count":2,"href":"https:\/\/garciadeoteyza.srvcactus.com\/ca\/wp-json\/wp\/v2\/pages\/6469\/revisions"}],"predecessor-version":[{"id":6569,"href":"https:\/\/garciadeoteyza.srvcactus.com\/ca\/wp-json\/wp\/v2\/pages\/6469\/revisions\/6569"}],"wp:attachment":[{"href":"https:\/\/garciadeoteyza.srvcactus.com\/ca\/wp-json\/wp\/v2\/media?parent=6469"}],"curies":[{"name":"wp","href":"https:\/\/api.w.org\/{rel}","templated":true}]}}