{"id":3264,"date":"2017-05-24T13:03:40","date_gmt":"2017-05-24T11:03:40","guid":{"rendered":"https:\/\/garciadeoteyza.srvcactus.com\/perdua-de-camp-visual\/"},"modified":"2023-02-09T03:07:08","modified_gmt":"2023-02-09T02:07:08","slug":"perdua-de-camp-visual","status":"publish","type":"page","link":"https:\/\/garciadeoteyza.srvcactus.com\/ca\/perdua-de-camp-visual\/","title":{"rendered":"P\u00c8RDUA DE CAMP VISUAL"},"content":{"rendered":"<p><div class=\"et_d4_element et_pb_section et_pb_section_0 seccion1_general test  et_pb_css_mix_blend_mode et_section_regular et_block_section\" >\n\t\t\t\t\n\t\t\t\t\n\t\t\t\t\n\t\t\t\t\n\t\t\t\t\n\t\t\t\t\n\t\t\t\t<div class=\"et_d4_element et_pb_row et_pb_row_0  et_pb_css_mix_blend_mode et_block_row\">\n\t\t\t\t<div class=\"et_d4_element et_pb_column_4_4 et_pb_column et_pb_column_0  et_pb_css_mix_blend_mode et-last-child et_block_column\">\n\t\t\t\t\n\t\t\t\t\n\t\t\t\t\n\t\t\t\t\n\t\t\t\t<div class=\"et_pb_module et_d4_element et_pb_text et_pb_text_0  et_pb_text_align_left et_pb_bg_layout_light\">\n\t\t\t\t\n\t\t\t\t\n\t\t\t\t\n\t\t\t\t\n\t\t\t\t<div class=\"et_pb_text_inner\"><h1><span style=\"font-weight: 400;\">P\u00c8RDUA DE CAMP VISUAL<\/span><\/h1><\/div>\n\t\t\t<\/div>\n\t\t\t<\/div>\n\t\t\t\t\n\t\t\t\t\n\t\t\t\t\n\t\t\t\t\n\t\t\t<\/div>\n\t\t\t\t\n\t\t\t\t\n\t\t\t<\/div><div class=\"et_d4_element et_pb_section et_pb_section_1  et_pb_css_mix_blend_mode et_section_regular et_block_section\" >\n\t\t\t\t\n\t\t\t\t\n\t\t\t\t\n\t\t\t\t\n\t\t\t\t\n\t\t\t\t\n\t\t\t\t<div class=\"et_d4_element et_pb_row et_pb_row_1  et_pb_css_mix_blend_mode et_block_row\">\n\t\t\t\t<div class=\"et_d4_element et_pb_column_4_4 et_pb_column et_pb_column_1  et_pb_css_mix_blend_mode et-last-child et_block_column\">\n\t\t\t\t\n\t\t\t\t\n\t\t\t\t\n\t\t\t\t\n\t\t\t\t<div class=\"et_pb_module et_d4_element et_pb_text et_pb_text_1  et_pb_text_align_left et_pb_bg_layout_light\">\n\t\t\t\t\n\t\t\t\t\n\t\t\t\t\n\t\t\t\t\n\t\t\t\t<div class=\"et_pb_text_inner\"><h4><span style=\"font-weight: 400;\">CAMP VISUAL<\/span><\/h4>\n<p><span style=\"font-weight: 400;\">El camp visual es defineix com la zona de l\u2019espai en la que veiem el que ens envolta. Aquesta zona t\u00e9 uns l\u00edmits: nasal, temporal, superior i inferior, i l\u2019amplitud d\u2019aquest camp de visi\u00f3 tradueix l\u2019estat de salut tant del nervi \u00f2ptic com de les vies \u00f2ptiques, des de l\u2019ull fins les \u00e0rees visuals cerebrals, situades a la zona occipital d\u2019aquest.<\/span> <span style=\"font-weight: 400;\">EN QUINES PATOLOGIES POT APAR\u00c8IXER UNA P\u00c8RDUA DE CAMP DE VISI\u00d3? <\/span> <span style=\"font-weight: 400;\">El camp de visual pot veure\u2019s afectat en moltes malalties neurol\u00f2giques, del nervi \u00f2ptic i tamb\u00e9 retinines com per exemple la retinitis pigment\u00e0ria. <\/span> <span style=\"font-weight: 400;\">De manera especial, es produeix una p\u00e8rdua del camp visual en el glaucoma. El glaucoma \u00e9s una neuropatia \u00f2ptica que succeeix sobretot (encara que no obligat\u00f2riament) per un augment de la pressi\u00f3 intraocular. Aquest increment de la tensi\u00f3 pot malmetre la capa de fibres nervioses i, en conseq\u00fc\u00e8ncia, el nervi \u00f2ptic produint una alteraci\u00f3 del camp visual, el qual es va deteriorant progressivament reduint-se de forma conc\u00e8ntrica i podent acabar en ceguesa. <\/span><\/p><\/div>\n\t\t\t<\/div>\n\t\t\t<\/div>\n\t\t\t\t\n\t\t\t\t\n\t\t\t\t\n\t\t\t\t\n\t\t\t<\/div><div class=\"et_d4_element et_pb_row et_pb_row_2  et_pb_css_mix_blend_mode et_block_row\">\n\t\t\t\t<div class=\"et_d4_element et_pb_column_4_4 et_pb_column et_pb_column_2  et_pb_css_mix_blend_mode et-last-child et_block_column\">\n\t\t\t\t\n\t\t\t\t\n\t\t\t\t\n\t\t\t\t\n\t\t\t\t<div class=\"et_pb_module et_d4_element et_pb_image et_pb_image_0 et_animated et-waypoint\">\n\t\t\t\t\n\t\t\t\t\n\t\t\t\t\n\t\t\t\t\n\t\t\t\t<span class=\"et_pb_image_wrap \"><img loading=\"lazy\" decoding=\"async\" width=\"2480\" height=\"2483\" src=\"https:\/\/garciadeoteyza.srvcactus.com\/wp-content\/uploads\/2023\/01\/Perdida-de-campo.png\" alt=\"\" title=\"Perdida de campo\" srcset=\"https:\/\/garciadeoteyza.srvcactus.com\/wp-content\/uploads\/2023\/01\/Perdida-de-campo.png 2480w, https:\/\/garciadeoteyza.srvcactus.com\/wp-content\/uploads\/2023\/01\/Perdida-de-campo-1280x1282.png 1280w, https:\/\/garciadeoteyza.srvcactus.com\/wp-content\/uploads\/2023\/01\/Perdida-de-campo-980x981.png 980w, https:\/\/garciadeoteyza.srvcactus.com\/wp-content\/uploads\/2023\/01\/Perdida-de-campo-480x481.png 480w\" sizes=\"(min-width: 0px) and (max-width: 480px) 480px, (min-width: 481px) and (max-width: 980px) 980px, (min-width: 981px) and (max-width: 1280px) 1280px, (min-width: 1281px) 2480px, 100vw\" class=\"wp-image-6788\" \/><\/span>\n\t\t\t<\/div>\n\t\t\t<\/div>\n\t\t\t\t\n\t\t\t\t\n\t\t\t\t\n\t\t\t\t\n\t\t\t<\/div><div class=\"et_d4_element et_pb_row et_pb_row_3  et_pb_css_mix_blend_mode et_block_row\">\n\t\t\t\t<div class=\"et_d4_element et_pb_column_4_4 et_pb_column et_pb_column_3  et_pb_css_mix_blend_mode et-last-child et_block_column\">\n\t\t\t\t\n\t\t\t\t\n\t\t\t\t\n\t\t\t\t\n\t\t\t\t<div class=\"et_pb_module et_d4_element et_pb_text et_pb_text_2  et_pb_text_align_left et_pb_bg_layout_light\">\n\t\t\t\t\n\t\t\t\t\n\t\t\t\t\n\t\t\t\t\n\t\t\t\t<div class=\"et_pb_text_inner\"><h4><span style=\"font-weight: 400;\">QU\u00c8 FER SI NOTEU UNA P\u00c8RDUA DE CAMP VISUAL?<\/span><\/h4>\n<p><span style=\"font-weight: 400;\">Davant d\u2019una p\u00e8rdua de camp visual \u00e9s imprescindible una visita, tan aviat com es pugui, amb un oftalm\u00f2leg. Sovint la p\u00e8rdua de camp visual \u00e9s lenta i silent, i \u00e9s per aix\u00f2 que \u00e9s recomanable fer una visita a partir dels 40 anys per a verificar l\u2019estat de la pressi\u00f3, el nervi \u00f2ptic i la retina.<\/span> <span style=\"font-weight: 400;\">La prevenci\u00f3 \u00e9s la millor arma per a combatre el glaucoma at\u00e8s que existeixen tractaments efica\u00e7os per a reduir la pressi\u00f3 intraocular, sobretot si el problema s\u2019agafa a temps.<\/span><\/p><\/div>\n\t\t\t<\/div>\n\t\t\t<\/div>\n\t\t\t\t\n\t\t\t\t\n\t\t\t\t\n\t\t\t\t\n\t\t\t<\/div>\n\t\t\t\t\n\t\t\t\t\n\t\t\t<\/div><\/p>\n","protected":false},"excerpt":{"rendered":"","protected":false},"author":1,"featured_media":0,"parent":0,"menu_order":0,"comment_status":"closed","ping_status":"closed","template":"","meta":{"_acf_changed":false,"_et_pb_use_builder":"on","_et_pb_old_content":"","_et_gb_content_width":"","footnotes":""},"class_list":["post-3264","page","type-page","status-publish","hentry"],"acf":[],"dsm_author":{"name":"vayawebs","avatar_url":"https:\/\/secure.gravatar.com\/avatar\/82c5a2f2db86b43a5b2705caddbdce70b2548d393c9107854cbd99403e987108?s=96&d=mm&r=g","archive_link":"https:\/\/garciadeoteyza.srvcactus.com\/ca\/author\/vayawebs\/","biodata":""},"dsm_categories":[],"dsm_attachment_categories":[],"dsm_featured_image":null,"yoast_head":"<!-- This site is optimized with the Yoast SEO plugin v27.2 - https:\/\/yoast.com\/product\/yoast-seo-wordpress\/ -->\n<title>P\u00c8RDUA DE CAMP VISUAL - Garc\u00eda de Oteyza<\/title>\n<meta name=\"description\" content=\"\u00bfHas notado una p\u00e9rdida de tu campo visual? Si es as\u00ed, te interesar\u00e1 saber cual es la causa m\u00e1s frecuentemente relacionada.\" \/>\n<meta name=\"robots\" content=\"index, follow, max-snippet:-1, max-image-preview:large, max-video-preview:-1\" \/>\n<link rel=\"canonical\" href=\"https:\/\/garciadeoteyza.srvcactus.com\/perdida-de-campo-visual\/\" \/>\n<meta property=\"og:locale\" content=\"ca_ES\" \/>\n<meta property=\"og:type\" content=\"article\" \/>\n<meta property=\"og:title\" content=\"P\u00c8RDUA DE CAMP VISUAL - Garc\u00eda de Oteyza\" \/>\n<meta property=\"og:description\" content=\"\u00bfHas notado una p\u00e9rdida de tu campo visual? Si es as\u00ed, te interesar\u00e1 saber cual es la causa m\u00e1s frecuentemente relacionada.\" \/>\n<meta property=\"og:url\" content=\"https:\/\/garciadeoteyza.srvcactus.com\/perdida-de-campo-visual\/\" \/>\n<meta property=\"og:site_name\" content=\"Garc\u00eda de Oteyza\" \/>\n<meta property=\"article:publisher\" content=\"https:\/\/www.facebook.com\/garciadeoteyza\/\" \/>\n<meta property=\"article:modified_time\" content=\"2023-02-09T02:07:08+00:00\" \/>\n<meta name=\"twitter:card\" content=\"summary_large_image\" \/>\n<meta name=\"twitter:label1\" content=\"Temps estimat de lectura\" \/>\n\t<meta name=\"twitter:data1\" content=\"3 minuts\" \/>\n<script type=\"application\/ld+json\" class=\"yoast-schema-graph\">{\"@context\":\"https:\/\/schema.org\",\"@graph\":[{\"@type\":\"WebPage\",\"@id\":\"https:\/\/garciadeoteyza.srvcactus.com\/perdida-de-campo-visual\/\",\"url\":\"https:\/\/garciadeoteyza.srvcactus.com\/perdida-de-campo-visual\/\",\"name\":\"P\u00c8RDUA DE CAMP VISUAL - Garc\u00eda de Oteyza\",\"isPartOf\":{\"@id\":\"https:\/\/garciadeoteyza.srvcactus.com\/it\/#website\"},\"datePublished\":\"2017-05-24T11:03:40+00:00\",\"dateModified\":\"2023-02-09T02:07:08+00:00\",\"description\":\"\u00bfHas notado una p\u00e9rdida de tu campo visual? Si es as\u00ed, te interesar\u00e1 saber cual es la causa m\u00e1s frecuentemente relacionada.\",\"breadcrumb\":{\"@id\":\"https:\/\/garciadeoteyza.srvcactus.com\/perdida-de-campo-visual\/#breadcrumb\"},\"inLanguage\":\"ca\",\"potentialAction\":[{\"@type\":\"ReadAction\",\"target\":[\"https:\/\/garciadeoteyza.srvcactus.com\/perdida-de-campo-visual\/\"]}]},{\"@type\":\"BreadcrumbList\",\"@id\":\"https:\/\/garciadeoteyza.srvcactus.com\/perdida-de-campo-visual\/#breadcrumb\",\"itemListElement\":[{\"@type\":\"ListItem\",\"position\":1,\"name\":\"Home\",\"item\":\"https:\/\/garciadeoteyza.srvcactus.com\/\"},{\"@type\":\"ListItem\",\"position\":2,\"name\":\"P\u00c8RDUA DE CAMP VISUAL\"}]},{\"@type\":\"WebSite\",\"@id\":\"https:\/\/garciadeoteyza.srvcactus.com\/it\/#website\",\"url\":\"https:\/\/garciadeoteyza.srvcactus.com\/it\/\",\"name\":\"Garc\u00eda de Oteyza\",\"description\":\"Oftalmog\u00eda\",\"publisher\":{\"@id\":\"https:\/\/garciadeoteyza.srvcactus.com\/it\/#organization\"},\"potentialAction\":[{\"@type\":\"SearchAction\",\"target\":{\"@type\":\"EntryPoint\",\"urlTemplate\":\"https:\/\/garciadeoteyza.srvcactus.com\/it\/?s={search_term_string}\"},\"query-input\":{\"@type\":\"PropertyValueSpecification\",\"valueRequired\":true,\"valueName\":\"search_term_string\"}}],\"inLanguage\":\"ca\"},{\"@type\":\"Organization\",\"@id\":\"https:\/\/garciadeoteyza.srvcactus.com\/it\/#organization\",\"name\":\"Cl\u00ednica Oftalmol\u00f3gica Garc\u00eda de Oteyza\",\"url\":\"https:\/\/garciadeoteyza.srvcactus.com\/it\/\",\"logo\":{\"@type\":\"ImageObject\",\"inLanguage\":\"ca\",\"@id\":\"https:\/\/garciadeoteyza.srvcactus.com\/it\/#\/schema\/logo\/image\/\",\"url\":\"https:\/\/garciadeoteyza.srvcactus.com\/wp-content\/uploads\/2017\/06\/2017-06-20.gif\",\"contentUrl\":\"https:\/\/garciadeoteyza.srvcactus.com\/wp-content\/uploads\/2017\/06\/2017-06-20.gif\",\"width\":170,\"height\":134,\"caption\":\"Cl\u00ednica Oftalmol\u00f3gica Garc\u00eda de Oteyza\"},\"image\":{\"@id\":\"https:\/\/garciadeoteyza.srvcactus.com\/it\/#\/schema\/logo\/image\/\"},\"sameAs\":[\"https:\/\/www.facebook.com\/garciadeoteyza\/\",\"https:\/\/www.instagram.com\/clinicagarciadeoteyza\/\",\"https:\/\/www.linkedin.com\/in\/cl\u00ednica-oftalmol\u00f3gica-garc\u00eda-de-oteyza-a9622513a\/\",\"https:\/\/www.youtube.com\/channel\/UCoC9Jtfkg-5J_ySpN7admBg\"]}]}<\/script>\n<!-- \/ Yoast SEO plugin. -->","yoast_head_json":{"title":"P\u00c8RDUA DE CAMP VISUAL - Garc\u00eda de Oteyza","description":"\u00bfHas notado una p\u00e9rdida de tu campo visual? Si es as\u00ed, te interesar\u00e1 saber cual es la causa m\u00e1s frecuentemente relacionada.","robots":{"index":"index","follow":"follow","max-snippet":"max-snippet:-1","max-image-preview":"max-image-preview:large","max-video-preview":"max-video-preview:-1"},"canonical":"https:\/\/garciadeoteyza.srvcactus.com\/perdida-de-campo-visual\/","og_locale":"ca_ES","og_type":"article","og_title":"P\u00c8RDUA DE CAMP VISUAL - Garc\u00eda de Oteyza","og_description":"\u00bfHas notado una p\u00e9rdida de tu campo visual? Si es as\u00ed, te interesar\u00e1 saber cual es la causa m\u00e1s frecuentemente relacionada.","og_url":"https:\/\/garciadeoteyza.srvcactus.com\/perdida-de-campo-visual\/","og_site_name":"Garc\u00eda de Oteyza","article_publisher":"https:\/\/www.facebook.com\/garciadeoteyza\/","article_modified_time":"2023-02-09T02:07:08+00:00","twitter_card":"summary_large_image","twitter_misc":{"Temps estimat de lectura":"3 minuts"},"schema":{"@context":"https:\/\/schema.org","@graph":[{"@type":"WebPage","@id":"https:\/\/garciadeoteyza.srvcactus.com\/perdida-de-campo-visual\/","url":"https:\/\/garciadeoteyza.srvcactus.com\/perdida-de-campo-visual\/","name":"P\u00c8RDUA DE CAMP VISUAL - Garc\u00eda de Oteyza","isPartOf":{"@id":"https:\/\/garciadeoteyza.srvcactus.com\/it\/#website"},"datePublished":"2017-05-24T11:03:40+00:00","dateModified":"2023-02-09T02:07:08+00:00","description":"\u00bfHas notado una p\u00e9rdida de tu campo visual? Si es as\u00ed, te interesar\u00e1 saber cual es la causa m\u00e1s frecuentemente relacionada.","breadcrumb":{"@id":"https:\/\/garciadeoteyza.srvcactus.com\/perdida-de-campo-visual\/#breadcrumb"},"inLanguage":"ca","potentialAction":[{"@type":"ReadAction","target":["https:\/\/garciadeoteyza.srvcactus.com\/perdida-de-campo-visual\/"]}]},{"@type":"BreadcrumbList","@id":"https:\/\/garciadeoteyza.srvcactus.com\/perdida-de-campo-visual\/#breadcrumb","itemListElement":[{"@type":"ListItem","position":1,"name":"Home","item":"https:\/\/garciadeoteyza.srvcactus.com\/"},{"@type":"ListItem","position":2,"name":"P\u00c8RDUA DE CAMP VISUAL"}]},{"@type":"WebSite","@id":"https:\/\/garciadeoteyza.srvcactus.com\/it\/#website","url":"https:\/\/garciadeoteyza.srvcactus.com\/it\/","name":"Garc\u00eda de Oteyza","description":"Oftalmog\u00eda","publisher":{"@id":"https:\/\/garciadeoteyza.srvcactus.com\/it\/#organization"},"potentialAction":[{"@type":"SearchAction","target":{"@type":"EntryPoint","urlTemplate":"https:\/\/garciadeoteyza.srvcactus.com\/it\/?s={search_term_string}"},"query-input":{"@type":"PropertyValueSpecification","valueRequired":true,"valueName":"search_term_string"}}],"inLanguage":"ca"},{"@type":"Organization","@id":"https:\/\/garciadeoteyza.srvcactus.com\/it\/#organization","name":"Cl\u00ednica Oftalmol\u00f3gica Garc\u00eda de Oteyza","url":"https:\/\/garciadeoteyza.srvcactus.com\/it\/","logo":{"@type":"ImageObject","inLanguage":"ca","@id":"https:\/\/garciadeoteyza.srvcactus.com\/it\/#\/schema\/logo\/image\/","url":"https:\/\/garciadeoteyza.srvcactus.com\/wp-content\/uploads\/2017\/06\/2017-06-20.gif","contentUrl":"https:\/\/garciadeoteyza.srvcactus.com\/wp-content\/uploads\/2017\/06\/2017-06-20.gif","width":170,"height":134,"caption":"Cl\u00ednica Oftalmol\u00f3gica Garc\u00eda de Oteyza"},"image":{"@id":"https:\/\/garciadeoteyza.srvcactus.com\/it\/#\/schema\/logo\/image\/"},"sameAs":["https:\/\/www.facebook.com\/garciadeoteyza\/","https:\/\/www.instagram.com\/clinicagarciadeoteyza\/","https:\/\/www.linkedin.com\/in\/cl\u00ednica-oftalmol\u00f3gica-garc\u00eda-de-oteyza-a9622513a\/","https:\/\/www.youtube.com\/channel\/UCoC9Jtfkg-5J_ySpN7admBg"]}]}},"_links":{"self":[{"href":"https:\/\/garciadeoteyza.srvcactus.com\/ca\/wp-json\/wp\/v2\/pages\/3264","targetHints":{"allow":["GET"]}}],"collection":[{"href":"https:\/\/garciadeoteyza.srvcactus.com\/ca\/wp-json\/wp\/v2\/pages"}],"about":[{"href":"https:\/\/garciadeoteyza.srvcactus.com\/ca\/wp-json\/wp\/v2\/types\/page"}],"author":[{"embeddable":true,"href":"https:\/\/garciadeoteyza.srvcactus.com\/ca\/wp-json\/wp\/v2\/users\/1"}],"replies":[{"embeddable":true,"href":"https:\/\/garciadeoteyza.srvcactus.com\/ca\/wp-json\/wp\/v2\/comments?post=3264"}],"version-history":[{"count":3,"href":"https:\/\/garciadeoteyza.srvcactus.com\/ca\/wp-json\/wp\/v2\/pages\/3264\/revisions"}],"predecessor-version":[{"id":7629,"href":"https:\/\/garciadeoteyza.srvcactus.com\/ca\/wp-json\/wp\/v2\/pages\/3264\/revisions\/7629"}],"wp:attachment":[{"href":"https:\/\/garciadeoteyza.srvcactus.com\/ca\/wp-json\/wp\/v2\/media?parent=3264"}],"curies":[{"name":"wp","href":"https:\/\/api.w.org\/{rel}","templated":true}]}}