{"id":3246,"date":"2017-05-04T15:54:45","date_gmt":"2017-05-04T13:54:45","guid":{"rendered":"https:\/\/garciadeoteyza.srvcactus.com\/perdua-de-visio-central\/"},"modified":"2023-02-09T03:08:46","modified_gmt":"2023-02-09T02:08:46","slug":"perdua-de-visio-central","status":"publish","type":"page","link":"https:\/\/garciadeoteyza.srvcactus.com\/ca\/perdua-de-visio-central\/","title":{"rendered":"P\u00c8RDUA DE VISI\u00d3 CENTRAL"},"content":{"rendered":"<p><div class=\"et_d4_element et_pb_section et_pb_section_0 seccion1_general test  et_pb_css_mix_blend_mode et_section_regular et_block_section\" >\n\t\t\t\t\n\t\t\t\t\n\t\t\t\t\n\t\t\t\t\n\t\t\t\t\n\t\t\t\t\n\t\t\t\t<div class=\"et_d4_element et_pb_row et_pb_row_0  et_pb_css_mix_blend_mode et_block_row\">\n\t\t\t\t<div class=\"et_d4_element et_pb_column_4_4 et_pb_column et_pb_column_0  et_pb_css_mix_blend_mode et-last-child et_block_column\">\n\t\t\t\t\n\t\t\t\t\n\t\t\t\t\n\t\t\t\t\n\t\t\t\t<div class=\"et_pb_module et_d4_element et_pb_text et_pb_text_0  et_pb_text_align_left et_pb_bg_layout_light\">\n\t\t\t\t\n\t\t\t\t\n\t\t\t\t\n\t\t\t\t\n\t\t\t\t<div class=\"et_pb_text_inner\"><h1><span style=\"font-weight: 400;\">P\u00c8RDUA DE VISI\u00d3 CENTRAL<\/span><\/h1><\/div>\n\t\t\t<\/div>\n\t\t\t<\/div>\n\t\t\t\t\n\t\t\t\t\n\t\t\t\t\n\t\t\t\t\n\t\t\t<\/div>\n\t\t\t\t\n\t\t\t\t\n\t\t\t<\/div><div class=\"et_d4_element et_pb_section et_pb_section_1  et_pb_css_mix_blend_mode et_section_regular et_block_section\" >\n\t\t\t\t\n\t\t\t\t\n\t\t\t\t\n\t\t\t\t\n\t\t\t\t\n\t\t\t\t\n\t\t\t\t<div class=\"et_d4_element et_pb_row et_pb_row_1  et_pb_css_mix_blend_mode et_block_row\">\n\t\t\t\t<div class=\"et_d4_element et_pb_column_4_4 et_pb_column et_pb_column_1  et_pb_css_mix_blend_mode et-last-child et_block_column\">\n\t\t\t\t\n\t\t\t\t\n\t\t\t\t\n\t\t\t\t\n\t\t\t\t<div class=\"et_pb_module et_d4_element et_pb_text et_pb_text_1  et_pb_text_align_left et_pb_bg_layout_light\">\n\t\t\t\t\n\t\t\t\t\n\t\t\t\t\n\t\t\t\t\n\t\t\t\t<div class=\"et_pb_text_inner\"><p><span style=\"font-weight: 400;\">L\u2019afectaci\u00f3 de la zona central de la retina, la m\u00e0cula, pot provocar una disminuci\u00f3 de l\u2019agudesa visual i\/o p\u00e8rdua parcial o completa de la visi\u00f3 central. En funci\u00f3 de l\u2019edat del pacient i de les caracter\u00edstiques de l\u2019ull, podem descriure\u2019n v\u00e0ries causes.<\/span><\/p><\/div>\n\t\t\t<\/div>\n\t\t\t<\/div>\n\t\t\t\t\n\t\t\t\t\n\t\t\t\t\n\t\t\t\t\n\t\t\t<\/div><div class=\"et_d4_element et_pb_row et_pb_row_2  et_pb_css_mix_blend_mode et_block_row\">\n\t\t\t\t<div class=\"et_d4_element et_pb_column_4_4 et_pb_column et_pb_column_2  et_pb_css_mix_blend_mode et-last-child et_block_column\">\n\t\t\t\t\n\t\t\t\t\n\t\t\t\t\n\t\t\t\t\n\t\t\t\t<div class=\"et_pb_module et_d4_element et_pb_image et_pb_image_0 et_animated et-waypoint\">\n\t\t\t\t\n\t\t\t\t\n\t\t\t\t\n\t\t\t\t\n\t\t\t\t<span class=\"et_pb_image_wrap \"><img loading=\"lazy\" decoding=\"async\" width=\"2483\" height=\"2483\" src=\"https:\/\/garciadeoteyza.srvcactus.com\/wp-content\/uploads\/2023\/01\/Perdida-de-vision-central.jpg.png\" alt=\"\" title=\"Perdida de vision central.jpg\" srcset=\"https:\/\/garciadeoteyza.srvcactus.com\/wp-content\/uploads\/2023\/01\/Perdida-de-vision-central.jpg.png 2483w, https:\/\/garciadeoteyza.srvcactus.com\/wp-content\/uploads\/2023\/01\/Perdida-de-vision-central.jpg-1280x1280.png 1280w, https:\/\/garciadeoteyza.srvcactus.com\/wp-content\/uploads\/2023\/01\/Perdida-de-vision-central.jpg-980x980.png 980w, https:\/\/garciadeoteyza.srvcactus.com\/wp-content\/uploads\/2023\/01\/Perdida-de-vision-central.jpg-480x480.png 480w\" sizes=\"(min-width: 0px) and (max-width: 480px) 480px, (min-width: 481px) and (max-width: 980px) 980px, (min-width: 981px) and (max-width: 1280px) 1280px, (min-width: 1281px) 2483px, 100vw\" class=\"wp-image-6740\" \/><\/span>\n\t\t\t<\/div>\n\t\t\t<\/div>\n\t\t\t\t\n\t\t\t\t\n\t\t\t\t\n\t\t\t\t\n\t\t\t<\/div><div class=\"et_d4_element et_pb_row et_pb_row_3  et_pb_css_mix_blend_mode et_block_row\">\n\t\t\t\t<div class=\"et_d4_element et_pb_column_4_4 et_pb_column et_pb_column_3  et_pb_css_mix_blend_mode et-last-child et_block_column\">\n\t\t\t\t\n\t\t\t\t\n\t\t\t\t\n\t\t\t\t\n\t\t\t\t<div class=\"et_pb_module et_d4_element et_pb_text et_pb_text_2  et_pb_text_align_left et_pb_bg_layout_light\">\n\t\t\t\t\n\t\t\t\t\n\t\t\t\t\n\t\t\t\t\n\t\t\t\t<div class=\"et_pb_text_inner\"><h5><span style=\"font-weight: 400;\">DEGENERACI\u00d3 MACULAR ASSOCIADA A L\u2019EDAT (DMAE)<\/span><\/h5><\/div>\n\t\t\t<\/div><div class=\"et_pb_module et_d4_element et_pb_text et_pb_text_3  et_pb_text_align_left et_pb_bg_layout_light\">\n\t\t\t\t\n\t\t\t\t\n\t\t\t\t\n\t\t\t\t\n\t\t\t\t<div class=\"et_pb_text_inner\"><p><span style=\"font-weight: 400;\">\u00c9s sens dubte la causa m\u00e9s freq\u00fcent de p\u00e8rdua de visi\u00f3 central. Es tracta d\u2019una malaltia degenerativa de la m\u00e0cula que provoca un deteriorament de les c\u00e8l\u00b7lules de la retina aix\u00ed com de l\u2019epiteli pigmentari de la retina. Existeixen dues formes cl\u00edniques de degeneraci\u00f3 macular: l\u2019atr\u00f2fica i l\u2019exsudativa. Actualment la forma atr\u00f2fica no t\u00e9 un tractament efectiu i \u00fanicament recomanem mantenir uns h\u00e0bits de vida saludables. Una dieta mediterr\u00e0nia correcta aix\u00ed com deixar de fumar poden ajudar a alentir l\u2019evoluci\u00f3 de la malaltia. La forma exsudativa es tracta avui dia mitjan\u00e7ant injeccions intav\u00edtries d\u2019antiangiogenics amb uns resultats molt bons.<\/span><\/p><\/div>\n\t\t\t<\/div><div class=\"et_pb_module et_d4_element et_pb_text et_pb_text_4  et_pb_text_align_left et_pb_bg_layout_light\">\n\t\t\t\t\n\t\t\t\t\n\t\t\t\t\n\t\t\t\t\n\t\t\t\t<div class=\"et_pb_text_inner\"><h5><span style=\"font-weight: 400;\">CORIORETINOPATIA SEROSA CENTRAL<\/span><\/h5><\/div>\n\t\t\t<\/div><div class=\"et_pb_module et_d4_element et_pb_text et_pb_text_5  et_pb_text_align_left et_pb_bg_layout_light\">\n\t\t\t\t\n\t\t\t\t\n\t\t\t\t\n\t\t\t\t\n\t\t\t\t<div class=\"et_pb_text_inner\"><p><span style=\"font-weight: 400;\">Es tracta d\u2019una malaltia que afecta generalment homes de mitjana edat i que sol produir disminuci\u00f3 de visi\u00f3 central. No \u00e9s una reducci\u00f3 tan greu com la de la DMAE, per\u00f2 at\u00e8s que afecta persones en edat laboral pot resultar molt invalidant. El factor de risc m\u00e9s important per a patir aquest problema \u00e9s l\u2019estr\u00e8s, seguit de la ingesta de corticoides. Recomanem reduir l\u2019estr\u00e8s i evitar, a tota costa, l\u2019\u00fas d\u2019esteroides. En el decurs dels mesos el problema sol reduir-se i la majoria de pacients no requereix tractament. Si passat el temps la CSC persist\u00eds es pot fer servir un tipus de l\u00e0ser, ter\u00e0pia fotodin\u00e0mica, per tal d\u2019intentar resoldre-la.<\/span><\/p><\/div>\n\t\t\t<\/div><div class=\"et_pb_module et_d4_element et_pb_text et_pb_text_6  et_pb_text_align_left et_pb_bg_layout_light\">\n\t\t\t\t\n\t\t\t\t\n\t\t\t\t\n\t\t\t\t\n\t\t\t\t<div class=\"et_pb_text_inner\"><h5><span style=\"font-weight: 400;\">FORAT MACULAR<\/span><\/h5><\/div>\n\t\t\t<\/div><div class=\"et_pb_module et_d4_element et_pb_text et_pb_text_7  et_pb_text_align_left et_pb_bg_layout_light\">\n\t\t\t\t\n\t\t\t\t\n\t\t\t\t\n\t\t\t\t\n\t\t\t\t<div class=\"et_pb_text_inner\"><p><span style=\"font-weight: 400;\">La discontinu\u00eftat de la retina a nivell macular es coneix com a forat macular. Aquesta patologia, que pot \u00e9sser deguda a m\u00faltiples causes, ocasiona una disminuci\u00f3 franca d\u2019agudesa visual. Una vegada establert un forat macular, el tractament ha d\u2019\u00e9sser quir\u00fargic.<\/span><\/p><\/div>\n\t\t\t<\/div>\n\t\t\t<\/div>\n\t\t\t\t\n\t\t\t\t\n\t\t\t\t\n\t\t\t\t\n\t\t\t<\/div><div class=\"et_d4_element et_pb_row et_pb_row_4  et_pb_css_mix_blend_mode et_block_row\">\n\t\t\t\t<div class=\"et_d4_element et_pb_column_4_4 et_pb_column et_pb_column_4  et_pb_css_mix_blend_mode et-last-child et_block_column\">\n\t\t\t\t\n\t\t\t\t\n\t\t\t\t\n\t\t\t\t\n\t\t\t\t<div class=\"et_pb_module et_d4_element et_pb_text et_pb_text_8  et_pb_text_align_left et_pb_bg_layout_light\">\n\t\t\t\t\n\t\t\t\t\n\t\t\t\t\n\t\t\t\t\n\t\t\t\t<div class=\"et_pb_text_inner\"><p><span style=\"font-weight: 400;\">Aquestes s\u00f3n les tres patologies m\u00e9s freq\u00fcents que cursen amb disminuci\u00f3 de visi\u00f3 central per\u00f2 no s\u00f3n les \u00faniques. Recomanem que, davant la pres\u00e8ncia d\u2019aquest s\u00edmptoma aneu r\u00e0pidament a l\u2019oftalm\u00f2leg per a explorar el fons d\u2019ull i, si fos necessari, portar a terme exploracions complement\u00e0ries.<\/span><\/p><\/div>\n\t\t\t<\/div>\n\t\t\t<\/div>\n\t\t\t\t\n\t\t\t\t\n\t\t\t\t\n\t\t\t\t\n\t\t\t<\/div>\n\t\t\t\t\n\t\t\t\t\n\t\t\t<\/div><\/p>\n","protected":false},"excerpt":{"rendered":"","protected":false},"author":1,"featured_media":0,"parent":0,"menu_order":0,"comment_status":"closed","ping_status":"closed","template":"","meta":{"_acf_changed":false,"_et_pb_use_builder":"on","_et_pb_old_content":"","_et_gb_content_width":"","footnotes":""},"class_list":["post-3246","page","type-page","status-publish","hentry"],"acf":[],"dsm_author":{"name":"vayawebs","avatar_url":"https:\/\/secure.gravatar.com\/avatar\/82c5a2f2db86b43a5b2705caddbdce70b2548d393c9107854cbd99403e987108?s=96&d=mm&r=g","archive_link":"https:\/\/garciadeoteyza.srvcactus.com\/ca\/author\/vayawebs\/","biodata":""},"dsm_categories":[],"dsm_attachment_categories":[],"dsm_featured_image":null,"yoast_head":"<!-- This site is optimized with the Yoast SEO plugin v27.2 - https:\/\/yoast.com\/product\/yoast-seo-wordpress\/ -->\n<title>P\u00c8RDUA DE VISI\u00d3 CENTRAL - Garc\u00eda de Oteyza<\/title>\n<meta name=\"description\" content=\"\u00bfQuieres conocer las principales causas posibles de p\u00e9rdida de visi\u00f3n central? Te contamos las tres patolog\u00edas m\u00e1s frecuentes que lo producen.\" \/>\n<meta name=\"robots\" content=\"index, follow, max-snippet:-1, max-image-preview:large, max-video-preview:-1\" \/>\n<link rel=\"canonical\" href=\"https:\/\/garciadeoteyza.srvcactus.com\/perdida-de-vision-central\/\" \/>\n<meta property=\"og:locale\" content=\"ca_ES\" \/>\n<meta property=\"og:type\" content=\"article\" \/>\n<meta property=\"og:title\" content=\"P\u00c8RDUA DE VISI\u00d3 CENTRAL - Garc\u00eda de Oteyza\" \/>\n<meta property=\"og:description\" content=\"\u00bfQuieres conocer las principales causas posibles de p\u00e9rdida de visi\u00f3n central? Te contamos las tres patolog\u00edas m\u00e1s frecuentes que lo producen.\" \/>\n<meta property=\"og:url\" content=\"https:\/\/garciadeoteyza.srvcactus.com\/perdida-de-vision-central\/\" \/>\n<meta property=\"og:site_name\" content=\"Garc\u00eda de Oteyza\" \/>\n<meta property=\"article:publisher\" content=\"https:\/\/www.facebook.com\/garciadeoteyza\/\" \/>\n<meta property=\"article:modified_time\" content=\"2023-02-09T02:08:46+00:00\" \/>\n<meta name=\"twitter:card\" content=\"summary_large_image\" \/>\n<meta name=\"twitter:label1\" content=\"Temps estimat de lectura\" \/>\n\t<meta name=\"twitter:data1\" content=\"5 minuts\" \/>\n<script type=\"application\/ld+json\" class=\"yoast-schema-graph\">{\"@context\":\"https:\/\/schema.org\",\"@graph\":[{\"@type\":\"WebPage\",\"@id\":\"https:\/\/garciadeoteyza.srvcactus.com\/perdida-de-vision-central\/\",\"url\":\"https:\/\/garciadeoteyza.srvcactus.com\/perdida-de-vision-central\/\",\"name\":\"P\u00c8RDUA DE VISI\u00d3 CENTRAL - Garc\u00eda de Oteyza\",\"isPartOf\":{\"@id\":\"https:\/\/garciadeoteyza.srvcactus.com\/it\/#website\"},\"datePublished\":\"2017-05-04T13:54:45+00:00\",\"dateModified\":\"2023-02-09T02:08:46+00:00\",\"description\":\"\u00bfQuieres conocer las principales causas posibles de p\u00e9rdida de visi\u00f3n central? Te contamos las tres patolog\u00edas m\u00e1s frecuentes que lo producen.\",\"breadcrumb\":{\"@id\":\"https:\/\/garciadeoteyza.srvcactus.com\/perdida-de-vision-central\/#breadcrumb\"},\"inLanguage\":\"ca\",\"potentialAction\":[{\"@type\":\"ReadAction\",\"target\":[\"https:\/\/garciadeoteyza.srvcactus.com\/perdida-de-vision-central\/\"]}]},{\"@type\":\"BreadcrumbList\",\"@id\":\"https:\/\/garciadeoteyza.srvcactus.com\/perdida-de-vision-central\/#breadcrumb\",\"itemListElement\":[{\"@type\":\"ListItem\",\"position\":1,\"name\":\"Home\",\"item\":\"https:\/\/garciadeoteyza.srvcactus.com\/\"},{\"@type\":\"ListItem\",\"position\":2,\"name\":\"P\u00c8RDUA DE VISI\u00d3 CENTRAL\"}]},{\"@type\":\"WebSite\",\"@id\":\"https:\/\/garciadeoteyza.srvcactus.com\/it\/#website\",\"url\":\"https:\/\/garciadeoteyza.srvcactus.com\/it\/\",\"name\":\"Garc\u00eda de Oteyza\",\"description\":\"Oftalmog\u00eda\",\"publisher\":{\"@id\":\"https:\/\/garciadeoteyza.srvcactus.com\/it\/#organization\"},\"potentialAction\":[{\"@type\":\"SearchAction\",\"target\":{\"@type\":\"EntryPoint\",\"urlTemplate\":\"https:\/\/garciadeoteyza.srvcactus.com\/it\/?s={search_term_string}\"},\"query-input\":{\"@type\":\"PropertyValueSpecification\",\"valueRequired\":true,\"valueName\":\"search_term_string\"}}],\"inLanguage\":\"ca\"},{\"@type\":\"Organization\",\"@id\":\"https:\/\/garciadeoteyza.srvcactus.com\/it\/#organization\",\"name\":\"Cl\u00ednica Oftalmol\u00f3gica Garc\u00eda de Oteyza\",\"url\":\"https:\/\/garciadeoteyza.srvcactus.com\/it\/\",\"logo\":{\"@type\":\"ImageObject\",\"inLanguage\":\"ca\",\"@id\":\"https:\/\/garciadeoteyza.srvcactus.com\/it\/#\/schema\/logo\/image\/\",\"url\":\"https:\/\/garciadeoteyza.srvcactus.com\/wp-content\/uploads\/2017\/06\/2017-06-20.gif\",\"contentUrl\":\"https:\/\/garciadeoteyza.srvcactus.com\/wp-content\/uploads\/2017\/06\/2017-06-20.gif\",\"width\":170,\"height\":134,\"caption\":\"Cl\u00ednica Oftalmol\u00f3gica Garc\u00eda de Oteyza\"},\"image\":{\"@id\":\"https:\/\/garciadeoteyza.srvcactus.com\/it\/#\/schema\/logo\/image\/\"},\"sameAs\":[\"https:\/\/www.facebook.com\/garciadeoteyza\/\",\"https:\/\/www.instagram.com\/clinicagarciadeoteyza\/\",\"https:\/\/www.linkedin.com\/in\/cl\u00ednica-oftalmol\u00f3gica-garc\u00eda-de-oteyza-a9622513a\/\",\"https:\/\/www.youtube.com\/channel\/UCoC9Jtfkg-5J_ySpN7admBg\"]}]}<\/script>\n<!-- \/ Yoast SEO plugin. -->","yoast_head_json":{"title":"P\u00c8RDUA DE VISI\u00d3 CENTRAL - Garc\u00eda de Oteyza","description":"\u00bfQuieres conocer las principales causas posibles de p\u00e9rdida de visi\u00f3n central? Te contamos las tres patolog\u00edas m\u00e1s frecuentes que lo producen.","robots":{"index":"index","follow":"follow","max-snippet":"max-snippet:-1","max-image-preview":"max-image-preview:large","max-video-preview":"max-video-preview:-1"},"canonical":"https:\/\/garciadeoteyza.srvcactus.com\/perdida-de-vision-central\/","og_locale":"ca_ES","og_type":"article","og_title":"P\u00c8RDUA DE VISI\u00d3 CENTRAL - Garc\u00eda de Oteyza","og_description":"\u00bfQuieres conocer las principales causas posibles de p\u00e9rdida de visi\u00f3n central? Te contamos las tres patolog\u00edas m\u00e1s frecuentes que lo producen.","og_url":"https:\/\/garciadeoteyza.srvcactus.com\/perdida-de-vision-central\/","og_site_name":"Garc\u00eda de Oteyza","article_publisher":"https:\/\/www.facebook.com\/garciadeoteyza\/","article_modified_time":"2023-02-09T02:08:46+00:00","twitter_card":"summary_large_image","twitter_misc":{"Temps estimat de lectura":"5 minuts"},"schema":{"@context":"https:\/\/schema.org","@graph":[{"@type":"WebPage","@id":"https:\/\/garciadeoteyza.srvcactus.com\/perdida-de-vision-central\/","url":"https:\/\/garciadeoteyza.srvcactus.com\/perdida-de-vision-central\/","name":"P\u00c8RDUA DE VISI\u00d3 CENTRAL - Garc\u00eda de Oteyza","isPartOf":{"@id":"https:\/\/garciadeoteyza.srvcactus.com\/it\/#website"},"datePublished":"2017-05-04T13:54:45+00:00","dateModified":"2023-02-09T02:08:46+00:00","description":"\u00bfQuieres conocer las principales causas posibles de p\u00e9rdida de visi\u00f3n central? Te contamos las tres patolog\u00edas m\u00e1s frecuentes que lo producen.","breadcrumb":{"@id":"https:\/\/garciadeoteyza.srvcactus.com\/perdida-de-vision-central\/#breadcrumb"},"inLanguage":"ca","potentialAction":[{"@type":"ReadAction","target":["https:\/\/garciadeoteyza.srvcactus.com\/perdida-de-vision-central\/"]}]},{"@type":"BreadcrumbList","@id":"https:\/\/garciadeoteyza.srvcactus.com\/perdida-de-vision-central\/#breadcrumb","itemListElement":[{"@type":"ListItem","position":1,"name":"Home","item":"https:\/\/garciadeoteyza.srvcactus.com\/"},{"@type":"ListItem","position":2,"name":"P\u00c8RDUA DE VISI\u00d3 CENTRAL"}]},{"@type":"WebSite","@id":"https:\/\/garciadeoteyza.srvcactus.com\/it\/#website","url":"https:\/\/garciadeoteyza.srvcactus.com\/it\/","name":"Garc\u00eda de Oteyza","description":"Oftalmog\u00eda","publisher":{"@id":"https:\/\/garciadeoteyza.srvcactus.com\/it\/#organization"},"potentialAction":[{"@type":"SearchAction","target":{"@type":"EntryPoint","urlTemplate":"https:\/\/garciadeoteyza.srvcactus.com\/it\/?s={search_term_string}"},"query-input":{"@type":"PropertyValueSpecification","valueRequired":true,"valueName":"search_term_string"}}],"inLanguage":"ca"},{"@type":"Organization","@id":"https:\/\/garciadeoteyza.srvcactus.com\/it\/#organization","name":"Cl\u00ednica Oftalmol\u00f3gica Garc\u00eda de Oteyza","url":"https:\/\/garciadeoteyza.srvcactus.com\/it\/","logo":{"@type":"ImageObject","inLanguage":"ca","@id":"https:\/\/garciadeoteyza.srvcactus.com\/it\/#\/schema\/logo\/image\/","url":"https:\/\/garciadeoteyza.srvcactus.com\/wp-content\/uploads\/2017\/06\/2017-06-20.gif","contentUrl":"https:\/\/garciadeoteyza.srvcactus.com\/wp-content\/uploads\/2017\/06\/2017-06-20.gif","width":170,"height":134,"caption":"Cl\u00ednica Oftalmol\u00f3gica Garc\u00eda de Oteyza"},"image":{"@id":"https:\/\/garciadeoteyza.srvcactus.com\/it\/#\/schema\/logo\/image\/"},"sameAs":["https:\/\/www.facebook.com\/garciadeoteyza\/","https:\/\/www.instagram.com\/clinicagarciadeoteyza\/","https:\/\/www.linkedin.com\/in\/cl\u00ednica-oftalmol\u00f3gica-garc\u00eda-de-oteyza-a9622513a\/","https:\/\/www.youtube.com\/channel\/UCoC9Jtfkg-5J_ySpN7admBg"]}]}},"_links":{"self":[{"href":"https:\/\/garciadeoteyza.srvcactus.com\/ca\/wp-json\/wp\/v2\/pages\/3246","targetHints":{"allow":["GET"]}}],"collection":[{"href":"https:\/\/garciadeoteyza.srvcactus.com\/ca\/wp-json\/wp\/v2\/pages"}],"about":[{"href":"https:\/\/garciadeoteyza.srvcactus.com\/ca\/wp-json\/wp\/v2\/types\/page"}],"author":[{"embeddable":true,"href":"https:\/\/garciadeoteyza.srvcactus.com\/ca\/wp-json\/wp\/v2\/users\/1"}],"replies":[{"embeddable":true,"href":"https:\/\/garciadeoteyza.srvcactus.com\/ca\/wp-json\/wp\/v2\/comments?post=3246"}],"version-history":[{"count":3,"href":"https:\/\/garciadeoteyza.srvcactus.com\/ca\/wp-json\/wp\/v2\/pages\/3246\/revisions"}],"predecessor-version":[{"id":7641,"href":"https:\/\/garciadeoteyza.srvcactus.com\/ca\/wp-json\/wp\/v2\/pages\/3246\/revisions\/7641"}],"wp:attachment":[{"href":"https:\/\/garciadeoteyza.srvcactus.com\/ca\/wp-json\/wp\/v2\/media?parent=3246"}],"curies":[{"name":"wp","href":"https:\/\/api.w.org\/{rel}","templated":true}]}}